{"id":6626,"date":"2023-05-16T12:41:27","date_gmt":"2023-05-16T10:41:27","guid":{"rendered":"http:\/\/www.laperle.tess5418.odns.fr\/wellness\/"},"modified":"2023-11-10T15:30:06","modified_gmt":"2023-11-10T14:30:06","slug":"wellness","status":"publish","type":"page","link":"https:\/\/www.hotelhorsetopera.com\/de\/paris-besuchen\/wellness\/","title":{"rendered":"Wellness"},"content":{"rendered":"\n<p class=\"has-text-align-justify\">K\u00fcmmern Sie sich um Ihr Wohlbefinden in der Atmosph\u00e4re des Opernviertels. Lassen Sie sich in luxuri\u00f6sen Spas, Yogastudios und Wellness-Zentren verw\u00f6hnen, die Ihnen eine entspannende Auszeit vom hektischen Stadtleben bieten. Entdecken Sie Behandlungen, verj\u00fcngende Massagen und ruhige Meditationsr\u00e4ume, die es Ihnen erm\u00f6glichen, in dieser lebhaften Stadt ein gewisses Gleichgewicht und innere Harmonie zu finden.   <\/p>\n\n<div class=\"wp-block-query is-layout-flow wp-block-query-is-layout-flow\"><ul class=\"columns-3 wp-block-post-template is-layout-grid wp-container-core-post-template-is-layout-6d3fbd8f wp-block-post-template-is-layout-grid\"><li class=\"wp-block-post post-8403 post type-post status-publish format-standard has-post-thumbnail hentry category-wellness\">\n<figure class=\"bordure-doree image-zoom wp-block-post-featured-image\"><a href=\"https:\/\/www.hotelhorsetopera.com\/de\/wellness\/l-usine\/\" target=\"_self\"  ><img loading=\"lazy\" decoding=\"async\" width=\"344\" height=\"173\" src=\"https:\/\/www.hotelhorsetopera.com\/wp-content\/uploads\/2016\/05\/well-being-l-usine-presentation-paris-jpg.webp\" class=\"attachment-post-thumbnail size-post-thumbnail wp-post-image\" alt=\"L&#8217;Usine\" style=\"object-fit:cover;\" title=\"\"><\/a><\/figure>\n\n<h2 class=\"has-text-align-center has-link-color wp-elements-ec4dad56195e23fcce3ffc0f4f79024b wp-block-post-title has-medium-font-size\"><a href=\"https:\/\/www.hotelhorsetopera.com\/de\/wellness\/l-usine\/\" target=\"_self\" >L&#8217;Usine<\/a><\/h2>\n<\/li><li class=\"wp-block-post post-8420 post type-post status-publish format-standard has-post-thumbnail hentry category-wellness\">\n<figure class=\"bordure-doree image-zoom wp-block-post-featured-image\"><a href=\"https:\/\/www.hotelhorsetopera.com\/de\/wellness\/spa-5-mondes\/\" target=\"_self\"  ><img loading=\"lazy\" decoding=\"async\" width=\"344\" height=\"173\" src=\"https:\/\/www.hotelhorsetopera.com\/wp-content\/uploads\/2016\/05\/well-being-spa-5-mondes-presentation-paris-jpg.webp\" class=\"attachment-post-thumbnail size-post-thumbnail wp-post-image\" alt=\"Spa 5 Mondes\" style=\"object-fit:cover;\" title=\"\"><\/a><\/figure>\n\n<h2 class=\"has-text-align-center has-link-color wp-elements-ec4dad56195e23fcce3ffc0f4f79024b wp-block-post-title has-medium-font-size\"><a href=\"https:\/\/www.hotelhorsetopera.com\/de\/wellness\/spa-5-mondes\/\" target=\"_self\" >Spa 5 Mondes<\/a><\/h2>\n<\/li><li class=\"wp-block-post post-8434 post type-post status-publish format-standard has-post-thumbnail hentry category-wellness\">\n<figure class=\"bordure-doree image-zoom wp-block-post-featured-image\"><a href=\"https:\/\/www.hotelhorsetopera.com\/de\/wellness\/decleor\/\" target=\"_self\"  ><img loading=\"lazy\" decoding=\"async\" width=\"344\" height=\"173\" src=\"https:\/\/www.hotelhorsetopera.com\/wp-content\/uploads\/2016\/05\/well-being-decleor-presentation-paris-jpg.webp\" class=\"attachment-post-thumbnail size-post-thumbnail wp-post-image\" alt=\"D\u00e9cleor\" style=\"object-fit:cover;\" title=\"\"><\/a><\/figure>\n\n<h2 class=\"has-text-align-center has-link-color wp-elements-ec4dad56195e23fcce3ffc0f4f79024b wp-block-post-title has-medium-font-size\"><a href=\"https:\/\/www.hotelhorsetopera.com\/de\/wellness\/decleor\/\" target=\"_self\" >D\u00e9cleor<\/a><\/h2>\n<\/li><li class=\"wp-block-post post-8456 post type-post status-publish format-standard has-post-thumbnail hentry category-wellness\">\n<figure class=\"bordure-doree image-zoom wp-block-post-featured-image\"><a href=\"https:\/\/www.hotelhorsetopera.com\/de\/wellness\/spa-nuxe-montorgueuil\/\" target=\"_self\"  ><img loading=\"lazy\" decoding=\"async\" width=\"344\" height=\"173\" src=\"https:\/\/www.hotelhorsetopera.com\/wp-content\/uploads\/2016\/05\/well-being-spa-nuxe-montorgueil-presentation-paris-jpg.webp\" class=\"attachment-post-thumbnail size-post-thumbnail wp-post-image\" alt=\"Spa Nuxe Montorgueuil\" style=\"object-fit:cover;\" title=\"\"><\/a><\/figure>\n\n<h2 class=\"has-text-align-center has-link-color wp-elements-ec4dad56195e23fcce3ffc0f4f79024b wp-block-post-title has-medium-font-size\"><a href=\"https:\/\/www.hotelhorsetopera.com\/de\/wellness\/spa-nuxe-montorgueuil\/\" target=\"_self\" >Spa Nuxe Montorgueuil<\/a><\/h2>\n<\/li><li class=\"wp-block-post post-8486 post type-post status-publish format-standard has-post-thumbnail hentry category-wellness\">\n<figure class=\"bordure-doree image-zoom wp-block-post-featured-image\"><a href=\"https:\/\/www.hotelhorsetopera.com\/de\/wellness\/tuilerien-garten\/\" target=\"_self\"  ><img loading=\"lazy\" decoding=\"async\" width=\"344\" height=\"173\" src=\"https:\/\/www.hotelhorsetopera.com\/wp-content\/uploads\/2016\/05\/well-being-tuileries-garden-presentation-paris-jpg.webp\" class=\"attachment-post-thumbnail size-post-thumbnail wp-post-image\" alt=\"Tuilerien-Garten\" style=\"object-fit:cover;\" title=\"\"><\/a><\/figure>\n\n<h2 class=\"has-text-align-center has-link-color wp-elements-ec4dad56195e23fcce3ffc0f4f79024b wp-block-post-title has-medium-font-size\"><a href=\"https:\/\/www.hotelhorsetopera.com\/de\/wellness\/tuilerien-garten\/\" target=\"_self\" >Tuilerien-Garten<\/a><\/h2>\n<\/li><li class=\"wp-block-post post-8502 post type-post status-publish format-standard has-post-thumbnail hentry category-wellness\">\n<figure class=\"bordure-doree image-zoom wp-block-post-featured-image\"><a href=\"https:\/\/www.hotelhorsetopera.com\/de\/wellness\/massage-in-ihrem-zimmer\/\" target=\"_self\"  ><img loading=\"lazy\" decoding=\"async\" width=\"344\" height=\"173\" src=\"https:\/\/www.hotelhorsetopera.com\/wp-content\/uploads\/2016\/05\/well-being-in-your-room-massage-presentation-jpg.webp\" class=\"attachment-post-thumbnail size-post-thumbnail wp-post-image\" alt=\"Massage in Ihrem Zimmer\" style=\"object-fit:cover;\" title=\"\"><\/a><\/figure>\n\n<h2 class=\"has-text-align-center has-link-color wp-elements-ec4dad56195e23fcce3ffc0f4f79024b wp-block-post-title has-medium-font-size\"><a href=\"https:\/\/www.hotelhorsetopera.com\/de\/wellness\/massage-in-ihrem-zimmer\/\" target=\"_self\" >Massage in Ihrem Zimmer<\/a><\/h2>\n<\/li><\/ul>\n\n<\/div>\n","protected":false},"excerpt":{"rendered":"<p>K\u00fcmmern Sie sich um Ihr Wohlbefinden in der Atmosph\u00e4re des Opernviertels. Lassen Sie sich in luxuri\u00f6sen Spas, Yogastudios und Wellness-Zentren verw\u00f6hnen, die Ihnen eine entspannende Auszeit vom hektischen Stadtleben bieten. Entdecken Sie Behandlungen, verj\u00fcngende Massagen und ruhige Meditationsr\u00e4ume, die es Ihnen erm\u00f6glichen, in dieser lebhaften Stadt ein gewisses Gleichgewicht und innere Harmonie zu finden.<\/p>\n","protected":false},"author":1,"featured_media":14544,"parent":6652,"menu_order":4,"comment_status":"closed","ping_status":"closed","template":"wp-custom-template-le-template-des-pages-2023","meta":{"footnotes":""},"class_list":["post-6626","page","type-page","status-publish","has-post-thumbnail","hentry"],"_links":{"self":[{"href":"https:\/\/www.hotelhorsetopera.com\/de\/wp-json\/wp\/v2\/pages\/6626","targetHints":{"allow":["GET"]}}],"collection":[{"href":"https:\/\/www.hotelhorsetopera.com\/de\/wp-json\/wp\/v2\/pages"}],"about":[{"href":"https:\/\/www.hotelhorsetopera.com\/de\/wp-json\/wp\/v2\/types\/page"}],"author":[{"embeddable":true,"href":"https:\/\/www.hotelhorsetopera.com\/de\/wp-json\/wp\/v2\/users\/1"}],"replies":[{"embeddable":true,"href":"https:\/\/www.hotelhorsetopera.com\/de\/wp-json\/wp\/v2\/comments?post=6626"}],"version-history":[{"count":0,"href":"https:\/\/www.hotelhorsetopera.com\/de\/wp-json\/wp\/v2\/pages\/6626\/revisions"}],"up":[{"embeddable":true,"href":"https:\/\/www.hotelhorsetopera.com\/de\/wp-json\/wp\/v2\/pages\/6652"}],"wp:featuredmedia":[{"embeddable":true,"href":"https:\/\/www.hotelhorsetopera.com\/de\/wp-json\/wp\/v2\/media\/14544"}],"wp:attachment":[{"href":"https:\/\/www.hotelhorsetopera.com\/de\/wp-json\/wp\/v2\/media?parent=6626"}],"curies":[{"name":"wp","href":"https:\/\/api.w.org\/{rel}","templated":true}]}}