{"id":6638,"date":"2023-05-21T09:40:07","date_gmt":"2023-05-21T07:40:07","guid":{"rendered":"http:\/\/www.laperle.tess5418.odns.fr\/restaurants\/"},"modified":"2023-11-09T12:01:36","modified_gmt":"2023-11-09T11:01:36","slug":"restaurants","status":"publish","type":"page","link":"https:\/\/www.hotelhorsetopera.com\/de\/paris-besuchen\/restaurants\/","title":{"rendered":"Restaurants"},"content":{"rendered":"\n<p class=\"has-text-align-justify\">Begeben Sie sich auf eine kulinarische Reise nach Paris, wo Sie eine Welt voller gastronomischer K\u00f6stlichkeiten erwartet. Von Michelin-Stern-Restaurants bis hin zu charmanten Bistros und trendigen Caf\u00e9s bietet die Stadt eine vielf\u00e4ltige Restaurantszene. Lassen Sie sich von der exquisiten franz\u00f6sischen K\u00fcche verw\u00f6hnen, genie\u00dfen Sie k\u00f6stliches Geb\u00e4ck und entdecken Sie internationale Geschmacksrichtungen. Die Pariser Restaurants versprechen ein unvergessliches kulinarisches Erlebnis. <\/p>\n\n<div class=\"wp-block-query is-layout-flow wp-block-query-is-layout-flow\"><ul class=\"columns-3 wp-block-post-template is-layout-grid wp-container-core-post-template-is-layout-6d3fbd8f wp-block-post-template-is-layout-grid\"><li class=\"wp-block-post post-8644 post type-post status-publish format-standard has-post-thumbnail hentry category-restaurants-de\">\n<figure class=\"bordure-doree image-zoom wp-block-post-featured-image\"><a href=\"https:\/\/www.hotelhorsetopera.com\/de\/restaurants-de\/l-absinthe\/\" target=\"_self\"  ><img loading=\"lazy\" decoding=\"async\" width=\"344\" height=\"173\" src=\"https:\/\/www.hotelhorsetopera.com\/wp-content\/uploads\/2016\/05\/restaurant-l-absynthe-presentation-paris-jpg.webp\" class=\"attachment-post-thumbnail size-post-thumbnail wp-post-image\" alt=\"L&#8217;Absinthe\" style=\"object-fit:cover;\" title=\"\"><span class=\"wp-block-post-featured-image__overlay has-background-dim has-background-dim-10\" style=\"\" aria-hidden=\"true\"><\/span><\/a><\/figure>\n\n<h2 class=\"has-text-align-center has-link-color wp-elements-ec4dad56195e23fcce3ffc0f4f79024b wp-block-post-title has-medium-font-size\"><a href=\"https:\/\/www.hotelhorsetopera.com\/de\/restaurants-de\/l-absinthe\/\" target=\"_self\" >L&#8217;Absinthe<\/a><\/h2>\n<\/li><li class=\"wp-block-post post-8658 post type-post status-publish format-standard has-post-thumbnail hentry category-restaurants-de\">\n<figure class=\"bordure-doree image-zoom wp-block-post-featured-image\"><a href=\"https:\/\/www.hotelhorsetopera.com\/de\/restaurants-de\/le-gallopin\/\" target=\"_self\"  ><img loading=\"lazy\" decoding=\"async\" width=\"344\" height=\"173\" src=\"https:\/\/www.hotelhorsetopera.com\/wp-content\/uploads\/2016\/05\/Gallopin-presentation-paris-jpg.webp\" class=\"attachment-post-thumbnail size-post-thumbnail wp-post-image\" alt=\"Le Gallopin\" style=\"object-fit:cover;\" title=\"\"><span class=\"wp-block-post-featured-image__overlay has-background-dim has-background-dim-10\" style=\"\" aria-hidden=\"true\"><\/span><\/a><\/figure>\n\n<h2 class=\"has-text-align-center has-link-color wp-elements-ec4dad56195e23fcce3ffc0f4f79024b wp-block-post-title has-medium-font-size\"><a href=\"https:\/\/www.hotelhorsetopera.com\/de\/restaurants-de\/le-gallopin\/\" target=\"_self\" >Le Gallopin<\/a><\/h2>\n<\/li><li class=\"wp-block-post post-8677 post type-post status-publish format-standard has-post-thumbnail hentry category-restaurants-de\">\n<figure class=\"bordure-doree image-zoom wp-block-post-featured-image\"><a href=\"https:\/\/www.hotelhorsetopera.com\/de\/restaurants-de\/goumard\/\" target=\"_self\"  ><img loading=\"lazy\" decoding=\"async\" width=\"344\" height=\"173\" src=\"https:\/\/www.hotelhorsetopera.com\/wp-content\/uploads\/2016\/05\/Goumard-presentation-paris-jpg.webp\" class=\"attachment-post-thumbnail size-post-thumbnail wp-post-image\" alt=\"Goumard\" style=\"object-fit:cover;\" title=\"\"><span class=\"wp-block-post-featured-image__overlay has-background-dim has-background-dim-10\" style=\"\" aria-hidden=\"true\"><\/span><\/a><\/figure>\n\n<h2 class=\"has-text-align-center has-link-color wp-elements-ec4dad56195e23fcce3ffc0f4f79024b wp-block-post-title has-medium-font-size\"><a href=\"https:\/\/www.hotelhorsetopera.com\/de\/restaurants-de\/goumard\/\" target=\"_self\" >Goumard<\/a><\/h2>\n<\/li><li class=\"wp-block-post post-8696 post type-post status-publish format-standard has-post-thumbnail hentry category-restaurants-de\">\n<figure class=\"bordure-doree image-zoom wp-block-post-featured-image\"><a href=\"https:\/\/www.hotelhorsetopera.com\/de\/restaurants-de\/la-fontaine-gaillon\/\" target=\"_self\"  ><img loading=\"lazy\" decoding=\"async\" width=\"344\" height=\"173\" src=\"https:\/\/www.hotelhorsetopera.com\/wp-content\/uploads\/2016\/05\/restaurant-la-fontaine-gaillon-presentation-paris-jpg.webp\" class=\"attachment-post-thumbnail size-post-thumbnail wp-post-image\" alt=\"La Fontaine Gaillon\" style=\"object-fit:cover;\" title=\"\"><span class=\"wp-block-post-featured-image__overlay has-background-dim has-background-dim-10\" style=\"\" aria-hidden=\"true\"><\/span><\/a><\/figure>\n\n<h2 class=\"has-text-align-center has-link-color wp-elements-ec4dad56195e23fcce3ffc0f4f79024b wp-block-post-title has-medium-font-size\"><a href=\"https:\/\/www.hotelhorsetopera.com\/de\/restaurants-de\/la-fontaine-gaillon\/\" target=\"_self\" >La Fontaine Gaillon<\/a><\/h2>\n<\/li><li class=\"wp-block-post post-8715 post type-post status-publish format-standard has-post-thumbnail hentry category-restaurants-de\">\n<figure class=\"bordure-doree image-zoom wp-block-post-featured-image\"><a href=\"https:\/\/www.hotelhorsetopera.com\/de\/restaurants-de\/madonna\/\" target=\"_self\"  ><img loading=\"lazy\" decoding=\"async\" width=\"344\" height=\"173\" src=\"https:\/\/www.hotelhorsetopera.com\/wp-content\/uploads\/2016\/05\/madonna-restaurant-paris-presentation-jpg.webp\" class=\"attachment-post-thumbnail size-post-thumbnail wp-post-image\" alt=\"Madonna\" style=\"object-fit:cover;\" title=\"\"><span class=\"wp-block-post-featured-image__overlay has-background-dim has-background-dim-10\" style=\"\" aria-hidden=\"true\"><\/span><\/a><\/figure>\n\n<h2 class=\"has-text-align-center has-link-color wp-elements-ec4dad56195e23fcce3ffc0f4f79024b wp-block-post-title has-medium-font-size\"><a href=\"https:\/\/www.hotelhorsetopera.com\/de\/restaurants-de\/madonna\/\" target=\"_self\" >Madonna<\/a><\/h2>\n<\/li><li class=\"wp-block-post post-8730 post type-post status-publish format-standard has-post-thumbnail hentry category-restaurants-de\">\n<figure class=\"bordure-doree image-zoom wp-block-post-featured-image\"><a href=\"https:\/\/www.hotelhorsetopera.com\/de\/restaurants-de\/le-cafe-de-la-paix\/\" target=\"_self\"  ><img loading=\"lazy\" decoding=\"async\" width=\"344\" height=\"173\" src=\"https:\/\/www.hotelhorsetopera.com\/wp-content\/uploads\/2016\/05\/Cafe-de-la-paix-presentation-paris-jpg.webp\" class=\"attachment-post-thumbnail size-post-thumbnail wp-post-image\" alt=\"Le Caf\u00e9 de la Paix\" style=\"object-fit:cover;\" title=\"\"><span class=\"wp-block-post-featured-image__overlay has-background-dim has-background-dim-10\" style=\"\" aria-hidden=\"true\"><\/span><\/a><\/figure>\n\n<h2 class=\"has-text-align-center has-link-color wp-elements-ec4dad56195e23fcce3ffc0f4f79024b wp-block-post-title has-medium-font-size\"><a href=\"https:\/\/www.hotelhorsetopera.com\/de\/restaurants-de\/le-cafe-de-la-paix\/\" target=\"_self\" >Le Caf\u00e9 de la Paix<\/a><\/h2>\n<\/li><\/ul>\n\n<\/div>\n","protected":false},"excerpt":{"rendered":"<p>Begeben Sie sich auf eine kulinarische Reise nach Paris, wo Sie eine Welt voller gastronomischer K\u00f6stlichkeiten erwartet. Von Michelin-Stern-Restaurants bis hin zu charmanten Bistros und trendigen Caf\u00e9s bietet die Stadt eine vielf\u00e4ltige Restaurantszene. Lassen Sie sich von der exquisiten franz\u00f6sischen K\u00fcche verw\u00f6hnen, genie\u00dfen Sie k\u00f6stliches Geb\u00e4ck und entdecken Sie internationale Geschmacksrichtungen. Die Pariser Restaurants versprechen [&hellip;]<\/p>\n","protected":false},"author":2,"featured_media":14560,"parent":6652,"menu_order":0,"comment_status":"closed","ping_status":"closed","template":"wp-custom-template-le-template-des-pages-2023","meta":{"footnotes":""},"class_list":["post-6638","page","type-page","status-publish","has-post-thumbnail","hentry"],"_links":{"self":[{"href":"https:\/\/www.hotelhorsetopera.com\/de\/wp-json\/wp\/v2\/pages\/6638","targetHints":{"allow":["GET"]}}],"collection":[{"href":"https:\/\/www.hotelhorsetopera.com\/de\/wp-json\/wp\/v2\/pages"}],"about":[{"href":"https:\/\/www.hotelhorsetopera.com\/de\/wp-json\/wp\/v2\/types\/page"}],"author":[{"embeddable":true,"href":"https:\/\/www.hotelhorsetopera.com\/de\/wp-json\/wp\/v2\/users\/2"}],"replies":[{"embeddable":true,"href":"https:\/\/www.hotelhorsetopera.com\/de\/wp-json\/wp\/v2\/comments?post=6638"}],"version-history":[{"count":0,"href":"https:\/\/www.hotelhorsetopera.com\/de\/wp-json\/wp\/v2\/pages\/6638\/revisions"}],"up":[{"embeddable":true,"href":"https:\/\/www.hotelhorsetopera.com\/de\/wp-json\/wp\/v2\/pages\/6652"}],"wp:featuredmedia":[{"embeddable":true,"href":"https:\/\/www.hotelhorsetopera.com\/de\/wp-json\/wp\/v2\/media\/14560"}],"wp:attachment":[{"href":"https:\/\/www.hotelhorsetopera.com\/de\/wp-json\/wp\/v2\/media?parent=6638"}],"curies":[{"name":"wp","href":"https:\/\/api.w.org\/{rel}","templated":true}]}}