{"id":6723,"date":"2023-05-29T22:40:22","date_gmt":"2023-05-29T20:40:22","guid":{"rendered":"http:\/\/www.laperle.tess5418.odns.fr\/karte-anfahrt\/"},"modified":"2025-03-11T15:40:09","modified_gmt":"2025-03-11T14:40:09","slug":"karte-anfahrt","status":"publish","type":"page","link":"https:\/\/www.hotelhorsetopera.com\/de\/karte-anfahrt\/","title":{"rendered":"Karte &amp; Anfahrt"},"content":{"rendered":"\n<h2 class=\"wp-block-heading\">Standort des Hotels<\/h2>\n\n<p class=\"has-custom-contrast-color has-text-color has-link-color wp-elements-a4121c01ceed6ea5535f57556bd46a81\">Entdecken Sie die lebendige Umgebung des Hotel Horset Op\u00e9ra im Herzen von Paris. Lassen Sie sich von unseren Mitarbeitern an der Rezeption wertvolle Tipps und Empfehlungen geben, um Ihre Erkundungstouren durch Paris zu bereichern.  <a href=\"\/en\/?page_id=980\">Entdecken Sie ikonische Wahrzeichen, trendige Boutiquen und kulturelle Hotspots nur wenige Minuten von unserer T\u00fcr entfernt<\/a><\/p>\n\n<p class=\"has-text-align-justify has-link-color wp-elements-165ad12ad79783c67fab76c98e41b2c2\"><\/p>\n<style type=\"text\/css\" id=\"gmpMapStyles_1_66071\">\r\n\t#google_map_easy_1_66071 {\r\n        width: 100%;\r\n        height: 550px;\r\n\t\t\t\t\t\t    }\r\n\t#gmapControlsNum_1_66071 {\r\n\t\twidth:100%\t}\r\n\t.gmpMapDetailsContainer#gmpMapDetailsContainer_1_66071 {\r\n\t\theight:550px;\r\n\t}\r\n\t.gmp_MapPreview#google_map_easy_1_66071 {\r\n\t\t\/*position:absolute;*\/\r\n\t\twidth: 100%;\r\n\t}\r\n\t#mapConElem_1_66071{\r\n\t\twidth: 100%\t}\r\n    .gm-style .gm-style-iw-c{\r\n        padding: 12px!important;\r\n    }\r\n\t    <\/style>\r\n <div class=\"gmp_map_opts\" id=\"mapConElem_1_66071\" data-id=\"1\" data-view-id=\"1_66071\" > <div class=\"gmpMapDetailsContainer\" id=\"gmpMapDetailsContainer_1_66071\"> <i class=\"gmpKMLLayersPreloader fa fa-spinner fa-spin\" aria-hidden=\"true\" style=\"display: none;\"><\/i> <div class=\"gmp_MapPreview \" id=\"google_map_easy_1_66071\"><\/div> <\/div> <div class=\"gmpMapMarkerFilters\" id=\"gmpMapMarkerFilters_1_66071\"> <\/div> <div class=\"gmpMapProControlsCon\" id=\"gmpMapProControlsCon_1_66071\"> <a title=\"WP Google Maps\" style=\"display:none;\" href=\"https:\/\/supsystic.com\/plugins\/google-maps-plugin\/?utm_medium=love_link_hide\" target=\"_blank\" rel=\"noopener\">WP Google Maps<\/a><div style=\"clear: both;\"><\/div> <\/div> <div class=\"gmpMapProDirectionsCon\" id=\"gmpMapProDirectionsCon_1_66071\" > <\/div> <div class=\"gmpMapProKmlFilterCon\" id=\"gmpMapProKmlFilterCon_1_66071\" > <\/div> <div class=\"gmpSocialSharingShell gmpSocialSharingShell_1_66071\"> <\/div> <div style=\"clear: both;\"><\/div> <\/div> \n\n<hr class=\"wp-block-separator has-text-color has-custom-primary-color has-alpha-channel-opacity has-custom-primary-background-color has-background is-style-wide\" style=\"width: 200px; max-width: 100%;margin-top:var(--wp--preset--spacing--40);margin-bottom:0\"\/>\n\n\n\n<hr class=\"wp-block-separator aligncenter has-text-color has-custom-primary-color has-alpha-channel-opacity has-custom-primary-background-color has-background\" style=\"width: 300px; max-width: 100%;margin-top:5px\"\/>\n\n\n\n<hr class=\"wp-block-separator aligncenter has-text-color has-custom-primary-color has-alpha-channel-opacity has-custom-primary-background-color has-background\" style=\"width: 200px; max-width: 100%;margin-top:5px;margin-bottom:var(--wp--preset--spacing--30)\"\/>\n\n<h2 class=\"wp-block-heading\">Wie Sie das Hotel erreichen<\/h2>\n\n<p class=\"has-large-font-size\"><strong>Von den Pariser Flugh\u00e4fen<\/strong><\/p>\n\n<ul class=\"wp-block-list\">\n<li><strong>Flughafen Charles de Gaulle (CDG)<\/strong><\/li>\n<\/ul>\n\n<p class=\"has-text-align-justify\" style=\"margin-top:0;margin-right:0;margin-bottom:0;margin-left:0;padding-top:0;padding-right:0;padding-bottom:0;padding-left:0\"><strong>Mit dem Taxi <\/strong>: Ca. 1 Stunde &#8211; Der Preis f\u00fcr ein normales Taxi, das an einem Taxistand abgeholt wird, ist festgelegt und betr\u00e4gt 56 \u20ac inklusive Gep\u00e4ck. Seien Sie vorsichtig mit falschen Taxifahrern und lassen Sie sich den Preis best\u00e4tigen, bevor Sie ins Auto einsteigen.<\/p>\n\n<p class=\"has-text-align-justify\" style=\"margin-top:0;margin-right:0;margin-bottom:0;margin-left:0\">Wir k\u00f6nnen auch eine Abholung vom Flughafen f\u00fcr Sie arrangieren, da wir mit mehreren Unternehmen zusammenarbeiten. Dies ist teurer, da der Fahrer parken und auf Sie warten muss. Er wird Ihnen mit dem Gep\u00e4ck helfen und nach dem Zoll mit einem Schild auf Ihrem Namen auf Sie warten. Rate auf Anfrage.<\/p>\n\n<p class=\"has-text-align-justify\" style=\"margin-top:0;margin-right:0;margin-bottom:0;margin-left:0;padding-top:0;padding-right:0;padding-bottom:0;padding-left:0\">Der Transfer vom Hotel zum Flughafen ist preiswerter, da der Fahrer nicht parken und auf Sie warten muss. <\/p>\n\n<p class=\"has-text-align-justify\" style=\"margin-top:0;margin-right:0;margin-bottom:0;margin-left:0;padding-top:0;padding-right:0;padding-bottom:0;padding-left:0\"><strong>Mit dem Zug:<\/strong> ca. 1 Stunde \u2013 Sie k\u00f6nnen auch den Zug RER B am Flughafen zum Bahnhof Chatelet Les Halles nehmen und dann die U-Bahn-Linie 7 nehmen und an der Haltestelle Op\u00e9ra (220 Meter vom Hotel entfernt) aussteigen.<\/p>\n\n<ul class=\"wp-block-list\">\n<li><strong>Flughafen Orly (ORY)<\/strong><\/li>\n<\/ul>\n\n<p class=\"has-text-align-justify\" style=\"margin-top:0;margin-right:0;margin-bottom:0;margin-left:0\"><strong><strong>Mit dem Taxi <\/strong><\/strong>: Ca. 50 Minuten &#8211; Der Preis f\u00fcr ein normales Taxi, das an einem Taxistand abgeholt wird, ist festgelegt und betr\u00e4gt 45 \u20ac inklusive Gep\u00e4ck. Seien Sie vorsichtig mit falschen Taxifahrern und lassen Sie sich den Preis best\u00e4tigen, bevor Sie ins Auto einsteigen.<\/p>\n\n<p class=\"has-text-align-justify\" style=\"margin-top:0;margin-right:0;margin-bottom:0;margin-left:0;padding-top:0;padding-right:0;padding-bottom:0;padding-left:0\">Wir k\u00f6nnen auch eine Abholung vom Flughafen f\u00fcr Sie arrangieren, da wir mit mehreren Unternehmen zusammenarbeiten. Dies ist teurer, da der Fahrer parken und auf Sie warten muss. Er wird Ihnen mit dem Gep\u00e4ck helfen und nach dem Zoll mit einem Schild auf Ihrem Namen auf Sie warten. Rate auf Anfrage.<\/p>\n\n<p class=\"has-text-align-justify\" style=\"margin-top:0;margin-right:0;margin-bottom:0;margin-left:0;padding-top:0;padding-right:0;padding-bottom:0;padding-left:0\">Der Transfer vom Hotel zum Flughafen ist preiswerter, da der Fahrer nicht parken und auf Sie warten muss. <\/p>\n\n<p style=\"margin-top:0;margin-bottom:0;padding-top:0;padding-bottom:0\"><strong>Mit dem Bus<\/strong>: Etwa 1 Stunde &#8211; Nehmen Sie den Roissybus an der Kreuzung der Rue Scribe und der Rue Auber, etwa 7 Minuten Fu\u00dfweg vom Hotel entfernt. Der Roissybus f\u00e4hrt direkt zum Flughafen Charles de Gaulle. <\/p>\n\n<p class=\"has-text-align-justify\" style=\"margin-top:0;margin-right:0;margin-bottom:0;margin-left:0;padding-top:0;padding-right:0;padding-bottom:0;padding-left:0\"><strong>Mit dem Zug :<\/strong> Etwa 1 Stunde \u2013 Sie m\u00fcssten zweimal umsteigen: Nehmen Sie am Flughafen den Orlyval und halten Sie an der Haltestelle Anthony. Dann steigen Sie in die RER B um und steigen an der Station \u201eChatelet Les Halles\u201c aus. Dort umsteigen in den RER A und Ausstieg an der Station \u201eAuber\u201c (550 Meter vom Hotel entfernt).  <\/p>\n\n<p class=\"has-text-align-justify has-large-font-size\"><strong>Von den Pariser Bahnh\u00f6fen<\/strong><\/p>\n\n<ul class=\"wp-block-list\">\n<li><strong>Gare du Nord <\/strong><\/li>\n<\/ul>\n\n<p class=\"has-text-align-justify\" style=\"margin-top:0;margin-right:0;margin-bottom:0;margin-left:0\"><strong>Mit dem Taxi :<\/strong> Je nach Verkehrslage betr\u00e4gt die Fahrzeit etwa 20 Minuten.<\/p>\n\n<p class=\"has-text-align-justify\" style=\"margin-top:0;margin-right:0;margin-bottom:0;margin-left:0\"><strong>Mit dem metro :<\/strong> Etwa 20 Minuten \u2013 Nehmen Sie vom Bahnhof Gare du Nord die Metrolinie 4 und steigen Sie an der Station \u201eR\u00e9aumur S\u00e9bastopol\u201c aus. Steigen Sie dann in die Metrolinie 3 um und steigen Sie an der Station \u201eQuatre Septembre\u201c aus (300 Meter vom Hotel entfernt).<\/p>\n\n<ul class=\"wp-block-list\">\n<li><strong>Bahnhof Montparnasse<\/strong><\/li>\n<\/ul>\n\n<p class=\"has-text-align-justify\" style=\"margin-top:0;margin-right:0;margin-bottom:0;margin-left:0\"><strong>Mit dem Taxi :<\/strong> Je nach Verkehrslage betr\u00e4gt die Fahrzeit etwa 20 Minuten.<\/p>\n\n<p class=\"has-text-align-justify\" style=\"margin-top:0;margin-right:0;margin-bottom:0;margin-left:0\"><strong>Mit dem metro :<\/strong> Etwa 20 Minuten \u2013 Von der Station \u201eMontparnasse Bienvenue\u201c nehmen Sie die Metrolinie 13 und steigen an der Station \u201eInvalides\u201c aus. Nehmen Sie dann die Metrolinie 8 und steigen Sie an der Station \u201eOp\u00e9ra\u201c aus (300 Meter vom Hotel entfernt).<\/p>\n\n<ul class=\"wp-block-list\">\n<li><strong>Gare de Lyon<\/strong><\/li>\n<\/ul>\n\n<p class=\"has-text-align-justify\" style=\"margin-top:0;margin-right:0;margin-bottom:0;margin-left:0\"><strong>Mit dem Taxi :<\/strong> Je nach Verkehrslage betr\u00e4gt die Fahrzeit etwa 20 Minuten.<\/p>\n\n<p class=\"has-text-align-justify\" style=\"margin-top:0;margin-right:0;margin-bottom:0;margin-left:0\"><strong>Mit dem metro :<\/strong> Etwa 15 Minuten \u2013 Vom Bahnhof \u201eGare de Lyon\u201c nehmen Sie die U-Bahn-Linie 14 und steigen an der Station \u201ePyramides\u201c aus (450 Meter vom Hotel entfernt).<\/p>\n\n<p class=\"has-text-align-justify has-large-font-size\"><strong>Von den Pariser Metrostationen<\/strong><\/p>\n\n<ul class=\"wp-block-list\">\n<li>&#8222;<strong>Op\u00e9ra&#8220; station<\/strong><\/li>\n<\/ul>\n\n<p class=\"has-text-align-justify\" style=\"margin-top:0;margin-right:0;margin-bottom:0;margin-left:0\"><strong>Zu Fu\u00df<\/strong>: 280 Meter &#8211; 4 Minuten &#8211; Von der Metrostation \u201eOp\u00e9ra\u201c gehen Sie etwa 70 Meter auf dem Place de l&#8217;Op\u00e9ra in Richtung S\u00fcden. Biegen Sie links in die Rue du 4 septembre ein und gehen Sie 110 m. Biegen Sie rechts in die Rue du Port-Mahon ein und gehen Sie 70 m. Biegen Sie rechts in die Rue d&#8217;Antin ein und gehen Sie 40 m. Sie finden das Hotel Horset Op\u00e9ra auf der linken Seite.<\/p>\n\n<ul class=\"wp-block-list\">\n<li>&#8222;<strong>Quatre Septembre&#8220; station<\/strong><\/li>\n<\/ul>\n\n<p class=\"has-text-align-justify\" style=\"margin-top:0;margin-right:0;margin-bottom:0;margin-left:0\"><strong>Zu Fu\u00df:<\/strong> 250 Meter &#8211; 3 Minuten &#8211; Von der Metrostation \u201eQuatre-septembre\u201c gehen Sie etwa 150 Meter auf der Rue du 4 septembre in Richtung Westen. Biegen Sie links in die Rue de Port-Mahon ein, gehen Sie 70 Meter und biegen Sie rechts in die Rue d&#8217;Antin ein und gehen Sie 40 Meter weiter, dann finden Sie das Hotel Horset Op\u00e9ra auf der linken Seite.<\/p>\n\n<ul class=\"wp-block-list\">\n<li>&#8222;<strong>Auber&#8220; station<\/strong><\/li>\n<\/ul>\n\n<p class=\"has-text-align-justify\" style=\"margin-top:0;margin-right:0;margin-bottom:0;margin-left:0\"><strong>Zu Fu\u00df<\/strong>: 550 Meter &#8211; 8 Minuten &#8211; Von der RER-Station \u201eAuber\u201c gehen Sie auf der Rue Auber etwa 230 Meter nach S\u00fcdosten. Gehen Sie auf dem Place de l&#8217;Op\u00e9ra ca. 70 m nach S\u00fcden. Biegen Sie links in die Rue du 4 septembre ein und gehen Sie 110 m. Biegen Sie rechts in die Rue du Port-Mahon ein, gehen Sie 70 m. Biegen Sie rechts in die Rue d&#8217;Antin ein und gehen Sie 40 m. Das Hotel Horset Op\u00e9ra befindet sich auf der linken Seite.<\/p>\n","protected":false},"excerpt":{"rendered":"<p>Standort des Hotels Entdecken Sie die lebendige Umgebung des Hotel Horset Op\u00e9ra im Herzen von Paris. Lassen Sie sich von unseren Mitarbeitern an der Rezeption wertvolle Tipps und Empfehlungen geben, um Ihre Erkundungstouren durch Paris zu bereichern. Entdecken Sie ikonische Wahrzeichen, trendige Boutiquen und kulturelle Hotspots nur wenige Minuten von unserer T\u00fcr entfernt Wie Sie [&hellip;]<\/p>\n","protected":false},"author":2,"featured_media":17412,"parent":0,"menu_order":0,"comment_status":"closed","ping_status":"closed","template":"wp-custom-template-le-template-des-pages-2023","meta":{"footnotes":""},"class_list":["post-6723","page","type-page","status-publish","has-post-thumbnail","hentry"],"_links":{"self":[{"href":"https:\/\/www.hotelhorsetopera.com\/de\/wp-json\/wp\/v2\/pages\/6723","targetHints":{"allow":["GET"]}}],"collection":[{"href":"https:\/\/www.hotelhorsetopera.com\/de\/wp-json\/wp\/v2\/pages"}],"about":[{"href":"https:\/\/www.hotelhorsetopera.com\/de\/wp-json\/wp\/v2\/types\/page"}],"author":[{"embeddable":true,"href":"https:\/\/www.hotelhorsetopera.com\/de\/wp-json\/wp\/v2\/users\/2"}],"replies":[{"embeddable":true,"href":"https:\/\/www.hotelhorsetopera.com\/de\/wp-json\/wp\/v2\/comments?post=6723"}],"version-history":[{"count":2,"href":"https:\/\/www.hotelhorsetopera.com\/de\/wp-json\/wp\/v2\/pages\/6723\/revisions"}],"predecessor-version":[{"id":20846,"href":"https:\/\/www.hotelhorsetopera.com\/de\/wp-json\/wp\/v2\/pages\/6723\/revisions\/20846"}],"wp:featuredmedia":[{"embeddable":true,"href":"https:\/\/www.hotelhorsetopera.com\/de\/wp-json\/wp\/v2\/media\/17412"}],"wp:attachment":[{"href":"https:\/\/www.hotelhorsetopera.com\/de\/wp-json\/wp\/v2\/media?parent=6723"}],"curies":[{"name":"wp","href":"https:\/\/api.w.org\/{rel}","templated":true}]}}