{"id":6642,"date":"2023-05-21T09:40:07","date_gmt":"2023-05-21T07:40:07","guid":{"rendered":"http:\/\/www.laperle.tess5418.odns.fr\/restaurantes\/"},"modified":"2023-08-23T14:09:25","modified_gmt":"2023-08-23T12:09:25","slug":"restaurantes","status":"publish","type":"page","link":"https:\/\/www.hotelhorsetopera.com\/es\/visite-paris\/restaurantes\/","title":{"rendered":"Restaurantes"},"content":{"rendered":"\n<p class=\"has-text-align-justify\">Emb\u00e1rquese en un viaje culinario por Par\u00eds, donde le espera un mundo de delicias gastron\u00f3micas. Desde restaurantes con estrellas Michelin hasta encantadores bistr\u00f3s y caf\u00e9s de moda, la ciudad ofrece un variado panorama gastron\u00f3mico. Del\u00e9itese con la exquisita cocina francesa, saboree deliciosos pasteles y explore sabores internacionales. Los restaurantes parisinos prometen una experiencia epic\u00farea inolvidable. <\/p>\n\n\n\n<div class=\"wp-block-query is-layout-flow wp-block-query-is-layout-flow\"><ul class=\"columns-3 wp-block-post-template is-layout-grid wp-container-core-post-template-is-layout-6d3fbd8f wp-block-post-template-is-layout-grid\"><li class=\"wp-block-post post-8650 post type-post status-publish format-standard has-post-thumbnail hentry category-restaurantes-y-comida\">\n<figure class=\"bordure-doree hover-zoom wp-block-post-featured-image\"><a href=\"https:\/\/www.hotelhorsetopera.com\/es\/restaurantes-y-comida\/l-absinthe\/\" target=\"_self\"  ><img loading=\"lazy\" decoding=\"async\" width=\"344\" height=\"173\" src=\"https:\/\/www.hotelhorsetopera.com\/wp-content\/uploads\/2016\/05\/restaurant-l-absynthe-presentation-paris-jpg.webp\" class=\"attachment-post-thumbnail size-post-thumbnail wp-post-image\" alt=\"L&#8217;Absinthe\" style=\"object-fit:cover;\" title=\"\"><span class=\"wp-block-post-featured-image__overlay has-background-dim has-background-dim-10\" style=\"\" aria-hidden=\"true\"><\/span><\/a><\/figure>\n\n<h2 class=\"has-text-align-center has-link-color wp-elements-ec4dad56195e23fcce3ffc0f4f79024b wp-block-post-title has-medium-font-size\"><a href=\"https:\/\/www.hotelhorsetopera.com\/es\/restaurantes-y-comida\/l-absinthe\/\" target=\"_self\" >L&#8217;Absinthe<\/a><\/h2>\n<\/li><li class=\"wp-block-post post-8670 post type-post status-publish format-standard has-post-thumbnail hentry category-restaurantes-y-comida\">\n<figure class=\"bordure-doree hover-zoom wp-block-post-featured-image\"><a href=\"https:\/\/www.hotelhorsetopera.com\/es\/restaurantes-y-comida\/le-gallopin\/\" target=\"_self\"  ><img loading=\"lazy\" decoding=\"async\" width=\"344\" height=\"173\" src=\"https:\/\/www.hotelhorsetopera.com\/wp-content\/uploads\/2016\/05\/Gallopin-presentation-paris-jpg.webp\" class=\"attachment-post-thumbnail size-post-thumbnail wp-post-image\" alt=\"Le Gallopin\" style=\"object-fit:cover;\" title=\"\"><span class=\"wp-block-post-featured-image__overlay has-background-dim has-background-dim-10\" style=\"\" aria-hidden=\"true\"><\/span><\/a><\/figure>\n\n<h2 class=\"has-text-align-center has-link-color wp-elements-ec4dad56195e23fcce3ffc0f4f79024b wp-block-post-title has-medium-font-size\"><a href=\"https:\/\/www.hotelhorsetopera.com\/es\/restaurantes-y-comida\/le-gallopin\/\" target=\"_self\" >Le Gallopin<\/a><\/h2>\n<\/li><li class=\"wp-block-post post-8685 post type-post status-publish format-standard has-post-thumbnail hentry category-restaurantes-y-comida\">\n<figure class=\"bordure-doree hover-zoom wp-block-post-featured-image\"><a href=\"https:\/\/www.hotelhorsetopera.com\/es\/restaurantes-y-comida\/goumard\/\" target=\"_self\"  ><img loading=\"lazy\" decoding=\"async\" width=\"344\" height=\"173\" src=\"https:\/\/www.hotelhorsetopera.com\/wp-content\/uploads\/2016\/05\/Goumard-presentation-paris-jpg.webp\" class=\"attachment-post-thumbnail size-post-thumbnail wp-post-image\" alt=\"Goumard\" style=\"object-fit:cover;\" title=\"\"><span class=\"wp-block-post-featured-image__overlay has-background-dim has-background-dim-10\" style=\"\" aria-hidden=\"true\"><\/span><\/a><\/figure>\n\n<h2 class=\"has-text-align-center has-link-color wp-elements-ec4dad56195e23fcce3ffc0f4f79024b wp-block-post-title has-medium-font-size\"><a href=\"https:\/\/www.hotelhorsetopera.com\/es\/restaurantes-y-comida\/goumard\/\" target=\"_self\" >Goumard<\/a><\/h2>\n<\/li><li class=\"wp-block-post post-8704 post type-post status-publish format-standard has-post-thumbnail hentry category-restaurantes-y-comida\">\n<figure class=\"bordure-doree hover-zoom wp-block-post-featured-image\"><a href=\"https:\/\/www.hotelhorsetopera.com\/es\/restaurantes-y-comida\/la-fontaine-gaillon\/\" target=\"_self\"  ><img loading=\"lazy\" decoding=\"async\" width=\"344\" height=\"173\" src=\"https:\/\/www.hotelhorsetopera.com\/wp-content\/uploads\/2016\/05\/restaurant-la-fontaine-gaillon-presentation-paris-jpg.webp\" class=\"attachment-post-thumbnail size-post-thumbnail wp-post-image\" alt=\"La Fontaine Gaillon\" style=\"object-fit:cover;\" title=\"\"><span class=\"wp-block-post-featured-image__overlay has-background-dim has-background-dim-10\" style=\"\" aria-hidden=\"true\"><\/span><\/a><\/figure>\n\n<h2 class=\"has-text-align-center has-link-color wp-elements-ec4dad56195e23fcce3ffc0f4f79024b wp-block-post-title has-medium-font-size\"><a href=\"https:\/\/www.hotelhorsetopera.com\/es\/restaurantes-y-comida\/la-fontaine-gaillon\/\" target=\"_self\" >La Fontaine Gaillon<\/a><\/h2>\n<\/li><li class=\"wp-block-post post-8721 post type-post status-publish format-standard has-post-thumbnail hentry category-restaurantes-y-comida\">\n<figure class=\"bordure-doree hover-zoom wp-block-post-featured-image\"><a href=\"https:\/\/www.hotelhorsetopera.com\/es\/restaurantes-y-comida\/madonna\/\" target=\"_self\"  ><img loading=\"lazy\" decoding=\"async\" width=\"344\" height=\"173\" src=\"https:\/\/www.hotelhorsetopera.com\/wp-content\/uploads\/2016\/05\/madonna-restaurant-paris-presentation-jpg.webp\" class=\"attachment-post-thumbnail size-post-thumbnail wp-post-image\" alt=\"Madonna\" style=\"object-fit:cover;\" title=\"\"><span class=\"wp-block-post-featured-image__overlay has-background-dim has-background-dim-10\" style=\"\" aria-hidden=\"true\"><\/span><\/a><\/figure>\n\n<h2 class=\"has-text-align-center has-link-color wp-elements-ec4dad56195e23fcce3ffc0f4f79024b wp-block-post-title has-medium-font-size\"><a href=\"https:\/\/www.hotelhorsetopera.com\/es\/restaurantes-y-comida\/madonna\/\" target=\"_self\" >Madonna<\/a><\/h2>\n<\/li><li class=\"wp-block-post post-8738 post type-post status-publish format-standard has-post-thumbnail hentry category-restaurantes-y-comida\">\n<figure class=\"bordure-doree hover-zoom wp-block-post-featured-image\"><a href=\"https:\/\/www.hotelhorsetopera.com\/es\/restaurantes-y-comida\/le-cafe-de-la-paix\/\" target=\"_self\"  ><img loading=\"lazy\" decoding=\"async\" width=\"344\" height=\"173\" src=\"https:\/\/www.hotelhorsetopera.com\/wp-content\/uploads\/2016\/05\/Cafe-de-la-paix-presentation-paris-jpg.webp\" class=\"attachment-post-thumbnail size-post-thumbnail wp-post-image\" alt=\"Le Caf\u00e9 de la Paix\" style=\"object-fit:cover;\" title=\"\"><span class=\"wp-block-post-featured-image__overlay has-background-dim has-background-dim-10\" style=\"\" aria-hidden=\"true\"><\/span><\/a><\/figure>\n\n<h2 class=\"has-text-align-center has-link-color wp-elements-ec4dad56195e23fcce3ffc0f4f79024b wp-block-post-title has-medium-font-size\"><a href=\"https:\/\/www.hotelhorsetopera.com\/es\/restaurantes-y-comida\/le-cafe-de-la-paix\/\" target=\"_self\" >Le Caf\u00e9 de la Paix<\/a><\/h2>\n<\/li><\/ul>\n\n<\/div>\n","protected":false},"excerpt":{"rendered":"<p>Emb\u00e1rquese en un viaje culinario por Par\u00eds, donde le espera un mundo de delicias gastron\u00f3micas. Desde restaurantes con estrellas Michelin hasta encantadores bistr\u00f3s y caf\u00e9s de moda, la ciudad ofrece un variado panorama gastron\u00f3mico. Del\u00e9itese con la exquisita cocina francesa, saboree deliciosos pasteles y explore sabores internacionales. Los restaurantes parisinos prometen una experiencia epic\u00farea inolvidable.<\/p>\n","protected":false},"author":2,"featured_media":14564,"parent":6656,"menu_order":0,"comment_status":"closed","ping_status":"closed","template":"wp-custom-template-le-template-des-pages-2023","meta":{"footnotes":""},"class_list":["post-6642","page","type-page","status-publish","has-post-thumbnail","hentry"],"_links":{"self":[{"href":"https:\/\/www.hotelhorsetopera.com\/es\/wp-json\/wp\/v2\/pages\/6642","targetHints":{"allow":["GET"]}}],"collection":[{"href":"https:\/\/www.hotelhorsetopera.com\/es\/wp-json\/wp\/v2\/pages"}],"about":[{"href":"https:\/\/www.hotelhorsetopera.com\/es\/wp-json\/wp\/v2\/types\/page"}],"author":[{"embeddable":true,"href":"https:\/\/www.hotelhorsetopera.com\/es\/wp-json\/wp\/v2\/users\/2"}],"replies":[{"embeddable":true,"href":"https:\/\/www.hotelhorsetopera.com\/es\/wp-json\/wp\/v2\/comments?post=6642"}],"version-history":[{"count":0,"href":"https:\/\/www.hotelhorsetopera.com\/es\/wp-json\/wp\/v2\/pages\/6642\/revisions"}],"up":[{"embeddable":true,"href":"https:\/\/www.hotelhorsetopera.com\/es\/wp-json\/wp\/v2\/pages\/6656"}],"wp:featuredmedia":[{"embeddable":true,"href":"https:\/\/www.hotelhorsetopera.com\/es\/wp-json\/wp\/v2\/media\/14564"}],"wp:attachment":[{"href":"https:\/\/www.hotelhorsetopera.com\/es\/wp-json\/wp\/v2\/media?parent=6642"}],"curies":[{"name":"wp","href":"https:\/\/api.w.org\/{rel}","templated":true}]}}