{"id":6709,"date":"2023-05-05T12:46:44","date_gmt":"2023-05-05T10:46:44","guid":{"rendered":"http:\/\/www.laperle.tess5418.odns.fr\/servicios\/"},"modified":"2025-12-08T22:40:18","modified_gmt":"2025-12-08T21:40:18","slug":"servicios","status":"publish","type":"page","link":"https:\/\/www.hotelhorsetopera.com\/es\/servicios\/","title":{"rendered":"Servicios"},"content":{"rendered":"\n<div class=\"wp-block-columns leconteneur has-custom-contrast-color has-custom-links-beige-background-color has-text-color has-background is-layout-flex wp-container-core-columns-is-layout-a807a079 wp-block-columns-is-layout-flex\" style=\"border-style:none;border-width:0px;border-radius:0px;margin-top:0;margin-bottom:0;padding-top:0;padding-right:0;padding-bottom:0;padding-left:0\">\n<div class=\"wp-block-column agl agl-fadeCSSRight is-layout-flow wp-container-core-column-is-layout-69fcd244 wp-block-column-is-layout-flow\" style=\"--col-width:42%;padding-top:0;padding-right:0;padding-bottom:0;padding-left:0;flex-basis:42%\">\n<div class=\"wp-block-cover is-light is-style-default\" style=\"padding-top:0;padding-right:0;padding-bottom:0;padding-left:0;min-height:100%;aspect-ratio:unset;\"><img loading=\"lazy\" decoding=\"async\" width=\"515\" height=\"650\" sizes=\"auto, (max-width: 799px) 200vw, (max-width: 515px) 100vw, 515px\" class=\"wp-block-cover__image-background wp-image-16998\" alt=\"\" src=\"https:\/\/www.hotelhorsetopera.com\/wp-content\/uploads\/2023\/11\/horset-opera-paris-Reception-detail-jpg.webp\" data-object-fit=\"cover\" title=\"\" srcset=\"https:\/\/www.hotelhorsetopera.com\/wp-content\/uploads\/2023\/11\/horset-opera-paris-Reception-detail-jpg.webp 515w, https:\/\/www.hotelhorsetopera.com\/wp-content\/uploads\/2023\/11\/horset-opera-paris-Reception-detail-238x300.webp 238w\" \/><span aria-hidden=\"true\" class=\"wp-block-cover__background has-custom-background-background-color has-background-dim-80 has-background-dim\"><\/span><div class=\"wp-block-cover__inner-container is-layout-flow wp-block-cover-is-layout-flow\">\n<h1 class=\"wp-block-heading espace-petit-bas has-custom-rouge-footer-color has-text-color\" style=\"margin-top:var(--wp--preset--spacing--30);margin-right:0;margin-bottom:0;margin-left:var(--wp--preset--spacing--30);padding-top:0px;padding-right:0px;padding-bottom:0px;padding-left:0px;font-style:normal;font-weight:600\">Recepcion<\/h1>\n\n\n\n<h1 class=\"wp-block-heading has-custom-rouge-footer-color has-text-color\" style=\"margin-top:0;margin-left:var(--wp--preset--spacing--30)\">Sea nuestro hu\u00e9sped<\/h1>\n\n\n\n<p class=\"has-text-align-justify has-custom-contrast-color has-text-color\" style=\"margin-right:var(--wp--preset--spacing--30);margin-bottom:var(--wp--preset--spacing--30);margin-left:var(--wp--preset--spacing--30)\">En el Hotel Horset Opera de Par\u00eds, nuestro equipo de recepci\u00f3n se compromete a mejorar tu estancia en la Ciudad de la Luz. Nuestro personal multiling\u00fce est\u00e1 siempre dispuesto a ofrecerte consejos expertos sobre atracciones locales, restaurantes y experiencias culturales, para que aproveches al m\u00e1ximo tu visita a Par\u00eds. <\/p>\n\n\n\n<p class=\"has-text-align-justify has-custom-contrast-color has-text-color\" style=\"margin-right:var(--wp--preset--spacing--30);margin-bottom:var(--wp--preset--spacing--30);margin-left:var(--wp--preset--spacing--30)\">Ofrecemos una serie de servicios, como asistencia de conserjer\u00eda, traslados al aeropuerto y consigna de equipaje, todos ellos destinados a hacer que tu estancia sea fluida y agradable. Con un enfoque c\u00e1lido y acogedor, nuestro equipo de recepci\u00f3n se dedica a superar tus expectativas durante tu estancia en el coraz\u00f3n de Par\u00eds. <\/p>\n<\/div><\/div>\n\n\n\n<div style=\"height:15px\" aria-hidden=\"true\" class=\"wp-block-spacer\"><\/div>\n<\/div>\n\n\n\n<div class=\"wp-block-column agl agl-fadeCSSLeft is-layout-flow wp-container-core-column-is-layout-081827d2 wp-block-column-is-layout-flow\" style=\"--col-width:58%;padding-top:0;padding-right:0;padding-bottom:0;padding-left:0;flex-basis:58%\">\n<div class=\"wp-block-cover is-style-tw-border-inner hauteur-minimale\" style=\"min-height:100%;aspect-ratio:unset;\"><img loading=\"lazy\" decoding=\"async\" width=\"711\" height=\"650\" sizes=\"auto, (max-width: 799px) 200vw, (max-width: 711px) 100vw, 711px\" class=\"wp-block-cover__image-background wp-image-17006\" alt=\"\" src=\"https:\/\/www.hotelhorsetopera.com\/wp-content\/uploads\/2023\/11\/horset-opera-paris-Reception-office-jpg.webp\" data-object-fit=\"cover\" title=\"\" srcset=\"https:\/\/www.hotelhorsetopera.com\/wp-content\/uploads\/2023\/11\/horset-opera-paris-Reception-office-jpg.webp 711w, https:\/\/www.hotelhorsetopera.com\/wp-content\/uploads\/2023\/11\/horset-opera-paris-Reception-office-300x274.webp 300w\" \/><span aria-hidden=\"true\" class=\"wp-block-cover__background has-background-dim-0 has-background-dim\"><\/span><div class=\"wp-block-cover__inner-container is-layout-flow wp-block-cover-is-layout-flow\">\n<p class=\"has-text-align-center has-large-font-size\"><\/p>\n\n\n\n<div style=\"height:250px\" aria-hidden=\"true\" class=\"wp-block-spacer\"><\/div>\n<\/div><\/div>\n<\/div>\n<\/div>\n\n<hr class=\"wp-block-separator has-text-color has-custom-primary-color has-alpha-channel-opacity has-custom-primary-background-color has-background is-style-wide\" style=\"width: 200px; max-width: 100%;margin-top:var(--wp--preset--spacing--40);margin-bottom:0\"\/>\n\n\n\n<hr class=\"wp-block-separator aligncenter has-text-color has-custom-primary-color has-alpha-channel-opacity has-custom-primary-background-color has-background\" style=\"width: 300px; max-width: 100%;margin-top:5px\"\/>\n\n\n\n<hr class=\"wp-block-separator aligncenter has-text-color has-custom-primary-color has-alpha-channel-opacity has-custom-primary-background-color has-background\" style=\"width: 200px; max-width: 100%;margin-top:5px;margin-bottom:var(--wp--preset--spacing--30)\"\/>\n\n<div class=\"wp-block-columns leconteneur has-custom-contrast-color has-custom-links-beige-background-color has-text-color has-background is-layout-flex wp-container-core-columns-is-layout-1aa88071 wp-block-columns-is-layout-flex\" style=\"border-style:none;border-width:0px;margin-top:0;padding-top:0;padding-right:0;padding-bottom:0;padding-left:0\">\n<div class=\"wp-block-column agl agl-fadeCSSUp is-layout-flow wp-container-core-column-is-layout-081827d2 wp-block-column-is-layout-flow\" style=\"--col-width:45%;padding-top:0;padding-right:0;padding-bottom:0;padding-left:0;flex-basis:45%\">\n<div class=\"wp-block-cover is-style-tw-border-inner\" style=\"min-height:100%;aspect-ratio:unset;\"><img loading=\"lazy\" decoding=\"async\" width=\"552\" height=\"725\" sizes=\"auto, (max-width: 799px) 200vw, (max-width: 552px) 100vw, 552px\" class=\"wp-block-cover__image-background wp-image-16974\" alt=\"\" src=\"https:\/\/www.hotelhorsetopera.com\/wp-content\/uploads\/2023\/11\/horset-opera-paris-Breakfast-jpg.webp\" data-object-fit=\"cover\" title=\"\" srcset=\"https:\/\/www.hotelhorsetopera.com\/wp-content\/uploads\/2023\/11\/horset-opera-paris-Breakfast-jpg.webp 552w, https:\/\/www.hotelhorsetopera.com\/wp-content\/uploads\/2023\/11\/horset-opera-paris-Breakfast-228x300.webp 228w\" \/><span aria-hidden=\"true\" class=\"wp-block-cover__background has-background-dim-0 has-background-dim\"><\/span><div class=\"wp-block-cover__inner-container is-layout-flow wp-block-cover-is-layout-flow\">\n<p class=\"has-text-align-center has-large-font-size\"><\/p>\n\n\n\n<div style=\"height:250px\" aria-hidden=\"true\" class=\"wp-block-spacer\"><\/div>\n<\/div><\/div>\n<\/div>\n\n\n\n<div class=\"wp-block-column agl agl-fadeCSSLeft is-layout-flow wp-container-core-column-is-layout-69fcd244 wp-block-column-is-layout-flow\" style=\"--col-width:55%;padding-top:0;padding-right:0;padding-bottom:0;padding-left:0;flex-basis:55%\">\n<div class=\"wp-block-cover is-light is-style-default\" style=\"padding-top:0;padding-right:0;padding-bottom:0;padding-left:0\"><img loading=\"lazy\" decoding=\"async\" width=\"674\" height=\"725\" sizes=\"auto, (max-width: 799px) 200vw, (max-width: 674px) 100vw, 674px\" class=\"wp-block-cover__image-background wp-image-16966\" alt=\"\" src=\"https:\/\/www.hotelhorsetopera.com\/wp-content\/uploads\/2023\/11\/horset-opera-paris-Breakfast-detail-jpg.webp\" data-object-fit=\"cover\" title=\"\" srcset=\"https:\/\/www.hotelhorsetopera.com\/wp-content\/uploads\/2023\/11\/horset-opera-paris-Breakfast-detail-jpg.webp 674w, https:\/\/www.hotelhorsetopera.com\/wp-content\/uploads\/2023\/11\/horset-opera-paris-Breakfast-detail-279x300.webp 279w\" \/><span aria-hidden=\"true\" class=\"wp-block-cover__background has-custom-background-background-color has-background-dim-80 has-background-dim\"><\/span><div class=\"wp-block-cover__inner-container is-layout-flow wp-block-cover-is-layout-flow\">\n<h1 class=\"wp-block-heading has-text-align-right espace-petit-bas has-custom-rouge-footer-color has-text-color\" style=\"margin-top:var(--wp--preset--spacing--30);margin-right:var(--wp--preset--spacing--30);margin-bottom:0;margin-left:var(--wp--preset--spacing--30);padding-top:0px;padding-right:0px;padding-bottom:0px;padding-left:0px;font-style:normal;font-weight:600\">Desayuno<\/h1>\n\n\n\n<p class=\"has-text-align-justify has-custom-contrast-color has-text-color\" style=\"margin-right:var(--wp--preset--spacing--30);margin-left:var(--wp--preset--spacing--30)\">En el Hotel Horset Opera de Par\u00eds, creemos en empezar el d\u00eda como la realeza. Nuestro desayuno, servido de 7.00 a 10.30 h, es un aut\u00e9ntico fest\u00edn matutino. Del\u00e9itate con nuestro variado desayuno buf\u00e9, que incluye una deliciosa selecci\u00f3n de cruasanes, pain au chocolat, tarta, ensalada de fruta fresca, cereales, yogures, quesos y un sinf\u00edn de otras especialidades cuidadosamente seleccionadas.  <\/p>\n\n\n\n<p class=\"has-text-align-justify has-custom-contrast-color has-text-color\" style=\"margin-right:var(--wp--preset--spacing--30);margin-left:var(--wp--preset--spacing--30)\">Para los que prefieren la comodidad de su habitaci\u00f3n, ofrecemos una c\u00f3moda opci\u00f3n de bandeja de desayuno continental de 6.30 a 11 h. A un precio de 20 \u20ac por persona, nuestro desayuno es una forma deliciosa de empezar el d\u00eda.  <\/p>\n\n\n\n<p class=\"has-text-align-justify has-custom-contrast-color has-text-color\" style=\"margin-right:var(--wp--preset--spacing--30);margin-left:var(--wp--preset--spacing--30)\"><strong>Oferta especial de desayuno de 8<\/strong><\/p>\n\n\n\n<p class=\"has-text-align-justify has-custom-contrast-color has-text-color\" style=\"margin-right:var(--wp--preset--spacing--30);margin-left:var(--wp--preset--spacing--30)\">Ofrecemos desayuno por 8\u20ac, en lugar de 20\u20ac, a nuestros hu\u00e9spedes que hayan reservado directamente a trav\u00e9s de nuestra p\u00e1gina web.<\/p>\n\n\n\n<p class=\"has-text-align-justify has-custom-contrast-color has-text-color\" style=\"margin-right:var(--wp--preset--spacing--30);margin-bottom:var(--wp--preset--spacing--30);margin-left:var(--wp--preset--spacing--30)\">Para canjear la promoci\u00f3n, reserva tu habitaci\u00f3n y selecciona esta opci\u00f3n de desayuno de 8\u20ac.<\/p>\n<\/div><\/div>\n<\/div>\n<\/div>\n\n<hr class=\"wp-block-separator has-text-color has-custom-primary-color has-alpha-channel-opacity has-custom-primary-background-color has-background is-style-wide\" style=\"width: 200px; max-width: 100%;margin-top:var(--wp--preset--spacing--40);margin-bottom:0\"\/>\n\n\n\n<hr class=\"wp-block-separator aligncenter has-text-color has-custom-primary-color has-alpha-channel-opacity has-custom-primary-background-color has-background\" style=\"width: 300px; max-width: 100%;margin-top:5px\"\/>\n\n\n\n<hr class=\"wp-block-separator aligncenter has-text-color has-custom-primary-color has-alpha-channel-opacity has-custom-primary-background-color has-background\" style=\"width: 200px; max-width: 100%;margin-top:5px;margin-bottom:var(--wp--preset--spacing--30)\"\/>\n\n<div class=\"wp-block-columns leconteneur agl agl-fadeCSSundefined has-custom-contrast-color has-custom-links-beige-background-color has-text-color has-background is-layout-flex wp-container-core-columns-is-layout-a807a079 wp-block-columns-is-layout-flex\" style=\"border-style:none;border-width:0px;border-radius:0px;margin-top:0;margin-bottom:0;padding-top:0;padding-right:0;padding-bottom:0;padding-left:0\">\n<div class=\"wp-block-column agl agl-fadeCSSRight is-layout-flow wp-container-core-column-is-layout-69fcd244 wp-block-column-is-layout-flow\" style=\"--col-width:35%;padding-top:0;padding-right:0;padding-bottom:0;padding-left:0;flex-basis:35%\">\n<div class=\"wp-block-cover is-light is-style-default\" style=\"padding-top:0;padding-right:0;padding-bottom:0;padding-left:0;min-height:100%;aspect-ratio:unset;\"><img loading=\"lazy\" decoding=\"async\" width=\"429\" height=\"597\" sizes=\"auto, (max-width: 799px) 200vw, (max-width: 429px) 100vw, 429px\" class=\"wp-block-cover__image-background wp-image-16950\" alt=\"\" src=\"https:\/\/www.hotelhorsetopera.com\/wp-content\/uploads\/2023\/11\/horset-opera-paris-Bar-detail.jpg\" data-object-fit=\"cover\" title=\"\" srcset=\"https:\/\/www.hotelhorsetopera.com\/wp-content\/uploads\/2023\/11\/horset-opera-paris-Bar-detail.jpg 429w, https:\/\/www.hotelhorsetopera.com\/wp-content\/uploads\/2023\/11\/horset-opera-paris-Bar-detail-216x300.webp 216w\" \/><span aria-hidden=\"true\" class=\"wp-block-cover__background has-custom-background-background-color has-background-dim-80 has-background-dim\"><\/span><div class=\"wp-block-cover__inner-container is-layout-flow wp-block-cover-is-layout-flow\">\n<h1 class=\"wp-block-heading espace-petit-bas has-custom-rouge-footer-color has-text-color\" style=\"margin-top:var(--wp--preset--spacing--30);margin-right:0;margin-bottom:0;margin-left:var(--wp--preset--spacing--30);padding-top:0px;padding-right:0px;padding-bottom:0px;padding-left:0px;font-style:normal;font-weight:600\">El bar<\/h1>\n\n\n\n<p class=\"has-text-align-justify has-custom-contrast-color has-text-color has-medium-font-size\" style=\"margin-right:var(--wp--preset--spacing--30);margin-left:var(--wp--preset--spacing--30)\">En el Hotel Horset Op\u00e9ra de Par\u00eds, nuestro bar y el servicio de habitaciones le ofrecen una deliciosa experiencia culinaria. <\/p>\n\n\n\n<p class=\"has-text-align-justify has-custom-contrast-color has-text-color has-medium-font-size\" style=\"margin-right:var(--wp--preset--spacing--30);margin-left:var(--wp--preset--spacing--30)\">El bar es un refugio acogedor, perfecto para saborear un c\u00f3ctel bien elaborado o disfrutar de una copa de buen vino. Si prefieres cenar en la comodidad de tu habitaci\u00f3n, nuestro servicio de habitaciones est\u00e1 a tu disposici\u00f3n, ofreci\u00e9ndote una variedad de deliciosos platos entregados directamente en tu puerta. <\/p>\n\n\n\n<p class=\"has-text-align-justify has-custom-contrast-color has-text-color has-medium-font-size\" style=\"margin-right:var(--wp--preset--spacing--30);margin-left:var(--wp--preset--spacing--30)\">Se trata de indulgencia y comodidad, garantizando una estancia inolvidable en el coraz\u00f3n de Par\u00eds.<\/p>\n<\/div><\/div>\n\n\n\n<div style=\"height:15px\" aria-hidden=\"true\" class=\"wp-block-spacer\"><\/div>\n<\/div>\n\n\n\n<div class=\"wp-block-column agl agl-fadeCSSLeft is-layout-flow wp-container-core-column-is-layout-081827d2 wp-block-column-is-layout-flow\" style=\"--col-width:65%;padding-top:0;padding-right:0;padding-bottom:0;padding-left:0;flex-basis:65%\">\n<div class=\"wp-block-cover is-light is-style-tw-border-inner\" style=\"min-height:100%;aspect-ratio:unset;\"><img loading=\"lazy\" decoding=\"async\" width=\"796\" height=\"597\" sizes=\"auto, (max-width: 799px) 200vw, (max-width: 796px) 100vw, 796px\" class=\"wp-block-cover__image-background wp-image-16958\" alt=\"\" src=\"https:\/\/www.hotelhorsetopera.com\/wp-content\/uploads\/2023\/11\/horset-opera-paris-Bar-jpg.webp\" data-object-fit=\"cover\" title=\"\" srcset=\"https:\/\/www.hotelhorsetopera.com\/wp-content\/uploads\/2023\/11\/horset-opera-paris-Bar-jpg.webp 796w, https:\/\/www.hotelhorsetopera.com\/wp-content\/uploads\/2023\/11\/horset-opera-paris-Bar-300x225.webp 300w, https:\/\/www.hotelhorsetopera.com\/wp-content\/uploads\/2023\/11\/horset-opera-paris-Bar-768x576.webp 768w\" \/><span aria-hidden=\"true\" class=\"wp-block-cover__background has-background-dim-0 has-background-dim\"><\/span><div class=\"wp-block-cover__inner-container is-layout-flow wp-block-cover-is-layout-flow\">\n<p class=\"has-text-align-center has-large-font-size\"><\/p>\n\n\n\n<div style=\"height:250px\" aria-hidden=\"true\" class=\"wp-block-spacer\"><\/div>\n<\/div><\/div>\n<\/div>\n<\/div>\n\n<hr class=\"wp-block-separator has-text-color has-custom-primary-color has-alpha-channel-opacity has-custom-primary-background-color has-background is-style-wide\" style=\"width: 200px; max-width: 100%;margin-top:var(--wp--preset--spacing--40);margin-bottom:0\"\/>\n\n\n\n<hr class=\"wp-block-separator aligncenter has-text-color has-custom-primary-color has-alpha-channel-opacity has-custom-primary-background-color has-background\" style=\"width: 300px; max-width: 100%;margin-top:5px\"\/>\n\n\n\n<hr class=\"wp-block-separator aligncenter has-text-color has-custom-primary-color has-alpha-channel-opacity has-custom-primary-background-color has-background\" style=\"width: 200px; max-width: 100%;margin-top:5px;margin-bottom:var(--wp--preset--spacing--30)\"\/>\n\n<div class=\"wp-block-columns leconteneur has-custom-contrast-color has-custom-links-beige-background-color has-text-color has-background is-layout-flex wp-container-core-columns-is-layout-1aa88071 wp-block-columns-is-layout-flex\" style=\"border-style:none;border-width:0px;margin-top:0;padding-top:0;padding-right:0;padding-bottom:0;padding-left:0\">\n<div class=\"wp-block-column agl agl-fadeCSSUp is-layout-flow wp-container-core-column-is-layout-081827d2 wp-block-column-is-layout-flow\" style=\"--col-width:45%;padding-top:0;padding-right:0;padding-bottom:0;padding-left:0;flex-basis:45%\">\n<div class=\"wp-block-cover is-light is-style-tw-border-inner\" style=\"min-height:100%;aspect-ratio:unset;\"><img loading=\"lazy\" decoding=\"async\" width=\"552\" height=\"473\" sizes=\"auto, (max-width: 799px) 200vw, (max-width: 552px) 100vw, 552px\" class=\"wp-block-cover__image-background wp-image-16990\" alt=\"\" src=\"https:\/\/www.hotelhorsetopera.com\/wp-content\/uploads\/2023\/11\/horset-opera-paris-Lounge-jpg.webp\" data-object-fit=\"cover\" title=\"\" srcset=\"https:\/\/www.hotelhorsetopera.com\/wp-content\/uploads\/2023\/11\/horset-opera-paris-Lounge-jpg.webp 552w, https:\/\/www.hotelhorsetopera.com\/wp-content\/uploads\/2023\/11\/horset-opera-paris-Lounge-300x257.webp 300w\" \/><span aria-hidden=\"true\" class=\"wp-block-cover__background has-background-dim-0 has-background-dim\"><\/span><div class=\"wp-block-cover__inner-container is-layout-flow wp-block-cover-is-layout-flow\">\n<div style=\"height:250px\" aria-hidden=\"true\" class=\"wp-block-spacer\"><\/div>\n\n\n\n<p class=\"has-text-align-center has-large-font-size\"><\/p>\n<\/div><\/div>\n<\/div>\n\n\n\n<div class=\"wp-block-column agl agl-fadeCSSLeft is-layout-flow wp-container-core-column-is-layout-69fcd244 wp-block-column-is-layout-flow\" style=\"--col-width:55%;padding-top:0;padding-right:0;padding-bottom:0;padding-left:0;flex-basis:55%\">\n<div class=\"wp-block-cover is-light is-style-default\" style=\"padding-top:0;padding-right:0;padding-bottom:0;padding-left:0\"><img loading=\"lazy\" decoding=\"async\" width=\"674\" height=\"473\" sizes=\"auto, (max-width: 799px) 200vw, (max-width: 674px) 100vw, 674px\" class=\"wp-block-cover__image-background wp-image-16982\" alt=\"\" src=\"https:\/\/www.hotelhorsetopera.com\/wp-content\/uploads\/2023\/11\/horset-opera-paris-Lounge-detail.jpg\" data-object-fit=\"cover\" title=\"\" srcset=\"https:\/\/www.hotelhorsetopera.com\/wp-content\/uploads\/2023\/11\/horset-opera-paris-Lounge-detail.jpg 674w, https:\/\/www.hotelhorsetopera.com\/wp-content\/uploads\/2023\/11\/horset-opera-paris-Lounge-detail-300x211.webp 300w\" \/><span aria-hidden=\"true\" class=\"wp-block-cover__background has-custom-background-background-color has-background-dim-80 has-background-dim\"><\/span><div class=\"wp-block-cover__inner-container is-layout-flow wp-block-cover-is-layout-flow\">\n<h1 class=\"wp-block-heading has-text-align-right espace-petit-bas has-custom-rouge-footer-color has-text-color\" style=\"margin-top:var(--wp--preset--spacing--30);margin-right:var(--wp--preset--spacing--30);margin-bottom:0;margin-left:var(--wp--preset--spacing--30);padding-top:0px;padding-right:0px;padding-bottom:0px;padding-left:0px;font-style:normal;font-weight:600\">El sal\u00f3n<\/h1>\n\n\n\n<p class=\"has-text-align-justify agl agl-fadeCSSundefined has-custom-contrast-color has-text-color has-medium-font-size\" style=\"margin-right:var(--wp--preset--spacing--30);margin-bottom:var(--wp--preset--spacing--30);margin-left:var(--wp--preset--spacing--30)\">El sal\u00f3n del Hotel Horset Op\u00e9ra de Par\u00eds desprende un ambiente acogedor, que ofrece una mezcla perfecta de relajaci\u00f3n y estilo. Decorado con muebles elegantes y un ambiente c\u00e1lido, es un lugar ideal para relajarse, socializar o incluso ponerse al d\u00eda con el trabajo.  <\/p>\n\n\n\n<p class=\"has-text-align-justify agl agl-fadeCSSundefined has-custom-contrast-color has-text-color has-medium-font-size\" style=\"margin-right:var(--wp--preset--spacing--30);margin-bottom:var(--wp--preset--spacing--30);margin-left:var(--wp--preset--spacing--30)\">Tanto si desea disfrutar de un caf\u00e9 como de un c\u00f3ctel, este c\u00f3modo espacio satisface diversas necesidades. El espacio lounge de Horset Op\u00e9ra es su refugio de tranquilidad en el coraz\u00f3n de Par\u00eds, garantiz\u00e1ndole una estancia placentera. <\/p>\n\n\n\n<p class=\"has-text-align-justify agl agl-fadeCSSundefined has-custom-contrast-color has-text-color has-link-color has-medium-font-size wp-elements-324e71f573c99709e3505941ceb0105b\" style=\"margin-right:var(--wp--preset--spacing--30);margin-bottom:var(--wp--preset--spacing--30);margin-left:var(--wp--preset--spacing--30)\"><strong>Espacio de coworking :<br\/><\/strong>Para reservar su espacio, visite este sitio web <a href=\"https:\/\/mywo.fr\/etablissements\/mywo-paris-opera-quatre-septembre\" target=\"_blank\" rel=\"noopener\">https:\/\/mywo.fr\/etablissements\/mywo-paris-opera-quatre-septembre<\/a><\/p>\n\n\n\n<p class=\"has-text-align-justify agl agl-fadeCSSundefined has-custom-contrast-color has-text-color has-medium-font-size\" style=\"margin-right:var(--wp--preset--spacing--30);margin-bottom:var(--wp--preset--spacing--30);margin-left:var(--wp--preset--spacing--30)\"><\/p>\n\n\n\n<p class=\"has-text-align-justify agl agl-fadeCSSundefined has-custom-contrast-color has-text-color has-medium-font-size\" style=\"margin-right:var(--wp--preset--spacing--30);margin-bottom:var(--wp--preset--spacing--30);margin-left:var(--wp--preset--spacing--30)\"><\/p>\n<\/div><\/div>\n<\/div>\n<\/div>\n\n<div style=\"height:20px\" aria-hidden=\"true\" class=\"wp-block-spacer\"><\/div>\n","protected":false},"excerpt":{"rendered":"","protected":false},"author":1,"featured_media":16925,"parent":0,"menu_order":0,"comment_status":"closed","ping_status":"closed","template":"wp-custom-template-le-template-des-pages-2023","meta":{"footnotes":""},"class_list":["post-6709","page","type-page","status-publish","has-post-thumbnail","hentry"],"_links":{"self":[{"href":"https:\/\/www.hotelhorsetopera.com\/es\/wp-json\/wp\/v2\/pages\/6709","targetHints":{"allow":["GET"]}}],"collection":[{"href":"https:\/\/www.hotelhorsetopera.com\/es\/wp-json\/wp\/v2\/pages"}],"about":[{"href":"https:\/\/www.hotelhorsetopera.com\/es\/wp-json\/wp\/v2\/types\/page"}],"author":[{"embeddable":true,"href":"https:\/\/www.hotelhorsetopera.com\/es\/wp-json\/wp\/v2\/users\/1"}],"replies":[{"embeddable":true,"href":"https:\/\/www.hotelhorsetopera.com\/es\/wp-json\/wp\/v2\/comments?post=6709"}],"version-history":[{"count":5,"href":"https:\/\/www.hotelhorsetopera.com\/es\/wp-json\/wp\/v2\/pages\/6709\/revisions"}],"predecessor-version":[{"id":21150,"href":"https:\/\/www.hotelhorsetopera.com\/es\/wp-json\/wp\/v2\/pages\/6709\/revisions\/21150"}],"wp:featuredmedia":[{"embeddable":true,"href":"https:\/\/www.hotelhorsetopera.com\/es\/wp-json\/wp\/v2\/media\/16925"}],"wp:attachment":[{"href":"https:\/\/www.hotelhorsetopera.com\/es\/wp-json\/wp\/v2\/media?parent=6709"}],"curies":[{"name":"wp","href":"https:\/\/api.w.org\/{rel}","templated":true}]}}