{"id":6727,"date":"2023-05-29T22:40:22","date_gmt":"2023-05-29T20:40:22","guid":{"rendered":"http:\/\/www.laperle.tess5418.odns.fr\/mapa-y-acceso\/"},"modified":"2025-03-11T15:32:33","modified_gmt":"2025-03-11T14:32:33","slug":"mapa-y-acceso","status":"publish","type":"page","link":"https:\/\/www.hotelhorsetopera.com\/es\/mapa-y-acceso\/","title":{"rendered":"Mapa y acceso"},"content":{"rendered":"\n<h2 class=\"wp-block-heading\">Localizaci\u00f3n del hotel<\/h2>\n\n<p class=\"has-custom-contrast-color has-text-color has-link-color wp-elements-973f07b0c7d832eb799efb9dccd2d22c\">Descubra el vibrante entorno del Hotel Horset Op\u00e9ra en el coraz\u00f3n de Par\u00eds. No pierda la oportunidad de consultar a nuestro personal de recepci\u00f3n para obtener valiosos consejos y recomendaciones para mejorar su exploraci\u00f3n parisina.  <a href=\"\/en\/?page_id=980\">Explore lugares emblem\u00e1ticos, boutiques de moda y puntos culturales a solo unos minutos de nuestra puerta.<\/a><\/p>\n\n<p class=\"has-text-align-justify has-link-color wp-elements-165ad12ad79783c67fab76c98e41b2c2\"><\/p>\n<style type=\"text\/css\" id=\"gmpMapStyles_1_17228\">\r\n\t#google_map_easy_1_17228 {\r\n        width: 100%;\r\n        height: 550px;\r\n\t\t\t\t\t\t    }\r\n\t#gmapControlsNum_1_17228 {\r\n\t\twidth:100%\t}\r\n\t.gmpMapDetailsContainer#gmpMapDetailsContainer_1_17228 {\r\n\t\theight:550px;\r\n\t}\r\n\t.gmp_MapPreview#google_map_easy_1_17228 {\r\n\t\t\/*position:absolute;*\/\r\n\t\twidth: 100%;\r\n\t}\r\n\t#mapConElem_1_17228{\r\n\t\twidth: 100%\t}\r\n    .gm-style .gm-style-iw-c{\r\n        padding: 12px!important;\r\n    }\r\n\t    <\/style>\r\n <div class=\"gmp_map_opts\" id=\"mapConElem_1_17228\" data-id=\"1\" data-view-id=\"1_17228\" > <div class=\"gmpMapDetailsContainer\" id=\"gmpMapDetailsContainer_1_17228\"> <i class=\"gmpKMLLayersPreloader fa fa-spinner fa-spin\" aria-hidden=\"true\" style=\"display: none;\"><\/i> <div class=\"gmp_MapPreview \" id=\"google_map_easy_1_17228\"><\/div> <\/div> <div class=\"gmpMapMarkerFilters\" id=\"gmpMapMarkerFilters_1_17228\"> <\/div> <div class=\"gmpMapProControlsCon\" id=\"gmpMapProControlsCon_1_17228\"> <a title=\"WP Google Maps\" style=\"display:none;\" href=\"https:\/\/supsystic.com\/plugins\/google-maps-plugin\/?utm_medium=love_link_hide\" target=\"_blank\" rel=\"noopener\">WP Google Maps<\/a><div style=\"clear: both;\"><\/div> <\/div> <div class=\"gmpMapProDirectionsCon\" id=\"gmpMapProDirectionsCon_1_17228\" > <\/div> <div class=\"gmpMapProKmlFilterCon\" id=\"gmpMapProKmlFilterCon_1_17228\" > <\/div> <div class=\"gmpSocialSharingShell gmpSocialSharingShell_1_17228\"> <\/div> <div style=\"clear: both;\"><\/div> <\/div> \n\n<hr class=\"wp-block-separator has-text-color has-custom-primary-color has-alpha-channel-opacity has-custom-primary-background-color has-background is-style-wide\" style=\"width: 200px; max-width: 100%;margin-top:var(--wp--preset--spacing--40);margin-bottom:0\"\/>\n\n\n\n<hr class=\"wp-block-separator aligncenter has-text-color has-custom-primary-color has-alpha-channel-opacity has-custom-primary-background-color has-background\" style=\"width: 300px; max-width: 100%;margin-top:5px\"\/>\n\n\n\n<hr class=\"wp-block-separator aligncenter has-text-color has-custom-primary-color has-alpha-channel-opacity has-custom-primary-background-color has-background\" style=\"width: 200px; max-width: 100%;margin-top:5px;margin-bottom:var(--wp--preset--spacing--30)\"\/>\n\n<h2 class=\"wp-block-heading\">C\u00f3mo llegar al hotel<\/h2>\n\n<p class=\"has-large-font-size\"><strong>Desde los aeropuertos parisinos<\/strong><\/p>\n\n<ul class=\"wp-block-list\">\n<li><strong>Aeropuerto Charles de Gaulle (CDG)<\/strong><\/li>\n<\/ul>\n\n<p class=\"has-text-align-justify\" style=\"margin-top:0;margin-right:0;margin-bottom:0;margin-left:0;padding-top:0;padding-right:0;padding-bottom:0;padding-left:0\"><strong>De t\u00e1xi<\/strong>: Cerca de 1 hora &#8211; O pre\u00e7o de um t\u00e1xi comum pego em um ponto de t\u00e1xi \u00e9 fixo e custa 56 euros, com bagagens inclu\u00eddas. Tenga cuidado con los taxistas falsos y confirme con ellos la tarifa antes de subir al coche.<\/p>\n\n<p class=\"has-text-align-justify\" style=\"margin-top:0;margin-right:0;margin-bottom:0;margin-left:0\">Tambi\u00e9n podemos organizar que te recojan en el aeropuerto, ya que trabajamos con varias compa\u00f1\u00edas. Es m\u00e1s caro porque el conductor tiene que aparcar y esperarle. Le ayudar\u00e1 con el equipaje y le esperar\u00e1 despu\u00e9s de la aduana con un cartel a su nombre.   Taxa sob demanda.<\/p>\n\n<p class=\"has-text-align-justify\" style=\"margin-top:0;margin-right:0;margin-bottom:0;margin-left:0;padding-top:0;padding-right:0;padding-bottom:0;padding-left:0\">El traslado del hotel al aeropuerto es menos caro, ya que el conductor no tiene que aparcar y esperarle. <\/p>\n\n<p class=\"has-text-align-justify\" style=\"margin-top:0;margin-right:0;margin-bottom:0;margin-left:0;padding-top:0;padding-right:0;padding-bottom:0;padding-left:0\"><strong>En tren:<\/strong> aproximadamente 1 hora. Tambi\u00e9n puedes coger el tren RER B en el aeropuerto hasta la estaci\u00f3n Chatelet Les Halles, y luego la l\u00ednea 7 del metro y parar en Op\u00e9ra (a 220 metros del hotel).<\/p>\n\n<ul class=\"wp-block-list\">\n<li><strong>Aeropuerto de Orly (ORY)<\/strong><\/li>\n<\/ul>\n\n<p class=\"has-text-align-justify\" style=\"margin-top:0;margin-right:0;margin-bottom:0;margin-left:0\"><strong><strong>De t\u00e1xi:<\/strong><\/strong> Cerca de 50 minutos &#8211; O pre\u00e7o de um t\u00e1xi comum pego em um ponto de t\u00e1xi \u00e9 fixo e custa 45 euros com bagagens inclu\u00eddas. Tenga cuidado con los taxistas falsos y confirme con ellos la tarifa antes de subir al coche.<\/p>\n\n<p class=\"has-text-align-justify\" style=\"margin-top:0;margin-right:0;margin-bottom:0;margin-left:0;padding-top:0;padding-right:0;padding-bottom:0;padding-left:0\">Tambi\u00e9n podemos organizar que te recojan en el aeropuerto, ya que trabajamos con varias compa\u00f1\u00edas. Es m\u00e1s caro porque el conductor tiene que aparcar y esperarle. Le ayudar\u00e1 con el equipaje y le esperar\u00e1 despu\u00e9s de la aduana con un cartel a su nombre.   Taxa sob demanda.<\/p>\n\n<p class=\"has-text-align-justify\" style=\"margin-top:0;margin-right:0;margin-bottom:0;margin-left:0;padding-top:0;padding-right:0;padding-bottom:0;padding-left:0\">El traslado del hotel al aeropuerto es menos caro, ya que el conductor no tiene que aparcar y esperarle. <\/p>\n\n<p style=\"margin-top:0;margin-bottom:0;padding-top:0;padding-bottom:0\"><strong>De \u00f4nibus:<\/strong> cerca de 1 hora &#8211; Pegue o Roissybus no cruzamento da Rue Scribe com a Rue Auber, a cerca de 7 minutos a p\u00e9 do hotel. O Roissybus \u00e9 direto para o Aeroporto Charles de Gaulle. <\/p>\n\n<p class=\"has-text-align-justify\" style=\"margin-top:0;margin-right:0;margin-bottom:0;margin-left:0;padding-top:0;padding-right:0;padding-bottom:0;padding-left:0\"><strong>En tren:<\/strong> aproximadamente 1 hora. Tendr\u00edas que hacer dos transbordos: tomar el Orlyval en el aeropuerto y parar en Anthony. Luego cambie al RER B y b\u00e1jese en la estaci\u00f3n \u201cChatelet Les Halles\u201d. All\u00ed haga transbordo al RER A y b\u00e1jese en la estaci\u00f3n \u201cAuber\u201d (a 550 metros del hotel).  <\/p>\n\n<p class=\"has-text-align-justify has-large-font-size\"><strong>Desde las estaciones de tren parisinas<\/strong><\/p>\n\n<ul class=\"wp-block-list\">\n<li><strong>Gare du Nord <\/strong><\/li>\n<\/ul>\n\n<p class=\"has-text-align-justify\" style=\"margin-top:0;margin-right:0;margin-bottom:0;margin-left:0\"><strong>En taxi :<\/strong> Dependiendo del tr\u00e1fico, la duraci\u00f3n del trayecto en taxi es de unos 20 minutos<\/p>\n\n<p class=\"has-text-align-justify\" style=\"margin-top:0;margin-right:0;margin-bottom:0;margin-left:0\"><strong>En metro:<\/strong> unos 20 minutos \u2013 Desde la estaci\u00f3n Gare du Nord, tomar la l\u00ednea 4 del metro y bajarse en la estaci\u00f3n \u201cR\u00e9aumur S\u00e9bastopol\u201d y luego cambiar a la l\u00ednea 3 del metro y bajarse en la estaci\u00f3n \u201cQuatre Septembre\u201d (a 300 metros del hotel) .<\/p>\n\n<ul class=\"wp-block-list\">\n<li><strong>Gare Montparnasse<\/strong><\/li>\n<\/ul>\n\n<p class=\"has-text-align-justify\" style=\"margin-top:0;margin-right:0;margin-bottom:0;margin-left:0\"><strong>En taxi :<\/strong> Dependiendo del tr\u00e1fico, la duraci\u00f3n del trayecto en taxi es de unos 20 minutos<\/p>\n\n<p class=\"has-text-align-justify\" style=\"margin-top:0;margin-right:0;margin-bottom:0;margin-left:0\"><strong>En metro:<\/strong> unos 20 minutos. Desde la estaci\u00f3n \u201cMontparnasse Bienvenue\u201d, tomar la l\u00ednea 13 del metro y bajar en la estaci\u00f3n \u201cInvalides\u201d, luego tomar la l\u00ednea 8 del metro y bajar en la estaci\u00f3n \u201cOp\u00e9ra\u201d (a 300 metros del hotel).<\/p>\n\n<ul class=\"wp-block-list\">\n<li><strong>Gare de Lyon<\/strong><\/li>\n<\/ul>\n\n<p class=\"has-text-align-justify\" style=\"margin-top:0;margin-right:0;margin-bottom:0;margin-left:0\"><strong>En taxi :<\/strong> Dependiendo del tr\u00e1fico, la duraci\u00f3n del trayecto en taxi es de unos 20 minutos<\/p>\n\n<p class=\"has-text-align-justify\" style=\"margin-top:0;margin-right:0;margin-bottom:0;margin-left:0\"><strong>En metro:<\/strong> unos 15 minutos \u2013 Desde la estaci\u00f3n \u201cGare de Lyon\u201d, tomar la l\u00ednea 14 del metro y bajar en la estaci\u00f3n \u201cPyramides\u201d (a 450 metros del hotel)<\/p>\n\n<p class=\"has-text-align-justify has-large-font-size\"><strong>Desde las estaciones de metro de Par\u00eds<\/strong><\/p>\n\n<ul class=\"wp-block-list\">\n<li>\u00ab<strong>Op\u00e9ra\u00bb station<\/strong><\/li>\n<\/ul>\n\n<p class=\"has-text-align-justify\" style=\"margin-top:0;margin-right:0;margin-bottom:0;margin-left:0\"><strong>A p\u00e9: <\/strong>280 metros &#8211; 4 minutos &#8211; Da esta\u00e7\u00e3o de metr\u00f4 \u201cOp\u00e9ra\u201d, caminhe para o sul na Place de l&#8217;Op\u00e9ra por aproximadamente 70 metros. Vire \u00e0 esquerda na Rue du 4 septembre por 110 metros, vire \u00e0 direita na Rue du Port-Mahon, caminhe por 70 metros e vire \u00e0 direita na Rue d&#8217;Antin e caminhe por 40 metros, voc\u00ea encontrar\u00e1 o Hotel Horset Op\u00e9ra \u00e0 sua esquerda.<\/p>\n\n<ul class=\"wp-block-list\">\n<li>\u00ab<strong>Quatre Septembre\u00bb station<\/strong><\/li>\n<\/ul>\n\n<p class=\"has-text-align-justify\" style=\"margin-top:0;margin-right:0;margin-bottom:0;margin-left:0\"><strong>A p\u00e9: <\/strong>250 metros &#8211; 3 minutos &#8211; Da esta\u00e7\u00e3o de metr\u00f4 \u201cQuatre-septembre\u201d, caminhe para oeste na Rue du 4 septembre por aproximadamente 150 metros. Vire \u00e0 esquerda na Rue de Port-Mahon, caminhe por 70 metros e vire \u00e0 direita na Rue d&#8217;Antin e caminhe por 40 metros, voc\u00ea encontrar\u00e1 o Hotel Horset Op\u00e9ra \u00e0 sua esquerda.<\/p>\n\n<ul class=\"wp-block-list\">\n<li>\u00ab<strong>Auber\u00bb station<\/strong><\/li>\n<\/ul>\n\n<p class=\"has-text-align-justify\" style=\"margin-top:0;margin-right:0;margin-bottom:0;margin-left:0\"><strong>A p\u00e9:<\/strong> 550 metros &#8211; 8 minutos &#8211; Da esta\u00e7\u00e3o RER \u201cAuber\u201d, caminhe para o sudeste na Rue Auber por aproximadamente 230 metros. Em seguida, caminhe para o sul na Place de l&#8217;Op\u00e9ra por aproximadamente 70 metros. Vire \u00e0 esquerda na Rue du 4 septembre por 110 metros, vire \u00e0 direita na Rue du Port-Mahon, caminhe 70 metros e vire \u00e0 direita na Rue d&#8217;Antin e caminhe por 40 metros, voc\u00ea encontrar\u00e1 o Hotel Horset Op\u00e9ra \u00e0 sua esquerda.<\/p>\n","protected":false},"excerpt":{"rendered":"<p>Localizaci\u00f3n del hotel Descubra el vibrante entorno del Hotel Horset Op\u00e9ra en el coraz\u00f3n de Par\u00eds. No pierda la oportunidad de consultar a nuestro personal de recepci\u00f3n para obtener valiosos consejos y recomendaciones para mejorar su exploraci\u00f3n parisina. Explore lugares emblem\u00e1ticos, boutiques de moda y puntos culturales a solo unos minutos de nuestra puerta. C\u00f3mo [&hellip;]<\/p>\n","protected":false},"author":2,"featured_media":17416,"parent":0,"menu_order":0,"comment_status":"closed","ping_status":"closed","template":"wp-custom-template-le-template-des-pages-2023","meta":{"footnotes":""},"class_list":["post-6727","page","type-page","status-publish","has-post-thumbnail","hentry"],"_links":{"self":[{"href":"https:\/\/www.hotelhorsetopera.com\/es\/wp-json\/wp\/v2\/pages\/6727","targetHints":{"allow":["GET"]}}],"collection":[{"href":"https:\/\/www.hotelhorsetopera.com\/es\/wp-json\/wp\/v2\/pages"}],"about":[{"href":"https:\/\/www.hotelhorsetopera.com\/es\/wp-json\/wp\/v2\/types\/page"}],"author":[{"embeddable":true,"href":"https:\/\/www.hotelhorsetopera.com\/es\/wp-json\/wp\/v2\/users\/2"}],"replies":[{"embeddable":true,"href":"https:\/\/www.hotelhorsetopera.com\/es\/wp-json\/wp\/v2\/comments?post=6727"}],"version-history":[{"count":2,"href":"https:\/\/www.hotelhorsetopera.com\/es\/wp-json\/wp\/v2\/pages\/6727\/revisions"}],"predecessor-version":[{"id":20840,"href":"https:\/\/www.hotelhorsetopera.com\/es\/wp-json\/wp\/v2\/pages\/6727\/revisions\/20840"}],"wp:featuredmedia":[{"embeddable":true,"href":"https:\/\/www.hotelhorsetopera.com\/es\/wp-json\/wp\/v2\/media\/17416"}],"wp:attachment":[{"href":"https:\/\/www.hotelhorsetopera.com\/es\/wp-json\/wp\/v2\/media?parent=6727"}],"curies":[{"name":"wp","href":"https:\/\/api.w.org\/{rel}","templated":true}]}}