{"id":6455,"date":"2023-05-29T22:40:22","date_gmt":"2023-05-29T20:40:22","guid":{"rendered":"http:\/\/www.laperle.tess5418.odns.fr\/plan-et-acces\/"},"modified":"2025-03-11T15:37:36","modified_gmt":"2025-03-11T14:37:36","slug":"plan-et-acces","status":"publish","type":"page","link":"https:\/\/www.hotelhorsetopera.com\/fr\/plan-et-acces\/","title":{"rendered":"Plan et Acc\u00e8s"},"content":{"rendered":"\n<h2 class=\"wp-block-heading\">Localisez l&rsquo;h\u00f4tel<\/h2>\n\n<p class=\"has-custom-contrast-color has-text-color has-link-color wp-elements-8d81cc0dd29df0b61d83eecdd7357cfa\">D\u00e9couvrez le cadre anim\u00e9 de l&rsquo;H\u00f4tel Horset Op\u00e9ra au c\u0153ur de Paris. Ne manquez pas l&rsquo;occasion de consulter notre personnel de r\u00e9ception pour obtenir de pr\u00e9cieux conseils et des recommandations pour am\u00e9liorer votre exploration de Paris.  <a href=\"\/en\/?page_id=980\">D\u00e9couvrez les sites embl\u00e9matiques, les boutiques branch\u00e9es et les hauts lieux de la culture \u00e0 quelques pas de chez nous.<\/a><\/p>\n\n<p class=\"has-text-align-justify has-link-color wp-elements-165ad12ad79783c67fab76c98e41b2c2\"><\/p>\n<style type=\"text\/css\" id=\"gmpMapStyles_1_59220\">\r\n\t#google_map_easy_1_59220 {\r\n        width: 100%;\r\n        height: 550px;\r\n\t\t\t\t\t\t    }\r\n\t#gmapControlsNum_1_59220 {\r\n\t\twidth:100%\t}\r\n\t.gmpMapDetailsContainer#gmpMapDetailsContainer_1_59220 {\r\n\t\theight:550px;\r\n\t}\r\n\t.gmp_MapPreview#google_map_easy_1_59220 {\r\n\t\t\/*position:absolute;*\/\r\n\t\twidth: 100%;\r\n\t}\r\n\t#mapConElem_1_59220{\r\n\t\twidth: 100%\t}\r\n    .gm-style .gm-style-iw-c{\r\n        padding: 12px!important;\r\n    }\r\n\t    <\/style>\r\n <div class=\"gmp_map_opts\" id=\"mapConElem_1_59220\" data-id=\"1\" data-view-id=\"1_59220\" > <div class=\"gmpMapDetailsContainer\" id=\"gmpMapDetailsContainer_1_59220\"> <i class=\"gmpKMLLayersPreloader fa fa-spinner fa-spin\" aria-hidden=\"true\" style=\"display: none;\"><\/i> <div class=\"gmp_MapPreview \" id=\"google_map_easy_1_59220\"><\/div> <\/div> <div class=\"gmpMapMarkerFilters\" id=\"gmpMapMarkerFilters_1_59220\"> <\/div> <div class=\"gmpMapProControlsCon\" id=\"gmpMapProControlsCon_1_59220\"> <a title=\"WP Google Maps\" style=\"display:none;\" href=\"https:\/\/supsystic.com\/plugins\/google-maps-plugin\/?utm_medium=love_link_hide\" target=\"_blank\" rel=\"noopener\">WP Google Maps<\/a><div style=\"clear: both;\"><\/div> <\/div> <div class=\"gmpMapProDirectionsCon\" id=\"gmpMapProDirectionsCon_1_59220\" > <\/div> <div class=\"gmpMapProKmlFilterCon\" id=\"gmpMapProKmlFilterCon_1_59220\" > <\/div> <div class=\"gmpSocialSharingShell gmpSocialSharingShell_1_59220\"> <\/div> <div style=\"clear: both;\"><\/div> <\/div> \n\n<hr class=\"wp-block-separator has-text-color has-custom-primary-color has-alpha-channel-opacity has-custom-primary-background-color has-background is-style-wide\" style=\"width: 200px; max-width: 100%;margin-top:var(--wp--preset--spacing--40);margin-bottom:0\"\/>\n\n\n\n<hr class=\"wp-block-separator aligncenter has-text-color has-custom-primary-color has-alpha-channel-opacity has-custom-primary-background-color has-background\" style=\"width: 300px; max-width: 100%;margin-top:5px\"\/>\n\n\n\n<hr class=\"wp-block-separator aligncenter has-text-color has-custom-primary-color has-alpha-channel-opacity has-custom-primary-background-color has-background\" style=\"width: 200px; max-width: 100%;margin-top:5px;margin-bottom:var(--wp--preset--spacing--30)\"\/>\n\n<h2 class=\"wp-block-heading\">Comment se rendre \u00e0 l&rsquo;h\u00f4tel<\/h2>\n\n<p class=\"has-large-font-size\"><strong>Des a\u00e9roports parisiens<\/strong><\/p>\n\n<ul class=\"wp-block-list\">\n<li><strong>A\u00e9roport Charles de Gaulle (CDG)<\/strong><\/li>\n<\/ul>\n\n<p class=\"has-text-align-justify\" style=\"margin-top:0;margin-right:0;margin-bottom:0;margin-left:0;padding-top:0;padding-right:0;padding-bottom:0;padding-left:0\"><strong>En taxi :<\/strong> Environ 1 heure &#8211; Le prix d&rsquo;un taxi ordinaire pris \u00e0 une station de taxis est fixe et s&rsquo;\u00e9l\u00e8ve \u00e0 56 \u20ac, bagages compris. Soyez attentif aux faux chauffeur de taxi et confirmez avec lui le tarif avant de monter dans la voiture.<\/p>\n\n<p class=\"has-text-align-justify\" style=\"margin-top:0;margin-right:0;margin-bottom:0;margin-left:0\">Nous pouvons \u00e9galement organiser une prise en charge \u00e0 l&rsquo;a\u00e9roport car nous travaillons avec plusieurs compagnies. C&rsquo;est plus cher car le chauffeur doit se garer et vous attendre. Il vous aidera \u00e0 porter vos bagages et vous attendra apr\u00e8s la douane avec un panneau \u00e0 votre nom. Tarif \u00e0 la demande<\/p>\n\n<p class=\"has-text-align-justify\" style=\"margin-top:0;margin-right:0;margin-bottom:0;margin-left:0;padding-top:0;padding-right:0;padding-bottom:0;padding-left:0\">Le transfert de l&rsquo;h\u00f4tel \u00e0 l&rsquo;a\u00e9roport est moins cher car le chauffeur n&rsquo;a pas \u00e0 se garer et \u00e0 vous attendre. Il co\u00fbte environ 70\u20ac. <\/p>\n\n<p class=\"has-text-align-justify\" style=\"margin-top:0;margin-right:0;margin-bottom:0;margin-left:0;padding-top:0;padding-right:0;padding-bottom:0;padding-left:0\"><strong>En train :<\/strong> Environ 1 heure &#8211; Vous pouvez \u00e9galement prendre le RER B \u00e0 l&rsquo;a\u00e9roport jusqu&rsquo;\u00e0 la station Chatelet Les Halles, puis la ligne 7 du m\u00e9tro jusqu&rsquo;\u00e0 l&rsquo;arr\u00eat Op\u00e9ra (\u00e0 220 m\u00e8tres de l&rsquo;h\u00f4tel).<\/p>\n\n<ul class=\"wp-block-list\">\n<li><strong>A\u00e9roport Orly (ORY)<\/strong><\/li>\n<\/ul>\n\n<p class=\"has-text-align-justify\" style=\"margin-top:0;margin-right:0;margin-bottom:0;margin-left:0\"><strong><strong>En taxi <\/strong><\/strong>: Environ 50 minutes &#8211; Le prix d&rsquo;un taxi ordinaire pris \u00e0 une station de taxis est fixe et s&rsquo;\u00e9l\u00e8ve \u00e0 45 \u20ac, bagages compris. Soyez attentif aux faux chauffeur de taxi et confirmez avec lui le tarif avant de monter dans la voiture.<\/p>\n\n<p class=\"has-text-align-justify\" style=\"margin-top:0;margin-right:0;margin-bottom:0;margin-left:0;padding-top:0;padding-right:0;padding-bottom:0;padding-left:0\">Nous pouvons \u00e9galement organiser une prise en charge \u00e0 l&rsquo;a\u00e9roport car nous travaillons avec plusieurs compagnies. C&rsquo;est plus cher car le chauffeur doit se garer et vous attendre. Il vous aidera \u00e0 porter vos bagages et vous attendra apr\u00e8s la douane avec un panneau \u00e0 votre nom. Tarif \u00e0 la demande<\/p>\n\n<p class=\"has-text-align-justify\" style=\"margin-top:0;margin-right:0;margin-bottom:0;margin-left:0;padding-top:0;padding-right:0;padding-bottom:0;padding-left:0\">Le transfert de l&rsquo;h\u00f4tel \u00e0 l&rsquo;a\u00e9roport est moins cher car le chauffeur n&rsquo;a pas \u00e0 se garer et \u00e0 vous attendre. Il co\u00fbte environ 70\u20ac. <\/p>\n\n<p style=\"margin-top:0;margin-bottom:0;padding-top:0;padding-bottom:0\"><strong>En bus : <\/strong>Environ 1 heure &#8211; Prendre le Roissybus au croisement de la rue Scribe et de la rue Auber, \u00e0 environ 7 minutes \u00e0 pied de l&rsquo;h\u00f4tel. Le Roissybus est direct pour l&rsquo;a\u00e9roport Charles de Gaulle. <\/p>\n\n<p class=\"has-text-align-justify\" style=\"margin-top:0;margin-right:0;margin-bottom:0;margin-left:0;padding-top:0;padding-right:0;padding-bottom:0;padding-left:0\"><strong>En train :<\/strong> Environ 1 heure &#8211; Vous devrez changer deux fois de train : Prendre l&rsquo;Orlyval \u00e0 l&rsquo;a\u00e9roport et s&rsquo;arr\u00eater \u00e0 Anthony. Puis changer pour le RER B et descendre \u00e0 la station \u00ab\u00a0Chatelet Les Halles\u00a0\u00bb. Puis changer pour le RER A et descendre \u00e0 la station \u00ab\u00a0Auber\u00a0\u00bb (550 m\u00e8tres de l&rsquo;h\u00f4tel).  <\/p>\n\n<p class=\"has-text-align-justify has-large-font-size\"><strong>Depuis les gares parisiennes<\/strong><\/p>\n\n<ul class=\"wp-block-list\">\n<li><strong>Gare du Nord <\/strong><\/li>\n<\/ul>\n\n<p class=\"has-text-align-justify\" style=\"margin-top:0;margin-right:0;margin-bottom:0;margin-left:0\"><strong>En taxi<\/strong> : En fonction de la circulation, le temps de trajet en taxi est d&rsquo;environ 20 minutes.<\/p>\n\n<p class=\"has-text-align-justify\" style=\"margin-top:0;margin-right:0;margin-bottom:0;margin-left:0\"><strong>En metro :<\/strong> Environ 20 minutes &#8211; Depuis la gare du Nord, prendre la ligne 4 du m\u00e9tro et descendre \u00e0 la station \u00ab\u00a0R\u00e9aumur S\u00e9bastopol\u00a0\u00bb, puis changer pour la ligne 3 du m\u00e9tro et descendre \u00e0 la station \u00ab\u00a0Quatre Septembre\u00a0\u00bb (\u00e0 300 m\u00e8tres de l&rsquo;h\u00f4tel).<\/p>\n\n<ul class=\"wp-block-list\">\n<li><strong>Gare Montparnasse<\/strong><\/li>\n<\/ul>\n\n<p class=\"has-text-align-justify\" style=\"margin-top:0;margin-right:0;margin-bottom:0;margin-left:0\"><strong>En taxi<\/strong> : En fonction de la circulation, le temps de trajet en taxi est d&rsquo;environ 20 minutes.<\/p>\n\n<p class=\"has-text-align-justify\" style=\"margin-top:0;margin-right:0;margin-bottom:0;margin-left:0\"><strong>En metro :<\/strong> Environ 20 minutes &#8211; Depuis la station \u00ab\u00a0Montparnasse Bienvenue\u00a0\u00bb, prendre la ligne 13 du m\u00e9tro et descendre \u00e0 la station \u00ab\u00a0Invalides\u00a0\u00bb puis prendre la ligne 8 du m\u00e9tro et descendre \u00e0 la station \u00ab\u00a0Op\u00e9ra\u00a0\u00bb (300 m\u00e8tres de l&rsquo;h\u00f4tel).<\/p>\n\n<ul class=\"wp-block-list\">\n<li><strong>Gare de Lyon<\/strong><\/li>\n<\/ul>\n\n<p class=\"has-text-align-justify\" style=\"margin-top:0;margin-right:0;margin-bottom:0;margin-left:0\"><strong>En taxi<\/strong> : En fonction de la circulation, le temps de trajet en taxi est d&rsquo;environ 20 minutes.<\/p>\n\n<p class=\"has-text-align-justify\" style=\"margin-top:0;margin-right:0;margin-bottom:0;margin-left:0\"><strong>En metro :<\/strong> Environ 15 minutes &#8211; Depuis la gare de Lyon, prendre la ligne 14 et descendre \u00e0 la station \u00ab\u00a0Pyramides\u00a0\u00bb (450 m\u00e8tres de l&rsquo;h\u00f4tel).<\/p>\n\n<p class=\"has-text-align-justify has-large-font-size\"><strong>Depuis les stations de m\u00e9tro<\/strong><\/p>\n\n<ul class=\"wp-block-list\">\n<li>\u00ab\u00a0<strong>Op\u00e9ra\u00a0\u00bb station<\/strong><\/li>\n<\/ul>\n\n<p class=\"has-text-align-justify\" style=\"margin-top:0;margin-right:0;margin-bottom:0;margin-left:0\"><strong>A pied :<\/strong> 280 m\u00e8tres &#8211; 4 minutes &#8211; Depuis la station de m\u00e9tro \u00ab Op\u00e9ra \u00bb, marcher vers le sud sur la place de l&rsquo;Op\u00e9ra pendant environ 70 m\u00e8tres. Tourner \u00e0 gauche dans la rue du 4 septembre sur 110 m\u00e8tres, tourner \u00e0 droite dans la rue du Port-Mahon, marcher 70 m\u00e8tres et tourner \u00e0 droite dans la rue d&rsquo;Antin et marcher 40 m\u00e8tres, vous trouverez l&rsquo;H\u00f4tel Horset Op\u00e9ra sur votre gauche.<\/p>\n\n<ul class=\"wp-block-list\">\n<li>\u00ab\u00a0<strong>Quatre Septembre\u00a0\u00bb station<\/strong><\/li>\n<\/ul>\n\n<p class=\"has-text-align-justify\" style=\"margin-top:0;margin-right:0;margin-bottom:0;margin-left:0\"><strong>A pied <\/strong>: 250 m\u00e8tres &#8211; 3 minutes &#8211; Depuis la station de m\u00e9tro \u00ab Quatre-septembre \u00bb, marcher vers l&rsquo;ouest sur la rue du 4 septembre pendant environ 150 m\u00e8tres. Tourner \u00e0 gauche dans la rue de Port-Mahon, marcher 70 m\u00e8tres et tourner \u00e0 droite dans la rue d&rsquo;Antin et marcher 40 m\u00e8tres, vous trouverez l&rsquo;H\u00f4tel Horset Op\u00e9ra sur votre gauche.<\/p>\n\n<ul class=\"wp-block-list\">\n<li>\u00ab\u00a0<strong>Auber\u00a0\u00bb station<\/strong><\/li>\n<\/ul>\n\n<p class=\"has-text-align-justify\" style=\"margin-top:0;margin-right:0;margin-bottom:0;margin-left:0\"><strong>A pied :<\/strong> 550 m\u00e8tres &#8211; 8 minutes &#8211; Depuis la station de RER \u00ab Auber \u00bb, marcher vers le sud-est sur la rue Auber sur environ 230 m\u00e8tres. Prendre la place de l&rsquo;Op\u00e9ra vers le Sud sur environ 70 m\u00e8tres. Tourner \u00e0 gauche dans la rue du 4 septembre sur 110 m\u00e8tres, tourner \u00e0 droite dans la rue du Port-Mahon, marcher 70 m\u00e8tres et tourner \u00e0 droite dans la rue d&rsquo;Antin et marcher 40 m\u00e8tres, vous trouverez l&rsquo;h\u00f4tel Horset Op\u00e9ra sur votre gauche.<\/p>\n","protected":false},"excerpt":{"rendered":"<p>Localisez l&rsquo;h\u00f4tel D\u00e9couvrez le cadre anim\u00e9 de l&rsquo;H\u00f4tel Horset Op\u00e9ra au c\u0153ur de Paris. Ne manquez pas l&rsquo;occasion de consulter notre personnel de r\u00e9ception pour obtenir de pr\u00e9cieux conseils et des recommandations pour am\u00e9liorer votre exploration de Paris. D\u00e9couvrez les sites embl\u00e9matiques, les boutiques branch\u00e9es et les hauts lieux de la culture \u00e0 quelques pas [&hellip;]<\/p>\n","protected":false},"author":2,"featured_media":17411,"parent":0,"menu_order":0,"comment_status":"closed","ping_status":"closed","template":"wp-custom-template-le-template-des-pages-2023","meta":{"footnotes":""},"class_list":["post-6455","page","type-page","status-publish","has-post-thumbnail","hentry"],"_links":{"self":[{"href":"https:\/\/www.hotelhorsetopera.com\/fr\/wp-json\/wp\/v2\/pages\/6455","targetHints":{"allow":["GET"]}}],"collection":[{"href":"https:\/\/www.hotelhorsetopera.com\/fr\/wp-json\/wp\/v2\/pages"}],"about":[{"href":"https:\/\/www.hotelhorsetopera.com\/fr\/wp-json\/wp\/v2\/types\/page"}],"author":[{"embeddable":true,"href":"https:\/\/www.hotelhorsetopera.com\/fr\/wp-json\/wp\/v2\/users\/2"}],"replies":[{"embeddable":true,"href":"https:\/\/www.hotelhorsetopera.com\/fr\/wp-json\/wp\/v2\/comments?post=6455"}],"version-history":[{"count":2,"href":"https:\/\/www.hotelhorsetopera.com\/fr\/wp-json\/wp\/v2\/pages\/6455\/revisions"}],"predecessor-version":[{"id":20844,"href":"https:\/\/www.hotelhorsetopera.com\/fr\/wp-json\/wp\/v2\/pages\/6455\/revisions\/20844"}],"wp:featuredmedia":[{"embeddable":true,"href":"https:\/\/www.hotelhorsetopera.com\/fr\/wp-json\/wp\/v2\/media\/17411"}],"wp:attachment":[{"href":"https:\/\/www.hotelhorsetopera.com\/fr\/wp-json\/wp\/v2\/media?parent=6455"}],"curies":[{"name":"wp","href":"https:\/\/api.w.org\/{rel}","templated":true}]}}