{"id":6457,"date":"2023-05-05T12:43:07","date_gmt":"2023-05-05T10:43:07","guid":{"rendered":"http:\/\/www.laperle.tess5418.odns.fr\/chambres\/"},"modified":"2024-01-22T16:58:25","modified_gmt":"2024-01-22T15:58:25","slug":"chambres","status":"publish","type":"page","link":"https:\/\/www.hotelhorsetopera.com\/fr\/chambres\/","title":{"rendered":"Les Chambres"},"content":{"rendered":"\n<p class=\"has-text-align-justify has-custom-rouge-footer-color has-custom-links-beige-background-color has-text-color has-background\" style=\"margin-top:0;margin-right:0;margin-bottom:0;margin-left:0;padding-top:0;padding-right:0;padding-bottom:0;padding-left:0\">Les chambres de l&rsquo;h\u00f4tel Horset Opera \u00e0 Paris sont un m\u00e9lange harmonieux de confort moderne et de style classique. Avec une gamme d&rsquo;options bien am\u00e9nag\u00e9es, les clients peuvent profiter d&rsquo;un s\u00e9jour relaxant et pratique. Chaque chambre offre une ambiance sereine, con\u00e7ue avec soin pour offrir un refuge confortable apr\u00e8s une journ\u00e9e pass\u00e9e \u00e0 explorer la ville. Que vous soyez \u00e0 Paris pour les affaires ou les loisirs, les chambres de l&rsquo;h\u00f4tel Horset Opera constituent un havre de paix accueillant dans un emplacement de choix pour votre s\u00e9jour.   <\/p>\n\n\n\n<div class=\"wp-block-columns is-layout-flex wp-container-core-columns-is-layout-d0b3c9c8 wp-block-columns-is-layout-flex\">\n<div class=\"wp-block-column is-style-default has-custom-background-background-color has-background is-layout-flow wp-container-core-column-is-layout-faf9ae4d wp-block-column-is-layout-flow\" style=\"padding-bottom:15px\">\n<div class=\"wp-block-cover is-light is-style-tw-border-inner hover-zoom tw-stretched-link tw-ratio-3-2\" style=\"padding-top:0;padding-right:0;padding-bottom:0;padding-left:0\"><span aria-hidden=\"true\" class=\"wp-block-cover__background has-background-dim-20 has-background-dim\"><\/span><img loading=\"lazy\" decoding=\"async\" width=\"595\" height=\"397\" sizes=\"auto, (max-width: 799px) 200vw, (max-width: 595px) 100vw, 595px\" class=\"wp-block-cover__image-background wp-image-17022\" alt=\"\" src=\"https:\/\/www.hotelhorsetopera.com\/wp-content\/uploads\/2023\/11\/horset-opera-paris-single-room-presentation-jpg.webp\" data-object-fit=\"cover\" title=\"\" srcset=\"https:\/\/www.hotelhorsetopera.com\/wp-content\/uploads\/2023\/11\/horset-opera-paris-single-room-presentation-jpg.webp 595w, https:\/\/www.hotelhorsetopera.com\/wp-content\/uploads\/2023\/11\/horset-opera-paris-single-room-presentation-300x200.webp 300w\" \/><div class=\"wp-block-cover__inner-container is-layout-flow wp-block-cover-is-layout-flow\">\n<h2 class=\"wp-block-heading has-text-align-center has-custom-background-color has-text-color has-link-color has-large-font-size wp-elements-da93616376c4930110a07dd0b273124a\"><a href=\"https:\/\/www.hotelhorsetopera.com\/fr\/chambres\/chambres-single\/\" data-type=\"page\" data-id=\"6506\">Chambres Single<\/a><\/h2>\n<\/div><\/div>\n\n\n\n<p class=\"has-text-align-justify has-custom-contrast-color has-text-color\" style=\"margin-top:var(--wp--preset--spacing--30);margin-right:0;margin-left:0\">Les chambres single de l&rsquo;H\u00f4tel Horset Op\u00e9ra, avec vue sur la rue d&rsquo;Antin, offrent un confort douillet sur une surface de 17 m\u00e8tres carr\u00e9, avec de nombreux rangements et un d\u00e9cor chaleureux. Parfaites pour les s\u00e9jours prolong\u00e9s, elles garantissent une exp\u00e9rience confortable. <\/p>\n\n\n\n<div class=\"wp-block-columns are-vertically-aligned-bottom is-layout-flex wp-container-core-columns-is-layout-3df1fb3a wp-block-columns-is-layout-flex\" style=\"margin-top:20px;padding-top:0;padding-right:var(--wp--preset--spacing--30);padding-left:var(--wp--preset--spacing--30)\">\n<div class=\"wp-block-column is-vertically-aligned-bottom is-layout-flow wp-block-column-is-layout-flow\" style=\"padding-top:0;padding-right:0;padding-bottom:0;padding-left:0\">\n<div class=\"wp-block-buttons is-layout-flex wp-block-buttons-is-layout-flex\">\n<div class=\"wp-block-button has-custom-width wp-block-button__width-100 is-style-outline is-style-outline--2\" style=\"line-height:0.8\"><a class=\"wp-block-button__link has-primary-background-color has-background wp-element-button\" href=\"https:\/\/www.hotelhorsetopera.com\/fr\/chambres\/chambres-single\/\"><strong>D\u00e9couvrir<\/strong><\/a><\/div>\n<\/div>\n<\/div>\n<\/div>\n<\/div>\n\n\n\n<div class=\"wp-block-column is-style-default has-custom-background-background-color has-background is-layout-flow wp-container-core-column-is-layout-8e5008fe wp-block-column-is-layout-flow\" style=\"padding-top:0;padding-right:0;padding-bottom:15px;padding-left:0\">\n<div class=\"wp-block-cover is-light is-style-tw-border-inner hover-zoom tw-stretched-link tw-ratio-3-2\"><span aria-hidden=\"true\" class=\"wp-block-cover__background has-background-dim-20 has-background-dim\"><\/span><img loading=\"lazy\" decoding=\"async\" width=\"595\" height=\"397\" sizes=\"auto, (max-width: 799px) 200vw, (max-width: 595px) 100vw, 595px\" class=\"wp-block-cover__image-background wp-image-17030\" alt=\"\" src=\"https:\/\/www.hotelhorsetopera.com\/wp-content\/uploads\/2023\/11\/horset-opera-paris-standard-double-room-presentation-jpg.webp\" data-object-fit=\"cover\" title=\"\" srcset=\"https:\/\/www.hotelhorsetopera.com\/wp-content\/uploads\/2023\/11\/horset-opera-paris-standard-double-room-presentation-jpg.webp 595w, https:\/\/www.hotelhorsetopera.com\/wp-content\/uploads\/2023\/11\/horset-opera-paris-standard-double-room-presentation-300x200.webp 300w\" \/><div class=\"wp-block-cover__inner-container is-layout-flow wp-block-cover-is-layout-flow\">\n<h2 class=\"wp-block-heading has-text-align-center has-custom-background-color has-text-color has-link-color has-large-font-size wp-elements-0a5890368fc705fef2a06fa173963e12\"><a href=\"https:\/\/www.hotelhorsetopera.com\/fr\/chambres\/chambres-double-standard\/\" data-type=\"page\" data-id=\"6510\">Chambres Standard<\/a><\/h2>\n<\/div><\/div>\n\n\n\n<p class=\"has-text-align-justify has-custom-contrast-color has-text-color\" style=\"margin-top:var(--wp--preset--spacing--30);margin-right:0;margin-left:0\">Les chambres doubles standard de l&rsquo;H\u00f4tel Horset Op\u00e9ra offrent des vues sur la rue d&rsquo;Antin ou la rue Port Mahon. Ces chambres d&rsquo;une superficie de 18 m\u00e8tres carr\u00e9s sont id\u00e9ales pour les s\u00e9jours de courte dur\u00e9e et sont d\u00e9cor\u00e9es de tissus diff\u00e9rents, ce qui leur conf\u00e8re un caract\u00e8re unique. <\/p>\n\n\n\n<div class=\"wp-block-columns are-vertically-aligned-bottom is-layout-flex wp-container-core-columns-is-layout-3df1fb3a wp-block-columns-is-layout-flex\" style=\"margin-top:20px;padding-top:0;padding-right:var(--wp--preset--spacing--30);padding-left:var(--wp--preset--spacing--30)\">\n<div class=\"wp-block-column is-vertically-aligned-bottom is-layout-flow wp-block-column-is-layout-flow\" style=\"padding-top:0;padding-right:0;padding-bottom:0;padding-left:0\">\n<div class=\"wp-block-buttons is-layout-flex wp-block-buttons-is-layout-flex\">\n<div class=\"wp-block-button has-custom-width wp-block-button__width-100 is-style-outline is-style-outline--3\" style=\"line-height:0.8\"><a class=\"wp-block-button__link has-primary-background-color has-background wp-element-button\" href=\"https:\/\/www.hotelhorsetopera.com\/fr\/chambres\/chambres-double-standard\/\"><strong>D\u00e9couvrir<\/strong><\/a><\/div>\n<\/div>\n<\/div>\n<\/div>\n<\/div>\n<\/div>\n\n\n\n<div class=\"wp-block-columns is-layout-flex wp-container-core-columns-is-layout-d0b3c9c8 wp-block-columns-is-layout-flex\">\n<div class=\"wp-block-column is-style-default has-custom-background-background-color has-background is-layout-flow wp-container-core-column-is-layout-8e5008fe wp-block-column-is-layout-flow\" style=\"padding-top:0;padding-right:0;padding-bottom:15px;padding-left:0\">\n<div class=\"wp-block-cover is-light is-style-tw-border-inner hover-zoom tw-stretched-link tw-ratio-3-2\"><span aria-hidden=\"true\" class=\"wp-block-cover__background has-background-dim-20 has-background-dim\"><\/span><img loading=\"lazy\" decoding=\"async\" width=\"595\" height=\"397\" sizes=\"auto, (max-width: 799px) 200vw, (max-width: 595px) 100vw, 595px\" class=\"wp-block-cover__image-background wp-image-17046\" alt=\"\" src=\"https:\/\/www.hotelhorsetopera.com\/wp-content\/uploads\/2023\/11\/horset-opera-paris-twin-bed-room-presentation-jpg.webp\" data-object-fit=\"cover\" title=\"\" srcset=\"https:\/\/www.hotelhorsetopera.com\/wp-content\/uploads\/2023\/11\/horset-opera-paris-twin-bed-room-presentation-jpg.webp 595w, https:\/\/www.hotelhorsetopera.com\/wp-content\/uploads\/2023\/11\/horset-opera-paris-twin-bed-room-presentation-300x200.webp 300w\" \/><div class=\"wp-block-cover__inner-container is-layout-flow wp-block-cover-is-layout-flow\">\n<h2 class=\"wp-block-heading has-text-align-center has-custom-background-color has-text-color has-link-color has-large-font-size wp-elements-75897c4d1faea15480aa8f43c81ab0d6\"><a href=\"https:\/\/www.hotelhorsetopera.com\/fr\/chambres\/chambres-lits-jumeaux\/\" data-type=\"page\" data-id=\"6517\">Chambres Lits jumeaux<\/a><\/h2>\n<\/div><\/div>\n\n\n\n<p class=\"has-text-align-justify has-custom-contrast-color has-text-color\" style=\"margin-top:var(--wp--preset--spacing--30);margin-right:0;margin-left:0\">Les chambres \u00e0 lits jumeaux de l&rsquo;H\u00f4tel Horset Op\u00e9ra offrent des vues sur la rue d&rsquo;Antin ou sur la cour int\u00e9rieure sereine. Spacieuses, ces chambres sont parfaites pour les s\u00e9jours de moyenne ou longue dur\u00e9e. <\/p>\n\n\n\n<div class=\"wp-block-columns are-vertically-aligned-bottom is-layout-flex wp-container-core-columns-is-layout-3df1fb3a wp-block-columns-is-layout-flex\" style=\"margin-top:20px;padding-top:0;padding-right:var(--wp--preset--spacing--30);padding-left:var(--wp--preset--spacing--30)\">\n<div class=\"wp-block-column is-vertically-aligned-bottom is-layout-flow wp-block-column-is-layout-flow\" style=\"padding-top:0;padding-right:0;padding-bottom:0;padding-left:0\">\n<div class=\"wp-block-buttons is-layout-flex wp-block-buttons-is-layout-flex\">\n<div class=\"wp-block-button has-custom-width wp-block-button__width-100 is-style-outline is-style-outline--4\" style=\"line-height:0.8\"><a class=\"wp-block-button__link has-primary-background-color has-background wp-element-button\" href=\"https:\/\/www.hotelhorsetopera.com\/fr\/chambres\/chambres-lits-jumeaux\/\"><strong>D\u00e9couvrir<\/strong><\/a><\/div>\n<\/div>\n<\/div>\n<\/div>\n<\/div>\n\n\n\n<div class=\"wp-block-column is-style-default has-custom-background-background-color has-background is-layout-flow wp-container-core-column-is-layout-faf9ae4d wp-block-column-is-layout-flow\" style=\"padding-bottom:15px\">\n<div class=\"wp-block-cover is-light is-style-tw-border-inner hover-zoom tw-stretched-link tw-ratio-3-2\"><span aria-hidden=\"true\" class=\"wp-block-cover__background has-background-dim-20 has-background-dim\"><\/span><img loading=\"lazy\" decoding=\"async\" width=\"595\" height=\"397\" sizes=\"auto, (max-width: 799px) 200vw, (max-width: 595px) 100vw, 595px\" class=\"wp-block-cover__image-background wp-image-17038\" alt=\"\" src=\"https:\/\/www.hotelhorsetopera.com\/wp-content\/uploads\/2023\/11\/horset-opera-paris-superior-room-presentation-jpg.webp\" data-object-fit=\"cover\" title=\"\" srcset=\"https:\/\/www.hotelhorsetopera.com\/wp-content\/uploads\/2023\/11\/horset-opera-paris-superior-room-presentation-jpg.webp 595w, https:\/\/www.hotelhorsetopera.com\/wp-content\/uploads\/2023\/11\/horset-opera-paris-superior-room-presentation-300x200.webp 300w\" \/><div class=\"wp-block-cover__inner-container is-layout-flow wp-block-cover-is-layout-flow\">\n<h2 class=\"wp-block-heading has-text-align-center has-custom-background-color has-text-color has-link-color has-large-font-size wp-elements-8e76ac89bb6b0bacdc9c207e9c1e3a5b\"><a href=\"https:\/\/www.hotelhorsetopera.com\/fr\/chambres\/chambres-superieures\/\" data-type=\"page\" data-id=\"6523\">Chambres Sup\u00e9rieures<\/a><\/h2>\n<\/div><\/div>\n\n\n\n<p class=\"has-text-align-justify has-custom-contrast-color has-text-color\" style=\"margin-top:var(--wp--preset--spacing--30);margin-right:0;margin-left:0\">Les chambres sup\u00e9rieures de l&rsquo;h\u00f4tel Horset Op\u00e9ra, de 22 m\u00e8tres carr\u00e9s, offrent un confort spacieux. Elles sont dot\u00e9es de grandes salles de bains avec douche \u00e0 l&rsquo;italienne, ce qui garantit un s\u00e9jour d\u00e9tendu et pratique. <\/p>\n\n\n\n<div class=\"wp-block-columns are-vertically-aligned-bottom is-layout-flex wp-container-core-columns-is-layout-3df1fb3a wp-block-columns-is-layout-flex\" style=\"margin-top:20px;padding-top:0;padding-right:var(--wp--preset--spacing--30);padding-left:var(--wp--preset--spacing--30)\">\n<div class=\"wp-block-column is-vertically-aligned-bottom is-layout-flow wp-block-column-is-layout-flow\" style=\"padding-top:0;padding-right:0;padding-bottom:0;padding-left:0\">\n<div class=\"wp-block-buttons is-layout-flex wp-block-buttons-is-layout-flex\">\n<div class=\"wp-block-button has-custom-width wp-block-button__width-100 is-style-outline is-style-outline--5\" style=\"line-height:0.8\"><a class=\"wp-block-button__link has-primary-background-color has-background wp-element-button\" href=\"https:\/\/www.hotelhorsetopera.com\/fr\/chambres\/chambres-superieures\/\"><strong>D\u00e9couvrir<\/strong><\/a><\/div>\n<\/div>\n<\/div>\n<\/div>\n<\/div>\n<\/div>\n\n\n\n<div class=\"wp-block-columns is-layout-flex wp-container-core-columns-is-layout-d0b3c9c8 wp-block-columns-is-layout-flex\">\n<div class=\"wp-block-column is-layout-flow wp-block-column-is-layout-flow\" style=\"--col-width:25%;flex-basis:25%\"><\/div>\n\n\n\n<div class=\"wp-block-column is-style-default has-custom-background-background-color has-background is-layout-flow wp-container-core-column-is-layout-faf9ae4d wp-block-column-is-layout-flow\" style=\"--col-width:50%;padding-bottom:15px;flex-basis:50%\">\n<div class=\"wp-block-cover is-light is-style-tw-border-inner hover-zoom tw-stretched-link tw-ratio-3-2\"><span aria-hidden=\"true\" class=\"wp-block-cover__background has-background-dim-20 has-background-dim\"><\/span><img loading=\"lazy\" decoding=\"async\" width=\"595\" height=\"397\" sizes=\"auto, (max-width: 799px) 200vw, (max-width: 595px) 100vw, 595px\" class=\"wp-block-cover__image-background wp-image-17014\" alt=\"\" src=\"https:\/\/www.hotelhorsetopera.com\/wp-content\/uploads\/2023\/11\/horset-opera-paris-Connecting-rooms-presentation-jpg.webp\" data-object-fit=\"cover\" title=\"\" srcset=\"https:\/\/www.hotelhorsetopera.com\/wp-content\/uploads\/2023\/11\/horset-opera-paris-Connecting-rooms-presentation-jpg.webp 595w, https:\/\/www.hotelhorsetopera.com\/wp-content\/uploads\/2023\/11\/horset-opera-paris-Connecting-rooms-presentation-300x200.webp 300w\" \/><div class=\"wp-block-cover__inner-container is-layout-flow wp-block-cover-is-layout-flow\">\n<h2 class=\"wp-block-heading has-text-align-center has-custom-background-color has-text-color has-link-color has-large-font-size wp-elements-01f757801e46a3e3f982fc876ec1aab2\"><a href=\"https:\/\/www.hotelhorsetopera.com\/fr\/chambres\/chambres-communicantes\/\" data-type=\"page\" data-id=\"18731\">Chambres Communicantes<\/a><\/h2>\n<\/div><\/div>\n\n\n\n<p class=\"has-text-align-justify has-custom-contrast-color has-text-color\" style=\"margin-top:var(--wp--preset--spacing--30);margin-right:0;margin-left:0\">Les chambres communicantes de l&rsquo;h\u00f4tel Horset Op\u00e9ra, parfaites pour les familles, se composent d&rsquo;une chambre \u00e0 lits jumeaux et d&rsquo;une chambre \u00e0 grand lit, offrant \u00e0 la fois espace et commodit\u00e9 pour un s\u00e9jour confortable.<\/p>\n\n\n\n<div class=\"wp-block-columns are-vertically-aligned-bottom is-layout-flex wp-container-core-columns-is-layout-3df1fb3a wp-block-columns-is-layout-flex\" style=\"margin-top:20px;padding-top:0;padding-right:var(--wp--preset--spacing--30);padding-left:var(--wp--preset--spacing--30)\">\n<div class=\"wp-block-column is-vertically-aligned-bottom is-layout-flow wp-block-column-is-layout-flow\" style=\"padding-top:0;padding-right:0;padding-bottom:0;padding-left:0\">\n<div class=\"wp-block-buttons is-layout-flex wp-block-buttons-is-layout-flex\">\n<div class=\"wp-block-button has-custom-width wp-block-button__width-100 is-style-outline is-style-outline--6\" style=\"line-height:0.8\"><a class=\"wp-block-button__link wp-element-button\" href=\"https:\/\/www.hotelhorsetopera.com\/fr\/chambres\/chambres-communicantes\/\"><strong>D\u00e9couvrir<\/strong><\/a><\/div>\n<\/div>\n<\/div>\n\n\n\n<div class=\"wp-block-column is-vertically-aligned-bottom is-layout-flow wp-block-column-is-layout-flow\">\n<div class=\"wp-block-buttons is-layout-flex wp-block-buttons-is-layout-flex\">\n<div class=\"wp-block-button has-custom-width wp-block-button__width-100\" style=\"line-height:0.8\"><a class=\"wp-block-button__link has-custom-background-color has-text-color has-background wp-element-button\" href=\"https:\/\/www.secure-hotel-booking.com\/smart\/sa-antin-hotel\/29L9\/\" style=\"background:linear-gradient(180deg,rgb(255,0,0) 0%,rgb(178,15,15) 100%)\" target=\"_blank\" rel=\"noopener\"><strong>R\u00e9servez<\/strong><\/a><\/div>\n<\/div>\n<\/div>\n<\/div>\n<\/div>\n\n\n\n<div class=\"wp-block-column is-layout-flow wp-block-column-is-layout-flow\" style=\"--col-width:33.3%;flex-basis:33.3%\"><\/div>\n<\/div>\n","protected":false},"excerpt":{"rendered":"<p>Les chambres de l&rsquo;h\u00f4tel Horset Opera \u00e0 Paris sont un m\u00e9lange harmonieux de confort moderne et de style classique. Avec une gamme d&rsquo;options bien am\u00e9nag\u00e9es, les clients peuvent profiter d&rsquo;un s\u00e9jour relaxant et pratique. Chaque chambre offre une ambiance sereine, con\u00e7ue avec soin pour offrir un refuge confortable apr\u00e8s une journ\u00e9e pass\u00e9e \u00e0 explorer la [&hellip;]<\/p>\n","protected":false},"author":1,"featured_media":16936,"parent":0,"menu_order":0,"comment_status":"closed","ping_status":"closed","template":"wp-custom-template-le-template-des-pages-2023","meta":{"footnotes":""},"class_list":["post-6457","page","type-page","status-publish","has-post-thumbnail","hentry"],"_links":{"self":[{"href":"https:\/\/www.hotelhorsetopera.com\/fr\/wp-json\/wp\/v2\/pages\/6457","targetHints":{"allow":["GET"]}}],"collection":[{"href":"https:\/\/www.hotelhorsetopera.com\/fr\/wp-json\/wp\/v2\/pages"}],"about":[{"href":"https:\/\/www.hotelhorsetopera.com\/fr\/wp-json\/wp\/v2\/types\/page"}],"author":[{"embeddable":true,"href":"https:\/\/www.hotelhorsetopera.com\/fr\/wp-json\/wp\/v2\/users\/1"}],"replies":[{"embeddable":true,"href":"https:\/\/www.hotelhorsetopera.com\/fr\/wp-json\/wp\/v2\/comments?post=6457"}],"version-history":[{"count":0,"href":"https:\/\/www.hotelhorsetopera.com\/fr\/wp-json\/wp\/v2\/pages\/6457\/revisions"}],"wp:featuredmedia":[{"embeddable":true,"href":"https:\/\/www.hotelhorsetopera.com\/fr\/wp-json\/wp\/v2\/media\/16936"}],"wp:attachment":[{"href":"https:\/\/www.hotelhorsetopera.com\/fr\/wp-json\/wp\/v2\/media?parent=6457"}],"curies":[{"name":"wp","href":"https:\/\/api.w.org\/{rel}","templated":true}]}}