{"id":6483,"date":"2023-05-05T12:46:57","date_gmt":"2023-05-05T10:46:57","guid":{"rendered":"http:\/\/www.laperle.tess5418.odns.fr\/visite-de-paris\/"},"modified":"2023-11-10T15:36:53","modified_gmt":"2023-11-10T14:36:53","slug":"visite-de-paris","status":"publish","type":"page","link":"https:\/\/www.hotelhorsetopera.com\/fr\/visite-de-paris\/","title":{"rendered":"Visite de Paris"},"content":{"rendered":"\n<p class=\"has-text-align-justify has-custom-rouge-footer-color has-text-color\" style=\"margin-top:0;margin-right:0;margin-bottom:0;margin-left:0\">Faites confiance aux recommandations expertes du personnel de la r\u00e9ception de l&rsquo;h\u00f4tel Horset Op\u00e9ra pour d\u00e9couvrir le meilleur de Paris. Des lieux embl\u00e9matiques aux joyaux cach\u00e9s, ils vous guideront pour explorer certains quartiers, go\u00fbter aux d\u00e9lices culinaires, d\u00e9couvrir l&rsquo;art et la culture, et cr\u00e9er des souvenirs inoubliables pendant votre s\u00e9jour dans la Ville Lumi\u00e8re.<\/p>\n\n\n\n<div class=\"wp-block-columns leconteneur has-custom-links-beige-background-color has-background is-layout-flex wp-container-core-columns-is-layout-8c511434 wp-block-columns-is-layout-flex\" style=\"margin-top:var(--wp--preset--spacing--30);padding-top:0;padding-right:0;padding-bottom:0;padding-left:0\">\n<div class=\"wp-block-column is-layout-flow wp-block-column-is-layout-flow\">\n<div class=\"wp-block-cover is-light is-style-tw-border-inner image-zoom tw-stretched-link tw-hover-opacity tw-ratio-1-1\"><span aria-hidden=\"true\" class=\"wp-block-cover__background has-custom-contrast-background-color has-background-dim-30 has-background-dim\"><\/span><img decoding=\"async\" sizes=\"(max-width: 799px) 200vw, (max-width: 385px) 100vw, 385px\" class=\"wp-block-cover__image-background wp-image-16787\" alt=\"\" src=\"https:\/\/www.hotelhorsetopera.com\/wp-content\/uploads\/2023\/10\/Monuments-in-Paris-1-jpg.webp\" data-object-fit=\"cover\" title=\"\"><div class=\"wp-block-cover__inner-container is-layout-flow wp-block-cover-is-layout-flow\">\n<p class=\"has-text-align-center has-large-font-size\" style=\"text-decoration:none\"><a href=\"https:\/\/www.hotelhorsetopera.com\/fr\/visite-de-paris\/monuments\/\"><mark style=\"background-color:rgba(0, 0, 0, 0)\" class=\"has-inline-color has-custom-background-color\"><span style=\"text-decoration: underline;\">Monuments<\/span><\/mark><\/a><\/p>\n<\/div><\/div>\n<\/div>\n\n\n\n<div class=\"wp-block-column is-layout-flow wp-block-column-is-layout-flow\">\n<div class=\"wp-block-cover is-style-tw-border-inner image-zoom tw-stretched-link tw-hover-opacity tw-ratio-1-1\"><span aria-hidden=\"true\" class=\"wp-block-cover__background has-custom-contrast-background-color has-background-dim-30 has-background-dim\"><\/span><img decoding=\"async\" sizes=\"(max-width: 799px) 200vw, (max-width: 385px) 100vw, 385px\" class=\"wp-block-cover__image-background wp-image-14567\" alt=\"\" src=\"https:\/\/www.hotelhorsetopera.com\/wp-content\/uploads\/2023\/10\/Museums-in-Paris-jpg.webp\" data-object-fit=\"cover\" title=\"\"><div class=\"wp-block-cover__inner-container is-layout-flow wp-block-cover-is-layout-flow\">\n<p class=\"has-text-align-center has-link-color has-large-font-size wp-elements-0130efc272dbe04bfeccdaf38bb3667a\" style=\"text-decoration:none\"><mark style=\"background-color:rgba(0, 0, 0, 0)\" class=\"has-inline-color has-custom-background-color\"><span style=\"text-decoration: underline;\"><a href=\"https:\/\/www.hotelhorsetopera.com\/fr\/visite-de-paris\/musees\/\">Mus\u00e9es<\/a><\/span><\/mark><\/p>\n<\/div><\/div>\n<\/div>\n\n\n\n<div class=\"wp-block-column is-layout-flow wp-block-column-is-layout-flow\">\n<div class=\"wp-block-cover is-style-tw-border-inner image-zoom tw-stretched-link tw-hover-opacity tw-ratio-1-1\"><span aria-hidden=\"true\" class=\"wp-block-cover__background has-custom-contrast-background-color has-background-dim-30 has-background-dim\"><\/span><img decoding=\"async\" sizes=\"(max-width: 799px) 200vw, (max-width: 385px) 100vw, 385px\" class=\"wp-block-cover__image-background wp-image-14559\" alt=\"\" src=\"https:\/\/www.hotelhorsetopera.com\/wp-content\/uploads\/2023\/10\/Restaurants-in-Paris-jpg.webp\" data-object-fit=\"cover\" title=\"\"><div class=\"wp-block-cover__inner-container is-layout-flow wp-block-cover-is-layout-flow\">\n<p class=\"has-text-align-center has-link-color has-large-font-size wp-elements-b26b45ba396ed10eddaed888f9cf110a\" style=\"text-decoration:none\"><mark style=\"background-color:rgba(0, 0, 0, 0)\" class=\"has-inline-color has-custom-background-color\"><span style=\"text-decoration: underline;\"><a href=\"https:\/\/www.hotelhorsetopera.com\/fr\/visite-de-paris\/restaurants\/\">Restaurants<\/a><\/span><\/mark><\/p>\n<\/div><\/div>\n<\/div>\n<\/div>\n\n\n\n<div class=\"wp-block-columns leconteneur has-custom-links-beige-background-color has-background is-layout-flex wp-container-core-columns-is-layout-8c511434 wp-block-columns-is-layout-flex\" style=\"margin-top:var(--wp--preset--spacing--30);padding-top:0;padding-right:0;padding-bottom:0;padding-left:0\">\n<div class=\"wp-block-column is-layout-flow wp-block-column-is-layout-flow\">\n<div class=\"wp-block-cover is-light is-style-tw-border-inner image-zoom tw-stretched-link tw-hover-opacity tw-ratio-1-1\"><span aria-hidden=\"true\" class=\"wp-block-cover__background has-custom-contrast-background-color has-background-dim-30 has-background-dim\"><\/span><img decoding=\"async\" sizes=\"(max-width: 799px) 200vw, (max-width: 385px) 100vw, 385px\" class=\"wp-block-cover__image-background wp-image-14543\" alt=\"\" src=\"https:\/\/www.hotelhorsetopera.com\/wp-content\/uploads\/2023\/10\/Well-being-in-Paris-jpg.webp\" data-object-fit=\"cover\" title=\"\"><div class=\"wp-block-cover__inner-container is-layout-flow wp-block-cover-is-layout-flow\">\n<p class=\"has-text-align-center has-link-color has-large-font-size wp-elements-cbedec6586b7ebc31c2363e14b5768a5\" style=\"text-decoration:none\"><mark style=\"background-color:rgba(0, 0, 0, 0)\" class=\"has-inline-color has-custom-background-color\"><span style=\"text-decoration: underline;\"><a href=\"https:\/\/www.hotelhorsetopera.com\/fr\/visite-de-paris\/bien-etre\/\" data-type=\"page\" data-id=\"3196\">Bien \u00eatre<\/a><\/span><\/mark><\/p>\n<\/div><\/div>\n<\/div>\n\n\n\n<div class=\"wp-block-column is-layout-flow wp-block-column-is-layout-flow\">\n<div class=\"wp-block-cover is-style-tw-border-inner image-zoom tw-stretched-link tw-hover-opacity tw-ratio-1-1\"><span aria-hidden=\"true\" class=\"wp-block-cover__background has-custom-contrast-background-color has-background-dim-30 has-background-dim\"><\/span><img decoding=\"async\" sizes=\"(max-width: 799px) 200vw, (max-width: 385px) 100vw, 385px\" class=\"wp-block-cover__image-background wp-image-14551\" alt=\"\" src=\"https:\/\/www.hotelhorsetopera.com\/wp-content\/uploads\/2023\/10\/Shopping-in-Paris-jpg.webp\" data-object-fit=\"cover\" title=\"\"><div class=\"wp-block-cover__inner-container is-layout-flow wp-block-cover-is-layout-flow\">\n<p class=\"has-text-align-center has-link-color has-large-font-size wp-elements-e053d2e592615863a9bb56105f96666e\" style=\"text-decoration:none\"><mark style=\"background-color:rgba(0, 0, 0, 0)\" class=\"has-inline-color has-custom-background-color\"><span style=\"text-decoration: underline;\"><a href=\"https:\/\/www.hotelhorsetopera.com\/fr\/visite-de-paris\/shopping\/\">Shopping<\/a><\/span><\/mark><\/p>\n<\/div><\/div>\n<\/div>\n\n\n\n<div class=\"wp-block-column is-layout-flow wp-block-column-is-layout-flow\">\n<div class=\"wp-block-cover is-style-tw-border-inner image-zoom tw-stretched-link tw-hover-opacity tw-ratio-1-1\"><span aria-hidden=\"true\" class=\"wp-block-cover__background has-custom-contrast-background-color has-background-dim-30 has-background-dim\"><\/span><img decoding=\"async\" sizes=\"(max-width: 799px) 200vw, (max-width: 385px) 100vw, 385px\" class=\"wp-block-cover__image-background wp-image-14575\" alt=\"\" src=\"https:\/\/www.hotelhorsetopera.com\/wp-content\/uploads\/2023\/10\/Night-Life-in-Paris-jpg.webp\" data-object-fit=\"cover\" title=\"\"><div class=\"wp-block-cover__inner-container is-layout-flow wp-block-cover-is-layout-flow\">\n<p class=\"has-text-align-center has-link-color has-large-font-size wp-elements-5a0fbb525c18f7d26ec572b213a394ae\" style=\"text-decoration:none\"><mark style=\"background-color:rgba(0, 0, 0, 0)\" class=\"has-inline-color has-custom-background-color\"><span style=\"text-decoration: underline;\"><a href=\"https:\/\/www.hotelhorsetopera.com\/fr\/visite-de-paris\/la-vie-nocturne\/\">Vie nocturne<\/a><\/span><\/mark><\/p>\n<\/div><\/div>\n<\/div>\n<\/div>\n","protected":false},"excerpt":{"rendered":"<p>Faites confiance aux recommandations expertes du personnel de la r\u00e9ception de l&rsquo;h\u00f4tel Horset Op\u00e9ra pour d\u00e9couvrir le meilleur de Paris. Des lieux embl\u00e9matiques aux joyaux cach\u00e9s, ils vous guideront pour explorer certains quartiers, go\u00fbter aux d\u00e9lices culinaires, d\u00e9couvrir l&rsquo;art et la culture, et cr\u00e9er des souvenirs inoubliables pendant votre s\u00e9jour dans la Ville Lumi\u00e8re.<\/p>\n","protected":false},"author":1,"featured_media":16579,"parent":0,"menu_order":0,"comment_status":"closed","ping_status":"closed","template":"wp-custom-template-le-template-des-pages-2023","meta":{"footnotes":""},"class_list":["post-6483","page","type-page","status-publish","has-post-thumbnail","hentry"],"_links":{"self":[{"href":"https:\/\/www.hotelhorsetopera.com\/fr\/wp-json\/wp\/v2\/pages\/6483","targetHints":{"allow":["GET"]}}],"collection":[{"href":"https:\/\/www.hotelhorsetopera.com\/fr\/wp-json\/wp\/v2\/pages"}],"about":[{"href":"https:\/\/www.hotelhorsetopera.com\/fr\/wp-json\/wp\/v2\/types\/page"}],"author":[{"embeddable":true,"href":"https:\/\/www.hotelhorsetopera.com\/fr\/wp-json\/wp\/v2\/users\/1"}],"replies":[{"embeddable":true,"href":"https:\/\/www.hotelhorsetopera.com\/fr\/wp-json\/wp\/v2\/comments?post=6483"}],"version-history":[{"count":0,"href":"https:\/\/www.hotelhorsetopera.com\/fr\/wp-json\/wp\/v2\/pages\/6483\/revisions"}],"wp:featuredmedia":[{"embeddable":true,"href":"https:\/\/www.hotelhorsetopera.com\/fr\/wp-json\/wp\/v2\/media\/16579"}],"wp:attachment":[{"href":"https:\/\/www.hotelhorsetopera.com\/fr\/wp-json\/wp\/v2\/media?parent=6483"}],"curies":[{"name":"wp","href":"https:\/\/api.w.org\/{rel}","templated":true}]}}