{"id":6707,"date":"2023-05-05T12:46:44","date_gmt":"2023-05-05T10:46:44","guid":{"rendered":"http:\/\/www.laperle.tess5418.odns.fr\/servizi\/"},"modified":"2025-12-08T22:39:25","modified_gmt":"2025-12-08T21:39:25","slug":"servizi","status":"publish","type":"page","link":"https:\/\/www.hotelhorsetopera.com\/it\/servizi\/","title":{"rendered":"Servizi"},"content":{"rendered":"\n<div class=\"wp-block-columns leconteneur has-custom-contrast-color has-custom-links-beige-background-color has-text-color has-background is-layout-flex wp-container-core-columns-is-layout-a807a079 wp-block-columns-is-layout-flex\" style=\"border-style:none;border-width:0px;border-radius:0px;margin-top:0;margin-bottom:0;padding-top:0;padding-right:0;padding-bottom:0;padding-left:0\">\n<div class=\"wp-block-column agl agl-fadeCSSRight is-layout-flow wp-container-core-column-is-layout-69fcd244 wp-block-column-is-layout-flow\" style=\"--col-width:42%;padding-top:0;padding-right:0;padding-bottom:0;padding-left:0;flex-basis:42%\">\n<div class=\"wp-block-cover is-light is-style-default\" style=\"padding-top:0;padding-right:0;padding-bottom:0;padding-left:0;min-height:100%;aspect-ratio:unset;\"><img loading=\"lazy\" decoding=\"async\" width=\"515\" height=\"650\" sizes=\"auto, (max-width: 799px) 200vw, (max-width: 515px) 100vw, 515px\" class=\"wp-block-cover__image-background wp-image-16998\" alt=\"\" src=\"https:\/\/www.hotelhorsetopera.com\/wp-content\/uploads\/2023\/11\/horset-opera-paris-Reception-detail-jpg.webp\" data-object-fit=\"cover\" title=\"\" srcset=\"https:\/\/www.hotelhorsetopera.com\/wp-content\/uploads\/2023\/11\/horset-opera-paris-Reception-detail-jpg.webp 515w, https:\/\/www.hotelhorsetopera.com\/wp-content\/uploads\/2023\/11\/horset-opera-paris-Reception-detail-238x300.webp 238w\" \/><span aria-hidden=\"true\" class=\"wp-block-cover__background has-custom-background-background-color has-background-dim-80 has-background-dim\"><\/span><div class=\"wp-block-cover__inner-container is-layout-flow wp-block-cover-is-layout-flow\">\n<h1 class=\"wp-block-heading espace-petit-bas has-custom-rouge-footer-color has-text-color\" style=\"margin-top:var(--wp--preset--spacing--30);margin-right:0;margin-bottom:0;margin-left:var(--wp--preset--spacing--30);padding-top:0px;padding-right:0px;padding-bottom:0px;padding-left:0px;font-style:normal;font-weight:600\">Ricezione<\/h1>\n\n\n\n<h1 class=\"wp-block-heading has-custom-rouge-footer-color has-text-color\" style=\"margin-top:0;margin-left:var(--wp--preset--spacing--30)\">Siate nostri ospiti<\/h1>\n\n\n\n<p class=\"has-text-align-justify has-custom-contrast-color has-text-color\" style=\"margin-right:var(--wp--preset--spacing--30);margin-bottom:var(--wp--preset--spacing--30);margin-left:var(--wp--preset--spacing--30)\">All&#8217;Hotel Horset Opera di Parigi, il nostro team di accoglienza si impegna a migliorare il tuo soggiorno nella Citt\u00e0 della Luce. Il nostro staff multilingue \u00e8 sempre pronto ad offrirti consigli esperti sulle attrazioni locali, sui ristoranti e sulle esperienze culturali, assicurandoti di trarre il massimo dalla tua visita parigina. <\/p>\n\n\n\n<p class=\"has-text-align-justify has-custom-contrast-color has-text-color\" style=\"margin-right:var(--wp--preset--spacing--30);margin-bottom:var(--wp--preset--spacing--30);margin-left:var(--wp--preset--spacing--30)\">Offriamo una serie di servizi, tra cui assistenza concierge, trasferimenti aeroportuali e deposito bagagli, tutti finalizzati a rendere il tuo soggiorno piacevole e senza interruzioni. Con un approccio caldo e accogliente, il nostro team di accoglienza si impegna a superare le tue aspettative durante il tuo soggiorno nel cuore di Parigi. <\/p>\n<\/div><\/div>\n\n\n\n<div style=\"height:15px\" aria-hidden=\"true\" class=\"wp-block-spacer\"><\/div>\n<\/div>\n\n\n\n<div class=\"wp-block-column agl agl-fadeCSSLeft is-layout-flow wp-container-core-column-is-layout-081827d2 wp-block-column-is-layout-flow\" style=\"--col-width:58%;padding-top:0;padding-right:0;padding-bottom:0;padding-left:0;flex-basis:58%\">\n<div class=\"wp-block-cover is-style-tw-border-inner hauteur-minimale\" style=\"min-height:100%;aspect-ratio:unset;\"><img loading=\"lazy\" decoding=\"async\" width=\"711\" height=\"650\" sizes=\"auto, (max-width: 799px) 200vw, (max-width: 711px) 100vw, 711px\" class=\"wp-block-cover__image-background wp-image-17006\" alt=\"\" src=\"https:\/\/www.hotelhorsetopera.com\/wp-content\/uploads\/2023\/11\/horset-opera-paris-Reception-office-jpg.webp\" data-object-fit=\"cover\" title=\"\" srcset=\"https:\/\/www.hotelhorsetopera.com\/wp-content\/uploads\/2023\/11\/horset-opera-paris-Reception-office-jpg.webp 711w, https:\/\/www.hotelhorsetopera.com\/wp-content\/uploads\/2023\/11\/horset-opera-paris-Reception-office-300x274.webp 300w\" \/><span aria-hidden=\"true\" class=\"wp-block-cover__background has-background-dim-0 has-background-dim\"><\/span><div class=\"wp-block-cover__inner-container is-layout-flow wp-block-cover-is-layout-flow\">\n<p class=\"has-text-align-center has-large-font-size\"><\/p>\n\n\n\n<div style=\"height:250px\" aria-hidden=\"true\" class=\"wp-block-spacer\"><\/div>\n<\/div><\/div>\n<\/div>\n<\/div>\n\n<hr class=\"wp-block-separator has-text-color has-custom-primary-color has-alpha-channel-opacity has-custom-primary-background-color has-background is-style-wide\" style=\"width: 200px; max-width: 100%;margin-top:var(--wp--preset--spacing--40);margin-bottom:0\"\/>\n\n\n\n<hr class=\"wp-block-separator aligncenter has-text-color has-custom-primary-color has-alpha-channel-opacity has-custom-primary-background-color has-background\" style=\"width: 300px; max-width: 100%;margin-top:5px\"\/>\n\n\n\n<hr class=\"wp-block-separator aligncenter has-text-color has-custom-primary-color has-alpha-channel-opacity has-custom-primary-background-color has-background\" style=\"width: 200px; max-width: 100%;margin-top:5px;margin-bottom:var(--wp--preset--spacing--30)\"\/>\n\n<div class=\"wp-block-columns leconteneur has-custom-contrast-color has-custom-links-beige-background-color has-text-color has-background is-layout-flex wp-container-core-columns-is-layout-1aa88071 wp-block-columns-is-layout-flex\" style=\"border-style:none;border-width:0px;margin-top:0;padding-top:0;padding-right:0;padding-bottom:0;padding-left:0\">\n<div class=\"wp-block-column agl agl-fadeCSSUp is-layout-flow wp-container-core-column-is-layout-081827d2 wp-block-column-is-layout-flow\" style=\"--col-width:45%;padding-top:0;padding-right:0;padding-bottom:0;padding-left:0;flex-basis:45%\">\n<div class=\"wp-block-cover is-style-tw-border-inner\" style=\"min-height:100%;aspect-ratio:unset;\"><img loading=\"lazy\" decoding=\"async\" width=\"552\" height=\"725\" sizes=\"auto, (max-width: 799px) 200vw, (max-width: 552px) 100vw, 552px\" class=\"wp-block-cover__image-background wp-image-16974\" alt=\"\" src=\"https:\/\/www.hotelhorsetopera.com\/wp-content\/uploads\/2023\/11\/horset-opera-paris-Breakfast-jpg.webp\" data-object-fit=\"cover\" title=\"\" srcset=\"https:\/\/www.hotelhorsetopera.com\/wp-content\/uploads\/2023\/11\/horset-opera-paris-Breakfast-jpg.webp 552w, https:\/\/www.hotelhorsetopera.com\/wp-content\/uploads\/2023\/11\/horset-opera-paris-Breakfast-228x300.webp 228w\" \/><span aria-hidden=\"true\" class=\"wp-block-cover__background has-background-dim-0 has-background-dim\"><\/span><div class=\"wp-block-cover__inner-container is-layout-flow wp-block-cover-is-layout-flow\">\n<p class=\"has-text-align-center has-large-font-size\"><\/p>\n\n\n\n<div style=\"height:250px\" aria-hidden=\"true\" class=\"wp-block-spacer\"><\/div>\n<\/div><\/div>\n<\/div>\n\n\n\n<div class=\"wp-block-column agl agl-fadeCSSLeft is-layout-flow wp-container-core-column-is-layout-69fcd244 wp-block-column-is-layout-flow\" style=\"--col-width:55%;padding-top:0;padding-right:0;padding-bottom:0;padding-left:0;flex-basis:55%\">\n<div class=\"wp-block-cover is-light is-style-default\" style=\"padding-top:0;padding-right:0;padding-bottom:0;padding-left:0\"><img loading=\"lazy\" decoding=\"async\" width=\"674\" height=\"725\" sizes=\"auto, (max-width: 799px) 200vw, (max-width: 674px) 100vw, 674px\" class=\"wp-block-cover__image-background wp-image-16966\" alt=\"\" src=\"https:\/\/www.hotelhorsetopera.com\/wp-content\/uploads\/2023\/11\/horset-opera-paris-Breakfast-detail-jpg.webp\" data-object-fit=\"cover\" title=\"\" srcset=\"https:\/\/www.hotelhorsetopera.com\/wp-content\/uploads\/2023\/11\/horset-opera-paris-Breakfast-detail-jpg.webp 674w, https:\/\/www.hotelhorsetopera.com\/wp-content\/uploads\/2023\/11\/horset-opera-paris-Breakfast-detail-279x300.webp 279w\" \/><span aria-hidden=\"true\" class=\"wp-block-cover__background has-custom-background-background-color has-background-dim-80 has-background-dim\"><\/span><div class=\"wp-block-cover__inner-container is-layout-flow wp-block-cover-is-layout-flow\">\n<h1 class=\"wp-block-heading has-text-align-right espace-petit-bas has-custom-rouge-footer-color has-text-color\" style=\"margin-top:var(--wp--preset--spacing--30);margin-right:var(--wp--preset--spacing--30);margin-bottom:0;margin-left:var(--wp--preset--spacing--30);padding-top:0px;padding-right:0px;padding-bottom:0px;padding-left:0px;font-style:normal;font-weight:600\">La prima colazione<\/h1>\n\n\n\n<p class=\"has-text-align-justify has-custom-contrast-color has-text-color\" style=\"margin-right:var(--wp--preset--spacing--30);margin-left:var(--wp--preset--spacing--30)\">All&#8217;Hotel Horset Opera di Parigi crediamo che la giornata debba iniziare come una vera e propria festa. La nostra colazione, servita dalle 7:00 alle 10:30, \u00e8 un vero e proprio banchetto mattutino. Goditi la nostra variegata colazione a buffet, con una deliziosa selezione di croissant, pain au chocolat, torte, macedonia di frutta fresca, cereali, yogurt, formaggi e una serie di altre specialit\u00e0 accuratamente selezionate.  <\/p>\n\n\n\n<p class=\"has-text-align-justify has-custom-contrast-color has-text-color\" style=\"margin-right:var(--wp--preset--spacing--30);margin-left:var(--wp--preset--spacing--30)\">Per chi preferisce la comodit\u00e0 della propria camera, offriamo una comoda colazione continentale a vassoio dalle 6:30 alle 11:00. Al prezzo di 20\u20ac a persona, la nostra colazione \u00e8 un modo delizioso per iniziare la giornata.  <\/p>\n\n\n\n<p class=\"has-text-align-justify has-custom-contrast-color has-text-color\" style=\"margin-right:var(--wp--preset--spacing--30);margin-left:var(--wp--preset--spacing--30)\"><strong>Offerta speciale di 8\u20ac per la colazione!<\/strong><\/p>\n\n\n\n<p class=\"has-text-align-justify has-custom-contrast-color has-text-color\" style=\"margin-right:var(--wp--preset--spacing--30);margin-left:var(--wp--preset--spacing--30)\">Offriamo la colazione a 8\u20ac, invece di 20\u20ac, ai nostri ospiti che hanno prenotato direttamente tramite il nostro sito web.<\/p>\n\n\n\n<p class=\"has-text-align-justify has-custom-contrast-color has-text-color\" style=\"margin-right:var(--wp--preset--spacing--30);margin-bottom:var(--wp--preset--spacing--30);margin-left:var(--wp--preset--spacing--30)\">Per usufruire della promozione, prenota la tua camera e seleziona l&#8217;opzione colazione a 8\u20ac.<\/p>\n<\/div><\/div>\n<\/div>\n<\/div>\n\n<hr class=\"wp-block-separator has-text-color has-custom-primary-color has-alpha-channel-opacity has-custom-primary-background-color has-background is-style-wide\" style=\"width: 200px; max-width: 100%;margin-top:var(--wp--preset--spacing--40);margin-bottom:0\"\/>\n\n\n\n<hr class=\"wp-block-separator aligncenter has-text-color has-custom-primary-color has-alpha-channel-opacity has-custom-primary-background-color has-background\" style=\"width: 300px; max-width: 100%;margin-top:5px\"\/>\n\n\n\n<hr class=\"wp-block-separator aligncenter has-text-color has-custom-primary-color has-alpha-channel-opacity has-custom-primary-background-color has-background\" style=\"width: 200px; max-width: 100%;margin-top:5px;margin-bottom:var(--wp--preset--spacing--30)\"\/>\n\n<div class=\"wp-block-columns leconteneur agl agl-fadeCSSundefined has-custom-contrast-color has-custom-links-beige-background-color has-text-color has-background is-layout-flex wp-container-core-columns-is-layout-a807a079 wp-block-columns-is-layout-flex\" style=\"border-style:none;border-width:0px;border-radius:0px;margin-top:0;margin-bottom:0;padding-top:0;padding-right:0;padding-bottom:0;padding-left:0\">\n<div class=\"wp-block-column agl agl-fadeCSSRight is-layout-flow wp-container-core-column-is-layout-69fcd244 wp-block-column-is-layout-flow\" style=\"--col-width:35%;padding-top:0;padding-right:0;padding-bottom:0;padding-left:0;flex-basis:35%\">\n<div class=\"wp-block-cover is-light is-style-default\" style=\"padding-top:0;padding-right:0;padding-bottom:0;padding-left:0;min-height:100%;aspect-ratio:unset;\"><img loading=\"lazy\" decoding=\"async\" width=\"429\" height=\"597\" sizes=\"auto, (max-width: 799px) 200vw, (max-width: 429px) 100vw, 429px\" class=\"wp-block-cover__image-background wp-image-16950\" alt=\"\" src=\"https:\/\/www.hotelhorsetopera.com\/wp-content\/uploads\/2023\/11\/horset-opera-paris-Bar-detail.jpg\" data-object-fit=\"cover\" title=\"\" srcset=\"https:\/\/www.hotelhorsetopera.com\/wp-content\/uploads\/2023\/11\/horset-opera-paris-Bar-detail.jpg 429w, https:\/\/www.hotelhorsetopera.com\/wp-content\/uploads\/2023\/11\/horset-opera-paris-Bar-detail-216x300.webp 216w\" \/><span aria-hidden=\"true\" class=\"wp-block-cover__background has-custom-background-background-color has-background-dim-80 has-background-dim\"><\/span><div class=\"wp-block-cover__inner-container is-layout-flow wp-block-cover-is-layout-flow\">\n<h1 class=\"wp-block-heading espace-petit-bas has-custom-rouge-footer-color has-text-color\" style=\"margin-top:var(--wp--preset--spacing--30);margin-right:0;margin-bottom:0;margin-left:var(--wp--preset--spacing--30);padding-top:0px;padding-right:0px;padding-bottom:0px;padding-left:0px;font-style:normal;font-weight:600\">Il bar<\/h1>\n\n\n\n<p class=\"has-text-align-justify has-custom-contrast-color has-text-color has-medium-font-size\" style=\"margin-right:var(--wp--preset--spacing--30);margin-left:var(--wp--preset--spacing--30)\">All&#8217;Hotel Horset Op\u00e9ra di Parigi, il nostro bar e il servizio in camera offrono una deliziosa esperienza culinaria. <\/p>\n\n\n\n<p class=\"has-text-align-justify has-custom-contrast-color has-text-color has-medium-font-size\" style=\"margin-right:var(--wp--preset--spacing--30);margin-left:var(--wp--preset--spacing--30)\">Il bar \u00e8 un rifugio accogliente, perfetto per gustare un cocktail ben fatto o un bicchiere di vino pregiato. Se preferisci cenare nel comfort della tua stanza, il nostro servizio in camera \u00e8 al tuo servizio e ti offre una variet\u00e0 di piatti deliziosi consegnati direttamente a casa tua. <\/p>\n\n\n\n<p class=\"has-text-align-justify has-custom-contrast-color has-text-color has-medium-font-size\" style=\"margin-right:var(--wp--preset--spacing--30);margin-left:var(--wp--preset--spacing--30)\">\u00c8 tutta una questione di piacere e comodit\u00e0, per garantire un soggiorno indimenticabile nel cuore di Parigi.<\/p>\n<\/div><\/div>\n\n\n\n<div style=\"height:15px\" aria-hidden=\"true\" class=\"wp-block-spacer\"><\/div>\n<\/div>\n\n\n\n<div class=\"wp-block-column agl agl-fadeCSSLeft is-layout-flow wp-container-core-column-is-layout-081827d2 wp-block-column-is-layout-flow\" style=\"--col-width:65%;padding-top:0;padding-right:0;padding-bottom:0;padding-left:0;flex-basis:65%\">\n<div class=\"wp-block-cover is-light is-style-tw-border-inner\" style=\"min-height:100%;aspect-ratio:unset;\"><img loading=\"lazy\" decoding=\"async\" width=\"796\" height=\"597\" sizes=\"auto, (max-width: 799px) 200vw, (max-width: 796px) 100vw, 796px\" class=\"wp-block-cover__image-background wp-image-16958\" alt=\"\" src=\"https:\/\/www.hotelhorsetopera.com\/wp-content\/uploads\/2023\/11\/horset-opera-paris-Bar-jpg.webp\" data-object-fit=\"cover\" title=\"\" srcset=\"https:\/\/www.hotelhorsetopera.com\/wp-content\/uploads\/2023\/11\/horset-opera-paris-Bar-jpg.webp 796w, https:\/\/www.hotelhorsetopera.com\/wp-content\/uploads\/2023\/11\/horset-opera-paris-Bar-300x225.webp 300w, https:\/\/www.hotelhorsetopera.com\/wp-content\/uploads\/2023\/11\/horset-opera-paris-Bar-768x576.webp 768w\" \/><span aria-hidden=\"true\" class=\"wp-block-cover__background has-background-dim-0 has-background-dim\"><\/span><div class=\"wp-block-cover__inner-container is-layout-flow wp-block-cover-is-layout-flow\">\n<p class=\"has-text-align-center has-large-font-size\"><\/p>\n\n\n\n<div style=\"height:250px\" aria-hidden=\"true\" class=\"wp-block-spacer\"><\/div>\n<\/div><\/div>\n<\/div>\n<\/div>\n\n<hr class=\"wp-block-separator has-text-color has-custom-primary-color has-alpha-channel-opacity has-custom-primary-background-color has-background is-style-wide\" style=\"width: 200px; max-width: 100%;margin-top:var(--wp--preset--spacing--40);margin-bottom:0\"\/>\n\n\n\n<hr class=\"wp-block-separator aligncenter has-text-color has-custom-primary-color has-alpha-channel-opacity has-custom-primary-background-color has-background\" style=\"width: 300px; max-width: 100%;margin-top:5px\"\/>\n\n\n\n<hr class=\"wp-block-separator aligncenter has-text-color has-custom-primary-color has-alpha-channel-opacity has-custom-primary-background-color has-background\" style=\"width: 200px; max-width: 100%;margin-top:5px;margin-bottom:var(--wp--preset--spacing--30)\"\/>\n\n<div class=\"wp-block-columns leconteneur has-custom-contrast-color has-custom-links-beige-background-color has-text-color has-background is-layout-flex wp-container-core-columns-is-layout-1aa88071 wp-block-columns-is-layout-flex\" style=\"border-style:none;border-width:0px;margin-top:0;padding-top:0;padding-right:0;padding-bottom:0;padding-left:0\">\n<div class=\"wp-block-column agl agl-fadeCSSUp is-layout-flow wp-container-core-column-is-layout-081827d2 wp-block-column-is-layout-flow\" style=\"--col-width:45%;padding-top:0;padding-right:0;padding-bottom:0;padding-left:0;flex-basis:45%\">\n<div class=\"wp-block-cover is-light is-style-tw-border-inner\" style=\"min-height:100%;aspect-ratio:unset;\"><img loading=\"lazy\" decoding=\"async\" width=\"552\" height=\"473\" sizes=\"auto, (max-width: 799px) 200vw, (max-width: 552px) 100vw, 552px\" class=\"wp-block-cover__image-background wp-image-16990\" alt=\"\" src=\"https:\/\/www.hotelhorsetopera.com\/wp-content\/uploads\/2023\/11\/horset-opera-paris-Lounge-jpg.webp\" data-object-fit=\"cover\" title=\"\" srcset=\"https:\/\/www.hotelhorsetopera.com\/wp-content\/uploads\/2023\/11\/horset-opera-paris-Lounge-jpg.webp 552w, https:\/\/www.hotelhorsetopera.com\/wp-content\/uploads\/2023\/11\/horset-opera-paris-Lounge-300x257.webp 300w\" \/><span aria-hidden=\"true\" class=\"wp-block-cover__background has-background-dim-0 has-background-dim\"><\/span><div class=\"wp-block-cover__inner-container is-layout-flow wp-block-cover-is-layout-flow\">\n<div style=\"height:250px\" aria-hidden=\"true\" class=\"wp-block-spacer\"><\/div>\n\n\n\n<p class=\"has-text-align-center has-large-font-size\"><\/p>\n<\/div><\/div>\n<\/div>\n\n\n\n<div class=\"wp-block-column agl agl-fadeCSSLeft is-layout-flow wp-container-core-column-is-layout-69fcd244 wp-block-column-is-layout-flow\" style=\"--col-width:55%;padding-top:0;padding-right:0;padding-bottom:0;padding-left:0;flex-basis:55%\">\n<div class=\"wp-block-cover is-light is-style-default\" style=\"padding-top:0;padding-right:0;padding-bottom:0;padding-left:0\"><img loading=\"lazy\" decoding=\"async\" width=\"674\" height=\"473\" sizes=\"auto, (max-width: 799px) 200vw, (max-width: 674px) 100vw, 674px\" class=\"wp-block-cover__image-background wp-image-16982\" alt=\"\" src=\"https:\/\/www.hotelhorsetopera.com\/wp-content\/uploads\/2023\/11\/horset-opera-paris-Lounge-detail.jpg\" data-object-fit=\"cover\" title=\"\" srcset=\"https:\/\/www.hotelhorsetopera.com\/wp-content\/uploads\/2023\/11\/horset-opera-paris-Lounge-detail.jpg 674w, https:\/\/www.hotelhorsetopera.com\/wp-content\/uploads\/2023\/11\/horset-opera-paris-Lounge-detail-300x211.webp 300w\" \/><span aria-hidden=\"true\" class=\"wp-block-cover__background has-custom-background-background-color has-background-dim-80 has-background-dim\"><\/span><div class=\"wp-block-cover__inner-container is-layout-flow wp-block-cover-is-layout-flow\">\n<h1 class=\"wp-block-heading has-text-align-right espace-petit-bas has-custom-rouge-footer-color has-text-color\" style=\"margin-top:var(--wp--preset--spacing--30);margin-right:var(--wp--preset--spacing--30);margin-bottom:0;margin-left:var(--wp--preset--spacing--30);padding-top:0px;padding-right:0px;padding-bottom:0px;padding-left:0px;font-style:normal;font-weight:600\">La sala<\/h1>\n\n\n\n<p class=\"has-text-align-justify agl agl-fadeCSSundefined has-custom-contrast-color has-text-color has-medium-font-size\" style=\"margin-right:var(--wp--preset--spacing--30);margin-bottom:var(--wp--preset--spacing--30);margin-left:var(--wp--preset--spacing--30)\">L&#8217;area lounge dell&#8217;Hotel Horset Op\u00e9ra di Parigi emana un&#8217;atmosfera invitante e offre un mix perfetto di relax e stile. Decorata con arredi chic e un&#8217;atmosfera accogliente, \u00e8 il luogo ideale per rilassarsi, socializzare o anche recuperare il lavoro.  <\/p>\n\n\n\n<p class=\"has-text-align-justify agl agl-fadeCSSundefined has-custom-contrast-color has-text-color has-medium-font-size\" style=\"margin-right:var(--wp--preset--spacing--30);margin-bottom:var(--wp--preset--spacing--30);margin-left:var(--wp--preset--spacing--30)\">Che si tratti di un caff\u00e8 o di un cocktail, questo spazio confortevole risponde a diverse esigenze. L&#8217;area lounge dell&#8217;Horset Op\u00e9ra \u00e8 il vostro rifugio tranquillo nel cuore di Parigi e vi assicura un soggiorno piacevole. <\/p>\n\n\n\n<p class=\"has-text-align-justify agl agl-fadeCSSundefined has-custom-contrast-color has-text-color has-link-color has-medium-font-size wp-elements-b1ffcdab27aee1c5cd2bff7176b59c68\" style=\"margin-right:var(--wp--preset--spacing--30);margin-bottom:var(--wp--preset--spacing--30);margin-left:var(--wp--preset--spacing--30)\"><strong>Spazio di coworking:<br\/><\/strong>Per prenotare il vostro spazio, visitate questo sito <a href=\"https:\/\/mywo.fr\/etablissements\/mywo-paris-opera-quatre-septembre\" target=\"_blank\" rel=\"noopener\">https:\/\/mywo.fr\/etablissements\/mywo-paris-opera-quatre-septembre<\/a><\/p>\n\n\n\n<p class=\"has-text-align-justify agl agl-fadeCSSundefined has-custom-contrast-color has-text-color has-medium-font-size\" style=\"margin-right:var(--wp--preset--spacing--30);margin-bottom:var(--wp--preset--spacing--30);margin-left:var(--wp--preset--spacing--30)\"><\/p>\n\n\n\n<p class=\"has-text-align-justify agl agl-fadeCSSundefined has-custom-contrast-color has-text-color has-medium-font-size\" style=\"margin-right:var(--wp--preset--spacing--30);margin-bottom:var(--wp--preset--spacing--30);margin-left:var(--wp--preset--spacing--30)\"><\/p>\n<\/div><\/div>\n<\/div>\n<\/div>\n\n<div style=\"height:20px\" aria-hidden=\"true\" class=\"wp-block-spacer\"><\/div>\n","protected":false},"excerpt":{"rendered":"","protected":false},"author":1,"featured_media":16922,"parent":0,"menu_order":0,"comment_status":"closed","ping_status":"closed","template":"wp-custom-template-le-template-des-pages-2023","meta":{"footnotes":""},"class_list":["post-6707","page","type-page","status-publish","has-post-thumbnail","hentry"],"_links":{"self":[{"href":"https:\/\/www.hotelhorsetopera.com\/it\/wp-json\/wp\/v2\/pages\/6707","targetHints":{"allow":["GET"]}}],"collection":[{"href":"https:\/\/www.hotelhorsetopera.com\/it\/wp-json\/wp\/v2\/pages"}],"about":[{"href":"https:\/\/www.hotelhorsetopera.com\/it\/wp-json\/wp\/v2\/types\/page"}],"author":[{"embeddable":true,"href":"https:\/\/www.hotelhorsetopera.com\/it\/wp-json\/wp\/v2\/users\/1"}],"replies":[{"embeddable":true,"href":"https:\/\/www.hotelhorsetopera.com\/it\/wp-json\/wp\/v2\/comments?post=6707"}],"version-history":[{"count":5,"href":"https:\/\/www.hotelhorsetopera.com\/it\/wp-json\/wp\/v2\/pages\/6707\/revisions"}],"predecessor-version":[{"id":21149,"href":"https:\/\/www.hotelhorsetopera.com\/it\/wp-json\/wp\/v2\/pages\/6707\/revisions\/21149"}],"wp:featuredmedia":[{"embeddable":true,"href":"https:\/\/www.hotelhorsetopera.com\/it\/wp-json\/wp\/v2\/media\/16922"}],"wp:attachment":[{"href":"https:\/\/www.hotelhorsetopera.com\/it\/wp-json\/wp\/v2\/media?parent=6707"}],"curies":[{"name":"wp","href":"https:\/\/api.w.org\/{rel}","templated":true}]}}