{"id":6725,"date":"2023-05-29T22:40:22","date_gmt":"2023-05-29T20:40:22","guid":{"rendered":"http:\/\/www.laperle.tess5418.odns.fr\/map-access\/"},"modified":"2025-03-11T15:42:42","modified_gmt":"2025-03-11T14:42:42","slug":"map-access","status":"publish","type":"page","link":"https:\/\/www.hotelhorsetopera.com\/it\/map-access\/","title":{"rendered":"Mappa e accesso"},"content":{"rendered":"\n<h2 class=\"wp-block-heading\">Localizzazione dell&#8217;hotel<\/h2>\n\n<p class=\"has-custom-contrast-color has-text-color has-link-color wp-elements-c6b06071b2193e0131cd30b79a4e9d7d\">Scopri i vivaci dintorni dell&#8217;Hotel Horset Op\u00e9ra nel cuore di Parigi. Non perdere l&#8217;opportunit\u00e0 di consultare il nostro personale della reception per preziosi consigli e raccomandazioni per migliorare la tua esplorazione parigina.  <a href=\"\/en\/?page_id=980\">Esplora monumenti iconici, boutique alla moda e luoghi culturali a pochi istanti dalla nostra porta<\/a><\/p>\n\n<p class=\"has-text-align-justify has-link-color wp-elements-165ad12ad79783c67fab76c98e41b2c2\"><\/p>\n<style type=\"text\/css\" id=\"gmpMapStyles_1_22222\">\r\n\t#google_map_easy_1_22222 {\r\n        width: 100%;\r\n        height: 550px;\r\n\t\t\t\t\t\t    }\r\n\t#gmapControlsNum_1_22222 {\r\n\t\twidth:100%\t}\r\n\t.gmpMapDetailsContainer#gmpMapDetailsContainer_1_22222 {\r\n\t\theight:550px;\r\n\t}\r\n\t.gmp_MapPreview#google_map_easy_1_22222 {\r\n\t\t\/*position:absolute;*\/\r\n\t\twidth: 100%;\r\n\t}\r\n\t#mapConElem_1_22222{\r\n\t\twidth: 100%\t}\r\n    .gm-style .gm-style-iw-c{\r\n        padding: 12px!important;\r\n    }\r\n\t    <\/style>\r\n <div class=\"gmp_map_opts\" id=\"mapConElem_1_22222\" data-id=\"1\" data-view-id=\"1_22222\" > <div class=\"gmpMapDetailsContainer\" id=\"gmpMapDetailsContainer_1_22222\"> <i class=\"gmpKMLLayersPreloader fa fa-spinner fa-spin\" aria-hidden=\"true\" style=\"display: none;\"><\/i> <div class=\"gmp_MapPreview \" id=\"google_map_easy_1_22222\"><\/div> <\/div> <div class=\"gmpMapMarkerFilters\" id=\"gmpMapMarkerFilters_1_22222\"> <\/div> <div class=\"gmpMapProControlsCon\" id=\"gmpMapProControlsCon_1_22222\"> <a title=\"WP Google Maps\" style=\"display:none;\" href=\"https:\/\/supsystic.com\/plugins\/google-maps-plugin\/?utm_medium=love_link_hide\" target=\"_blank\" rel=\"noopener\">WP Google Maps<\/a><div style=\"clear: both;\"><\/div> <\/div> <div class=\"gmpMapProDirectionsCon\" id=\"gmpMapProDirectionsCon_1_22222\" > <\/div> <div class=\"gmpMapProKmlFilterCon\" id=\"gmpMapProKmlFilterCon_1_22222\" > <\/div> <div class=\"gmpSocialSharingShell gmpSocialSharingShell_1_22222\"> <\/div> <div style=\"clear: both;\"><\/div> <\/div> \n\n<hr class=\"wp-block-separator has-text-color has-custom-primary-color has-alpha-channel-opacity has-custom-primary-background-color has-background is-style-wide\" style=\"width: 200px; max-width: 100%;margin-top:var(--wp--preset--spacing--40);margin-bottom:0\"\/>\n\n\n\n<hr class=\"wp-block-separator aligncenter has-text-color has-custom-primary-color has-alpha-channel-opacity has-custom-primary-background-color has-background\" style=\"width: 300px; max-width: 100%;margin-top:5px\"\/>\n\n\n\n<hr class=\"wp-block-separator aligncenter has-text-color has-custom-primary-color has-alpha-channel-opacity has-custom-primary-background-color has-background\" style=\"width: 200px; max-width: 100%;margin-top:5px;margin-bottom:var(--wp--preset--spacing--30)\"\/>\n\n<h2 class=\"wp-block-heading\">Come raggiungere l&#8217;hotel<\/h2>\n\n<p class=\"has-large-font-size\"><strong>Dagli aeroporti parigini<\/strong><\/p>\n\n<ul class=\"wp-block-list\">\n<li><strong>Aeroporto Charles de Gaulle (CDG)<\/strong><\/li>\n<\/ul>\n\n<p class=\"has-text-align-justify\" style=\"margin-top:0;margin-right:0;margin-bottom:0;margin-left:0;padding-top:0;padding-right:0;padding-bottom:0;padding-left:0\"><strong>In taxi<\/strong> : Circa 1 ora &#8211; Il prezzo per un taxi regolare preso alla stazione dei taxi \u00e8 fisso ed \u00e8 di 56 \u20ac, bagagli inclusi. Fate attenzione ai falsi tassisti e confermate con loro la tariffa prima di salire in macchina.<\/p>\n\n<p class=\"has-text-align-justify\" style=\"margin-top:0;margin-right:0;margin-bottom:0;margin-left:0\">Possiamo anche organizzare un prelievo all&#8217;aeroporto, poich\u00e9 collaboriamo con diverse compagnie. \u00c8 pi\u00f9 costoso perch\u00e9 l&#8217;autista deve parcheggiare e aspettarvi. Vi aiuter\u00e0 con i bagagli e vi aspetter\u00e0 dopo la dogana con un cartello con il vostro nome. Tariffa su richiesta.<\/p>\n\n<p class=\"has-text-align-justify\" style=\"margin-top:0;margin-right:0;margin-bottom:0;margin-left:0;padding-top:0;padding-right:0;padding-bottom:0;padding-left:0\">Il trasferimento dall&#8217;hotel all&#8217;aeroporto \u00e8 meno costoso perch\u00e9 l&#8217;autista non deve parcheggiare e aspettarvi. <\/p>\n\n<p class=\"has-text-align-justify\" style=\"margin-top:0;margin-right:0;margin-bottom:0;margin-left:0;padding-top:0;padding-right:0;padding-bottom:0;padding-left:0\"><strong>In train :<\/strong> Circa 1 ora \u2013 \u00c8 anche possibile prendere il treno RER B dall&#8217;aeroporto fino alla stazione Chatelet Les Halles, quindi la linea 7 della metropolitana e scendere alla fermata Op\u00e9ra (a 220 metri dall&#8217;hotel).<\/p>\n\n<ul class=\"wp-block-list\">\n<li><strong>Aeroporto di Orly (ORY)<\/strong><\/li>\n<\/ul>\n\n<p class=\"has-text-align-justify\" style=\"margin-top:0;margin-right:0;margin-bottom:0;margin-left:0\"><strong><strong>In taxi : <\/strong><\/strong>Circa 50 minuti &#8211; Il prezzo di un taxi regolare preso alla stazione dei taxi \u00e8 fisso ed \u00e8 di 45 \u20ac, bagagli inclusi. Fate attenzione ai falsi tassisti e confermate con loro la tariffa prima di salire in macchina.<\/p>\n\n<p class=\"has-text-align-justify\" style=\"margin-top:0;margin-right:0;margin-bottom:0;margin-left:0;padding-top:0;padding-right:0;padding-bottom:0;padding-left:0\">Possiamo anche organizzare un prelievo all&#8217;aeroporto, poich\u00e9 collaboriamo con diverse compagnie. \u00c8 pi\u00f9 costoso perch\u00e9 l&#8217;autista deve parcheggiare e aspettarvi. Vi aiuter\u00e0 con i bagagli e vi aspetter\u00e0 dopo la dogana con un cartello con il vostro nome. Tariffa su richiesta.<\/p>\n\n<p class=\"has-text-align-justify\" style=\"margin-top:0;margin-right:0;margin-bottom:0;margin-left:0;padding-top:0;padding-right:0;padding-bottom:0;padding-left:0\">Il trasferimento dall&#8217;hotel all&#8217;aeroporto \u00e8 meno costoso perch\u00e9 l&#8217;autista non deve parcheggiare e aspettarvi. <\/p>\n\n<p style=\"margin-top:0;margin-bottom:0;padding-top:0;padding-bottom:0\"><strong>In autobus :<\/strong> Circa 1 ora &#8211; Prendere il Roissybus all&#8217;incrocio tra Rue Scribe e Rue Auber, a circa 7 minuti a piedi dall&#8217;hotel. Il Roissybus \u00e8 diretto all&#8217;aeroporto Charles de Gaulle. <\/p>\n\n<p class=\"has-text-align-justify\" style=\"margin-top:0;margin-right:0;margin-bottom:0;margin-left:0;padding-top:0;padding-right:0;padding-bottom:0;padding-left:0\"><strong>In train :<\/strong> Circa 1 ora \u2013 Dovresti cambiare due volte: prendere l&#8217;Orlyval all&#8217;aeroporto e fermarsi ad Anthony. Poi cambiare per la RER B e scendere alla stazione \u201cChatelet Les Halles\u201d. Cambiare per la RER A e scendere alla stazione \u201cAuber\u201d (a 550 metri dall&#8217;hotel).  <\/p>\n\n<p class=\"has-text-align-justify has-large-font-size\"><strong>Dalle stazioni ferroviarie parigine<\/strong><\/p>\n\n<ul class=\"wp-block-list\">\n<li><strong>Gare du Nord <\/strong><\/li>\n<\/ul>\n\n<p class=\"has-text-align-justify\" style=\"margin-top:0;margin-right:0;margin-bottom:0;margin-left:0\"><strong>In taxi :<\/strong> A seconda del traffico, il tempo di percorrenza del taxi \u00e8 di circa 20 minuti.<\/p>\n\n<p class=\"has-text-align-justify\" style=\"margin-top:0;margin-right:0;margin-bottom:0;margin-left:0\"><strong>In metro :<\/strong> Circa 20 minuti \u2013 Dalla stazione Gare du Nord, prendere la linea 4 della metropolitana e scendere alla stazione \u201cR\u00e9aumur S\u00e9bastopol\u201d, quindi cambiare per la linea 3 della metropolitana e scendere alla stazione \u201cQuatre Septembre\u201d (a 300 metri dall&#8217;hotel).<\/p>\n\n<ul class=\"wp-block-list\">\n<li><strong>Gare Montparnasse<\/strong><\/li>\n<\/ul>\n\n<p class=\"has-text-align-justify\" style=\"margin-top:0;margin-right:0;margin-bottom:0;margin-left:0\"><strong>In taxi :<\/strong> A seconda del traffico, il tempo di percorrenza del taxi \u00e8 di circa 20 minuti.<\/p>\n\n<p class=\"has-text-align-justify\" style=\"margin-top:0;margin-right:0;margin-bottom:0;margin-left:0\"><strong>In metro :<\/strong> Circa 20 minuti \u2013 Dalla stazione \u201cMontparnasse Bienvenue\u201d, prendere la linea 13 della metropolitana e scendere alla stazione \u201cInvalides\u201d, quindi prendere la linea 8 della metropolitana e scendere alla stazione \u201cOp\u00e9ra\u201d (a 300 metri dall&#8217;hotel).<\/p>\n\n<ul class=\"wp-block-list\">\n<li><strong>Gare de Lyon<\/strong><\/li>\n<\/ul>\n\n<p class=\"has-text-align-justify\" style=\"margin-top:0;margin-right:0;margin-bottom:0;margin-left:0\"><strong>In taxi :<\/strong> A seconda del traffico, il tempo di percorrenza del taxi \u00e8 di circa 20 minuti.<\/p>\n\n<p class=\"has-text-align-justify\" style=\"margin-top:0;margin-right:0;margin-bottom:0;margin-left:0\"><strong>In metro :<\/strong> Circa 15 minuti \u2013 Dalla stazione \u201cGare de Lyon\u201d, prendere la linea 14 della metropolitana e scendere alla stazione \u201cPyramides\u201d (a 450 metri dall\u2019hotel)<\/p>\n\n<p class=\"has-text-align-justify has-large-font-size\"><strong>Dalle stazioni della metropolitana parigina<\/strong><\/p>\n\n<ul class=\"wp-block-list\">\n<li>&#8220;<strong>Op\u00e9ra&#8221; station<\/strong><\/li>\n<\/ul>\n\n<p class=\"has-text-align-justify\" style=\"margin-top:0;margin-right:0;margin-bottom:0;margin-left:0\"><strong>A piedi: <\/strong>280 metri &#8211; 4 minuti &#8211; Dalla stazione della metropolitana \u201cOp\u00e9ra\u201d, camminare verso sud su place de l&#8217;Op\u00e9ra per circa 70 metri. Svoltate a sinistra in Rue du 4 septembre per 110 metri, girate a destra in Rue du Port-Mahon, percorrete 70 metri e girate a destra in Rue d&#8217;Antin, camminate per 40 metri e troverete l&#8217;Hotel Horset Op\u00e9ra sulla vostra sinistra.<\/p>\n\n<ul class=\"wp-block-list\">\n<li>&#8220;<strong>Quatre Septembre&#8221; station<\/strong><\/li>\n<\/ul>\n\n<p class=\"has-text-align-justify\" style=\"margin-top:0;margin-right:0;margin-bottom:0;margin-left:0\"><strong>A piedi:<\/strong> 250 metri &#8211; 3 minuti &#8211; Dalla stazione della metropolitana \u201cQuatre-septembre\u201d, camminare verso ovest su Rue du 4 septembre per circa 150 metri. Svoltate a sinistra in Rue de Port-Mahon, percorrete 70 metri e svoltate a destra in Rue d&#8217;Antin, camminate per 40 metri e troverete l&#8217;Hotel Horset Op\u00e9ra sulla vostra sinistra.<\/p>\n\n<ul class=\"wp-block-list\">\n<li>&#8220;<strong>Auber&#8221; station<\/strong><\/li>\n<\/ul>\n\n<p class=\"has-text-align-justify\" style=\"margin-top:0;margin-right:0;margin-bottom:0;margin-left:0\"><strong>A piedi: <\/strong>550 metri &#8211; 8 minuti &#8211; Dalla stazione RER \u201cAuber\u201d, proseguire a piedi verso sud-est su Rue Auber per circa 230 metri. Proseguire a sud su Place de l&#8217;Op\u00e9ra per circa 70 metri. Svoltare a sinistra in Rue du 4 septembre per 110 metri, svoltare a destra in Rue du Port-Mahon, percorrere 70 metri e svoltare a destra in Rue d&#8217;Antin, percorrere 40 metri e trovare l&#8217;Hotel Horset Op\u00e9ra sulla sinistra.<\/p>\n","protected":false},"excerpt":{"rendered":"<p>Localizzazione dell&#8217;hotel Scopri i vivaci dintorni dell&#8217;Hotel Horset Op\u00e9ra nel cuore di Parigi. Non perdere l&#8217;opportunit\u00e0 di consultare il nostro personale della reception per preziosi consigli e raccomandazioni per migliorare la tua esplorazione parigina. Esplora monumenti iconici, boutique alla moda e luoghi culturali a pochi istanti dalla nostra porta Come raggiungere l&#8217;hotel Dagli aeroporti parigini [&hellip;]<\/p>\n","protected":false},"author":2,"featured_media":17413,"parent":0,"menu_order":0,"comment_status":"closed","ping_status":"closed","template":"wp-custom-template-le-template-des-pages-2023","meta":{"footnotes":""},"class_list":["post-6725","page","type-page","status-publish","has-post-thumbnail","hentry"],"_links":{"self":[{"href":"https:\/\/www.hotelhorsetopera.com\/it\/wp-json\/wp\/v2\/pages\/6725","targetHints":{"allow":["GET"]}}],"collection":[{"href":"https:\/\/www.hotelhorsetopera.com\/it\/wp-json\/wp\/v2\/pages"}],"about":[{"href":"https:\/\/www.hotelhorsetopera.com\/it\/wp-json\/wp\/v2\/types\/page"}],"author":[{"embeddable":true,"href":"https:\/\/www.hotelhorsetopera.com\/it\/wp-json\/wp\/v2\/users\/2"}],"replies":[{"embeddable":true,"href":"https:\/\/www.hotelhorsetopera.com\/it\/wp-json\/wp\/v2\/comments?post=6725"}],"version-history":[{"count":2,"href":"https:\/\/www.hotelhorsetopera.com\/it\/wp-json\/wp\/v2\/pages\/6725\/revisions"}],"predecessor-version":[{"id":20848,"href":"https:\/\/www.hotelhorsetopera.com\/it\/wp-json\/wp\/v2\/pages\/6725\/revisions\/20848"}],"wp:featuredmedia":[{"embeddable":true,"href":"https:\/\/www.hotelhorsetopera.com\/it\/wp-json\/wp\/v2\/media\/17413"}],"wp:attachment":[{"href":"https:\/\/www.hotelhorsetopera.com\/it\/wp-json\/wp\/v2\/media?parent=6725"}],"curies":[{"name":"wp","href":"https:\/\/api.w.org\/{rel}","templated":true}]}}