{"id":8270,"date":"2023-05-21T09:40:07","date_gmt":"2023-05-21T07:40:07","guid":{"rendered":"http:\/\/www.laperle.tess5418.odns.fr\/visitar-paris\/restaurantes\/"},"modified":"2023-11-09T12:01:37","modified_gmt":"2023-11-09T11:01:37","slug":"restaurantes","status":"publish","type":"page","link":"https:\/\/www.hotelhorsetopera.com\/pt-pt\/visitar-paris\/restaurantes\/","title":{"rendered":"Restaurantes"},"content":{"rendered":"\n<p class=\"has-text-align-justify\">Embarque em uma jornada culin\u00e1ria em Paris, onde um mundo de del\u00edcias gastron\u00f4micas o aguarda. De restaurantes com estrelas Michelin a bistr\u00f4s charmosos e caf\u00e9s da moda, a cidade oferece um cen\u00e1rio gastron\u00f4mico diversificado. Delicie-se com a requintada culin\u00e1ria francesa, saboreie doces deliciosos e explore os sabores internacionais. Os restaurantes parisienses prometem uma experi\u00eancia epicurista inesquec\u00edvel. <\/p>\n\n<div class=\"wp-block-query is-layout-flow wp-block-query-is-layout-flow\"><ul class=\"columns-3 wp-block-post-template is-layout-grid wp-container-core-post-template-is-layout-6d3fbd8f wp-block-post-template-is-layout-grid\"><li class=\"wp-block-post post-8648 post type-post status-publish format-standard has-post-thumbnail hentry category-restaurantes-pt\">\n<figure class=\"bordure-doree image-zoom wp-block-post-featured-image\"><a href=\"https:\/\/www.hotelhorsetopera.com\/pt-pt\/restaurantes-pt\/l-absinthe\/\" target=\"_self\"  ><img loading=\"lazy\" decoding=\"async\" width=\"344\" height=\"173\" src=\"https:\/\/www.hotelhorsetopera.com\/wp-content\/uploads\/2016\/05\/restaurant-l-absynthe-presentation-paris-jpg.webp\" class=\"attachment-post-thumbnail size-post-thumbnail wp-post-image\" alt=\"L&#8217;Absinthe\" style=\"object-fit:cover;\" title=\"\"><span class=\"wp-block-post-featured-image__overlay has-background-dim has-background-dim-10\" style=\"\" aria-hidden=\"true\"><\/span><\/a><\/figure>\n\n<h2 class=\"has-text-align-center has-link-color wp-elements-ec4dad56195e23fcce3ffc0f4f79024b wp-block-post-title has-medium-font-size\"><a href=\"https:\/\/www.hotelhorsetopera.com\/pt-pt\/restaurantes-pt\/l-absinthe\/\" target=\"_self\" >L&#8217;Absinthe<\/a><\/h2>\n<\/li><li class=\"wp-block-post post-8668 post type-post status-publish format-standard has-post-thumbnail hentry category-restaurantes-pt\">\n<figure class=\"bordure-doree image-zoom wp-block-post-featured-image\"><a href=\"https:\/\/www.hotelhorsetopera.com\/pt-pt\/restaurantes-pt\/le-gallopin\/\" target=\"_self\"  ><img loading=\"lazy\" decoding=\"async\" width=\"344\" height=\"173\" src=\"https:\/\/www.hotelhorsetopera.com\/wp-content\/uploads\/2016\/05\/Gallopin-presentation-paris-jpg.webp\" class=\"attachment-post-thumbnail size-post-thumbnail wp-post-image\" alt=\"Le Gallopin\" style=\"object-fit:cover;\" title=\"\"><span class=\"wp-block-post-featured-image__overlay has-background-dim has-background-dim-10\" style=\"\" aria-hidden=\"true\"><\/span><\/a><\/figure>\n\n<h2 class=\"has-text-align-center has-link-color wp-elements-ec4dad56195e23fcce3ffc0f4f79024b wp-block-post-title has-medium-font-size\"><a href=\"https:\/\/www.hotelhorsetopera.com\/pt-pt\/restaurantes-pt\/le-gallopin\/\" target=\"_self\" >Le Gallopin<\/a><\/h2>\n<\/li><li class=\"wp-block-post post-8683 post type-post status-publish format-standard has-post-thumbnail hentry category-restaurantes-pt\">\n<figure class=\"bordure-doree image-zoom wp-block-post-featured-image\"><a href=\"https:\/\/www.hotelhorsetopera.com\/pt-pt\/restaurantes-pt\/goumard\/\" target=\"_self\"  ><img loading=\"lazy\" decoding=\"async\" width=\"344\" height=\"173\" src=\"https:\/\/www.hotelhorsetopera.com\/wp-content\/uploads\/2016\/05\/Goumard-presentation-paris-jpg.webp\" class=\"attachment-post-thumbnail size-post-thumbnail wp-post-image\" alt=\"Goumard\" style=\"object-fit:cover;\" title=\"\"><span class=\"wp-block-post-featured-image__overlay has-background-dim has-background-dim-10\" style=\"\" aria-hidden=\"true\"><\/span><\/a><\/figure>\n\n<h2 class=\"has-text-align-center has-link-color wp-elements-ec4dad56195e23fcce3ffc0f4f79024b wp-block-post-title has-medium-font-size\"><a href=\"https:\/\/www.hotelhorsetopera.com\/pt-pt\/restaurantes-pt\/goumard\/\" target=\"_self\" >Goumard<\/a><\/h2>\n<\/li><li class=\"wp-block-post post-8702 post type-post status-publish format-standard has-post-thumbnail hentry category-restaurantes-pt\">\n<figure class=\"bordure-doree image-zoom wp-block-post-featured-image\"><a href=\"https:\/\/www.hotelhorsetopera.com\/pt-pt\/restaurantes-pt\/la-fontaine-gaillon\/\" target=\"_self\"  ><img loading=\"lazy\" decoding=\"async\" width=\"344\" height=\"173\" src=\"https:\/\/www.hotelhorsetopera.com\/wp-content\/uploads\/2016\/05\/restaurant-la-fontaine-gaillon-presentation-paris-jpg.webp\" class=\"attachment-post-thumbnail size-post-thumbnail wp-post-image\" alt=\"La Fontaine Gaillon\" style=\"object-fit:cover;\" title=\"\"><span class=\"wp-block-post-featured-image__overlay has-background-dim has-background-dim-10\" style=\"\" aria-hidden=\"true\"><\/span><\/a><\/figure>\n\n<h2 class=\"has-text-align-center has-link-color wp-elements-ec4dad56195e23fcce3ffc0f4f79024b wp-block-post-title has-medium-font-size\"><a href=\"https:\/\/www.hotelhorsetopera.com\/pt-pt\/restaurantes-pt\/la-fontaine-gaillon\/\" target=\"_self\" >La Fontaine Gaillon<\/a><\/h2>\n<\/li><li class=\"wp-block-post post-8719 post type-post status-publish format-standard has-post-thumbnail hentry category-restaurantes-pt\">\n<figure class=\"bordure-doree image-zoom wp-block-post-featured-image\"><a href=\"https:\/\/www.hotelhorsetopera.com\/pt-pt\/restaurantes-pt\/madonna\/\" target=\"_self\"  ><img loading=\"lazy\" decoding=\"async\" width=\"344\" height=\"173\" src=\"https:\/\/www.hotelhorsetopera.com\/wp-content\/uploads\/2016\/05\/madonna-restaurant-paris-presentation-jpg.webp\" class=\"attachment-post-thumbnail size-post-thumbnail wp-post-image\" alt=\"Madonna\" style=\"object-fit:cover;\" title=\"\"><span class=\"wp-block-post-featured-image__overlay has-background-dim has-background-dim-10\" style=\"\" aria-hidden=\"true\"><\/span><\/a><\/figure>\n\n<h2 class=\"has-text-align-center has-link-color wp-elements-ec4dad56195e23fcce3ffc0f4f79024b wp-block-post-title has-medium-font-size\"><a href=\"https:\/\/www.hotelhorsetopera.com\/pt-pt\/restaurantes-pt\/madonna\/\" target=\"_self\" >Madonna<\/a><\/h2>\n<\/li><li class=\"wp-block-post post-8734 post type-post status-publish format-standard has-post-thumbnail hentry category-restaurantes-pt\">\n<figure class=\"bordure-doree image-zoom wp-block-post-featured-image\"><a href=\"https:\/\/www.hotelhorsetopera.com\/pt-pt\/restaurantes-pt\/le-cafe-de-la-paix\/\" target=\"_self\"  ><img loading=\"lazy\" decoding=\"async\" width=\"344\" height=\"173\" src=\"https:\/\/www.hotelhorsetopera.com\/wp-content\/uploads\/2016\/05\/Cafe-de-la-paix-presentation-paris-jpg.webp\" class=\"attachment-post-thumbnail size-post-thumbnail wp-post-image\" alt=\"Le Caf\u00e9 de la Paix\" style=\"object-fit:cover;\" title=\"\"><span class=\"wp-block-post-featured-image__overlay has-background-dim has-background-dim-10\" style=\"\" aria-hidden=\"true\"><\/span><\/a><\/figure>\n\n<h2 class=\"has-text-align-center has-link-color wp-elements-ec4dad56195e23fcce3ffc0f4f79024b wp-block-post-title has-medium-font-size\"><a href=\"https:\/\/www.hotelhorsetopera.com\/pt-pt\/restaurantes-pt\/le-cafe-de-la-paix\/\" target=\"_self\" >Le Caf\u00e9 de la Paix<\/a><\/h2>\n<\/li><\/ul>\n\n<\/div>\n","protected":false},"excerpt":{"rendered":"<p>Embarque em uma jornada culin\u00e1ria em Paris, onde um mundo de del\u00edcias gastron\u00f4micas o aguarda. De restaurantes com estrelas Michelin a bistr\u00f4s charmosos e caf\u00e9s da moda, a cidade oferece um cen\u00e1rio gastron\u00f4mico diversificado. Delicie-se com a requintada culin\u00e1ria francesa, saboreie doces deliciosos e explore os sabores internacionais. Os restaurantes parisienses prometem uma experi\u00eancia epicurista [&hellip;]<\/p>\n","protected":false},"author":2,"featured_media":14563,"parent":8260,"menu_order":0,"comment_status":"closed","ping_status":"closed","template":"wp-custom-template-le-template-des-pages-2023","meta":{"footnotes":""},"class_list":["post-8270","page","type-page","status-publish","has-post-thumbnail","hentry"],"_links":{"self":[{"href":"https:\/\/www.hotelhorsetopera.com\/pt-pt\/wp-json\/wp\/v2\/pages\/8270","targetHints":{"allow":["GET"]}}],"collection":[{"href":"https:\/\/www.hotelhorsetopera.com\/pt-pt\/wp-json\/wp\/v2\/pages"}],"about":[{"href":"https:\/\/www.hotelhorsetopera.com\/pt-pt\/wp-json\/wp\/v2\/types\/page"}],"author":[{"embeddable":true,"href":"https:\/\/www.hotelhorsetopera.com\/pt-pt\/wp-json\/wp\/v2\/users\/2"}],"replies":[{"embeddable":true,"href":"https:\/\/www.hotelhorsetopera.com\/pt-pt\/wp-json\/wp\/v2\/comments?post=8270"}],"version-history":[{"count":0,"href":"https:\/\/www.hotelhorsetopera.com\/pt-pt\/wp-json\/wp\/v2\/pages\/8270\/revisions"}],"up":[{"embeddable":true,"href":"https:\/\/www.hotelhorsetopera.com\/pt-pt\/wp-json\/wp\/v2\/pages\/8260"}],"wp:featuredmedia":[{"embeddable":true,"href":"https:\/\/www.hotelhorsetopera.com\/pt-pt\/wp-json\/wp\/v2\/media\/14563"}],"wp:attachment":[{"href":"https:\/\/www.hotelhorsetopera.com\/pt-pt\/wp-json\/wp\/v2\/media?parent=8270"}],"curies":[{"name":"wp","href":"https:\/\/api.w.org\/{rel}","templated":true}]}}