{"id":8292,"date":"2023-05-16T12:41:27","date_gmt":"2023-05-16T10:41:27","guid":{"rendered":"http:\/\/www.laperle.tess5418.odns.fr\/visitar-paris\/bem-estar\/"},"modified":"2023-11-10T15:31:24","modified_gmt":"2023-11-10T14:31:24","slug":"bem-estar","status":"publish","type":"page","link":"https:\/\/www.hotelhorsetopera.com\/pt-pt\/visitar-paris\/bem-estar\/","title":{"rendered":"Bem-estar"},"content":{"rendered":"\n<p class=\"has-text-align-justify\">Cuide de seu bem-estar no ambiente do Opera District. Delicie-se com spas luxuosos, est\u00fadios de ioga e centros de bem-estar que oferecem um momento de relaxamento da cidade agitada. Descubra tratamentos, massagens rejuvenescedoras e espa\u00e7os tranquilos de medita\u00e7\u00e3o, permitindo que voc\u00ea recupere o equil\u00edbrio e encontre a harmonia interior nesta cidade agitada.   <\/p>\n\n<div class=\"wp-block-query is-layout-flow wp-block-query-is-layout-flow\"><ul class=\"columns-3 wp-block-post-template is-layout-grid wp-container-core-post-template-is-layout-6d3fbd8f wp-block-post-template-is-layout-grid\"><li class=\"wp-block-post post-8397 post type-post status-publish format-standard has-post-thumbnail hentry category-bem-estar-pt-pt\">\n<figure class=\"bordure-doree image-zoom wp-block-post-featured-image\"><a href=\"https:\/\/www.hotelhorsetopera.com\/pt-pt\/bem-estar-pt-pt\/l-usine\/\" target=\"_self\"  ><img loading=\"lazy\" decoding=\"async\" width=\"344\" height=\"173\" src=\"https:\/\/www.hotelhorsetopera.com\/wp-content\/uploads\/2016\/05\/well-being-l-usine-presentation-paris-jpg.webp\" class=\"attachment-post-thumbnail size-post-thumbnail wp-post-image\" alt=\"L&#8217;Usine\" style=\"object-fit:cover;\" title=\"\"><\/a><\/figure>\n\n<h2 class=\"has-text-align-center has-link-color wp-elements-ec4dad56195e23fcce3ffc0f4f79024b wp-block-post-title has-medium-font-size\"><a href=\"https:\/\/www.hotelhorsetopera.com\/pt-pt\/bem-estar-pt-pt\/l-usine\/\" target=\"_self\" >L&#8217;Usine<\/a><\/h2>\n<\/li><li class=\"wp-block-post post-8426 post type-post status-publish format-standard has-post-thumbnail hentry category-bem-estar-pt-pt\">\n<figure class=\"bordure-doree image-zoom wp-block-post-featured-image\"><a href=\"https:\/\/www.hotelhorsetopera.com\/pt-pt\/bem-estar-pt-pt\/spa-5-mondes\/\" target=\"_self\"  ><img loading=\"lazy\" decoding=\"async\" width=\"344\" height=\"173\" src=\"https:\/\/www.hotelhorsetopera.com\/wp-content\/uploads\/2016\/05\/well-being-spa-5-mondes-presentation-paris-jpg.webp\" class=\"attachment-post-thumbnail size-post-thumbnail wp-post-image\" alt=\"Spa 5 Mondes\" style=\"object-fit:cover;\" title=\"\"><\/a><\/figure>\n\n<h2 class=\"has-text-align-center has-link-color wp-elements-ec4dad56195e23fcce3ffc0f4f79024b wp-block-post-title has-medium-font-size\"><a href=\"https:\/\/www.hotelhorsetopera.com\/pt-pt\/bem-estar-pt-pt\/spa-5-mondes\/\" target=\"_self\" >Spa 5 Mondes<\/a><\/h2>\n<\/li><li class=\"wp-block-post post-8446 post type-post status-publish format-standard has-post-thumbnail hentry category-bem-estar-pt-pt\">\n<figure class=\"bordure-doree image-zoom wp-block-post-featured-image\"><a href=\"https:\/\/www.hotelhorsetopera.com\/pt-pt\/bem-estar-pt-pt\/decleor\/\" target=\"_self\"  ><img loading=\"lazy\" decoding=\"async\" width=\"344\" height=\"173\" src=\"https:\/\/www.hotelhorsetopera.com\/wp-content\/uploads\/2016\/05\/well-being-decleor-presentation-paris-jpg.webp\" class=\"attachment-post-thumbnail size-post-thumbnail wp-post-image\" alt=\"D\u00e9cleor\" style=\"object-fit:cover;\" title=\"\"><\/a><\/figure>\n\n<h2 class=\"has-text-align-center has-link-color wp-elements-ec4dad56195e23fcce3ffc0f4f79024b wp-block-post-title has-medium-font-size\"><a href=\"https:\/\/www.hotelhorsetopera.com\/pt-pt\/bem-estar-pt-pt\/decleor\/\" target=\"_self\" >D\u00e9cleor<\/a><\/h2>\n<\/li><li class=\"wp-block-post post-8470 post type-post status-publish format-standard has-post-thumbnail hentry category-bem-estar-pt-pt\">\n<figure class=\"bordure-doree image-zoom wp-block-post-featured-image\"><a href=\"https:\/\/www.hotelhorsetopera.com\/pt-pt\/bem-estar-pt-pt\/spa-nuxe-montorgueuil\/\" target=\"_self\"  ><img loading=\"lazy\" decoding=\"async\" width=\"344\" height=\"173\" src=\"https:\/\/www.hotelhorsetopera.com\/wp-content\/uploads\/2016\/05\/well-being-spa-nuxe-montorgueil-presentation-paris-jpg.webp\" class=\"attachment-post-thumbnail size-post-thumbnail wp-post-image\" alt=\"Spa Nuxe Montorgueuil\" style=\"object-fit:cover;\" title=\"\"><\/a><\/figure>\n\n<h2 class=\"has-text-align-center has-link-color wp-elements-ec4dad56195e23fcce3ffc0f4f79024b wp-block-post-title has-medium-font-size\"><a href=\"https:\/\/www.hotelhorsetopera.com\/pt-pt\/bem-estar-pt-pt\/spa-nuxe-montorgueuil\/\" target=\"_self\" >Spa Nuxe Montorgueuil<\/a><\/h2>\n<\/li><li class=\"wp-block-post post-8492 post type-post status-publish format-standard has-post-thumbnail hentry category-bem-estar-pt-pt\">\n<figure class=\"bordure-doree image-zoom wp-block-post-featured-image\"><a href=\"https:\/\/www.hotelhorsetopera.com\/pt-pt\/bem-estar-pt-pt\/jardim-das-tulherias\/\" target=\"_self\"  ><img loading=\"lazy\" decoding=\"async\" width=\"344\" height=\"173\" src=\"https:\/\/www.hotelhorsetopera.com\/wp-content\/uploads\/2016\/05\/well-being-tuileries-garden-presentation-paris-jpg.webp\" class=\"attachment-post-thumbnail size-post-thumbnail wp-post-image\" alt=\"Jardim das Tulherias\" style=\"object-fit:cover;\" title=\"\"><\/a><\/figure>\n\n<h2 class=\"has-text-align-center has-link-color wp-elements-ec4dad56195e23fcce3ffc0f4f79024b wp-block-post-title has-medium-font-size\"><a href=\"https:\/\/www.hotelhorsetopera.com\/pt-pt\/bem-estar-pt-pt\/jardim-das-tulherias\/\" target=\"_self\" >Jardim das Tulherias<\/a><\/h2>\n<\/li><li class=\"wp-block-post post-8506 post type-post status-publish format-standard has-post-thumbnail hentry category-bem-estar-pt-pt\">\n<figure class=\"bordure-doree image-zoom wp-block-post-featured-image\"><a href=\"https:\/\/www.hotelhorsetopera.com\/pt-pt\/bem-estar-pt-pt\/massagem-em-seu-quarto\/\" target=\"_self\"  ><img loading=\"lazy\" decoding=\"async\" width=\"344\" height=\"173\" src=\"https:\/\/www.hotelhorsetopera.com\/wp-content\/uploads\/2016\/05\/well-being-in-your-room-massage-presentation-jpg.webp\" class=\"attachment-post-thumbnail size-post-thumbnail wp-post-image\" alt=\"Massagem em seu quarto\" style=\"object-fit:cover;\" title=\"\"><\/a><\/figure>\n\n<h2 class=\"has-text-align-center has-link-color wp-elements-ec4dad56195e23fcce3ffc0f4f79024b wp-block-post-title has-medium-font-size\"><a href=\"https:\/\/www.hotelhorsetopera.com\/pt-pt\/bem-estar-pt-pt\/massagem-em-seu-quarto\/\" target=\"_self\" >Massagem em seu quarto<\/a><\/h2>\n<\/li><\/ul>\n\n<\/div>\n","protected":false},"excerpt":{"rendered":"<p>Cuide de seu bem-estar no ambiente do Opera District. Delicie-se com spas luxuosos, est\u00fadios de ioga e centros de bem-estar que oferecem um momento de relaxamento da cidade agitada. Descubra tratamentos, massagens rejuvenescedoras e espa\u00e7os tranquilos de medita\u00e7\u00e3o, permitindo que voc\u00ea recupere o equil\u00edbrio e encontre a harmonia interior nesta cidade agitada.<\/p>\n","protected":false},"author":1,"featured_media":14547,"parent":8260,"menu_order":4,"comment_status":"closed","ping_status":"closed","template":"wp-custom-template-le-template-des-pages-2023","meta":{"footnotes":""},"class_list":["post-8292","page","type-page","status-publish","has-post-thumbnail","hentry"],"_links":{"self":[{"href":"https:\/\/www.hotelhorsetopera.com\/pt-pt\/wp-json\/wp\/v2\/pages\/8292","targetHints":{"allow":["GET"]}}],"collection":[{"href":"https:\/\/www.hotelhorsetopera.com\/pt-pt\/wp-json\/wp\/v2\/pages"}],"about":[{"href":"https:\/\/www.hotelhorsetopera.com\/pt-pt\/wp-json\/wp\/v2\/types\/page"}],"author":[{"embeddable":true,"href":"https:\/\/www.hotelhorsetopera.com\/pt-pt\/wp-json\/wp\/v2\/users\/1"}],"replies":[{"embeddable":true,"href":"https:\/\/www.hotelhorsetopera.com\/pt-pt\/wp-json\/wp\/v2\/comments?post=8292"}],"version-history":[{"count":0,"href":"https:\/\/www.hotelhorsetopera.com\/pt-pt\/wp-json\/wp\/v2\/pages\/8292\/revisions"}],"up":[{"embeddable":true,"href":"https:\/\/www.hotelhorsetopera.com\/pt-pt\/wp-json\/wp\/v2\/pages\/8260"}],"wp:featuredmedia":[{"embeddable":true,"href":"https:\/\/www.hotelhorsetopera.com\/pt-pt\/wp-json\/wp\/v2\/media\/14547"}],"wp:attachment":[{"href":"https:\/\/www.hotelhorsetopera.com\/pt-pt\/wp-json\/wp\/v2\/media?parent=8292"}],"curies":[{"name":"wp","href":"https:\/\/api.w.org\/{rel}","templated":true}]}}