{"id":8341,"date":"2023-05-05T12:46:44","date_gmt":"2023-05-05T10:46:44","guid":{"rendered":"http:\/\/www.laperle.tess5418.odns.fr\/servicos\/"},"modified":"2025-12-08T22:41:19","modified_gmt":"2025-12-08T21:41:19","slug":"servicos","status":"publish","type":"page","link":"https:\/\/www.hotelhorsetopera.com\/pt-pt\/servicos\/","title":{"rendered":"Servi\u00e7os"},"content":{"rendered":"\n<div class=\"wp-block-columns leconteneur has-custom-contrast-color has-custom-links-beige-background-color has-text-color has-background is-layout-flex wp-container-core-columns-is-layout-a807a079 wp-block-columns-is-layout-flex\" style=\"border-style:none;border-width:0px;border-radius:0px;margin-top:0;margin-bottom:0;padding-top:0;padding-right:0;padding-bottom:0;padding-left:0\">\n<div class=\"wp-block-column agl agl-fadeCSSRight is-layout-flow wp-container-core-column-is-layout-69fcd244 wp-block-column-is-layout-flow\" style=\"--col-width:42%;padding-top:0;padding-right:0;padding-bottom:0;padding-left:0;flex-basis:42%\">\n<div class=\"wp-block-cover is-light is-style-default\" style=\"padding-top:0;padding-right:0;padding-bottom:0;padding-left:0;min-height:100%;aspect-ratio:unset;\"><img loading=\"lazy\" decoding=\"async\" width=\"515\" height=\"650\" sizes=\"auto, (max-width: 799px) 200vw, (max-width: 515px) 100vw, 515px\" class=\"wp-block-cover__image-background wp-image-16998\" alt=\"\" src=\"https:\/\/www.hotelhorsetopera.com\/wp-content\/uploads\/2023\/11\/horset-opera-paris-Reception-detail-jpg.webp\" data-object-fit=\"cover\" title=\"\" srcset=\"https:\/\/www.hotelhorsetopera.com\/wp-content\/uploads\/2023\/11\/horset-opera-paris-Reception-detail-jpg.webp 515w, https:\/\/www.hotelhorsetopera.com\/wp-content\/uploads\/2023\/11\/horset-opera-paris-Reception-detail-238x300.webp 238w\" \/><span aria-hidden=\"true\" class=\"wp-block-cover__background has-custom-background-background-color has-background-dim-80 has-background-dim\"><\/span><div class=\"wp-block-cover__inner-container is-layout-flow wp-block-cover-is-layout-flow\">\n<h1 class=\"wp-block-heading espace-petit-bas has-custom-rouge-footer-color has-text-color\" style=\"margin-top:var(--wp--preset--spacing--30);margin-right:0;margin-bottom:0;margin-left:var(--wp--preset--spacing--30);padding-top:0px;padding-right:0px;padding-bottom:0px;padding-left:0px;font-style:normal;font-weight:600\">Recep\u00e7\u00e3o<\/h1>\n\n\n\n<h1 class=\"wp-block-heading has-custom-rouge-footer-color has-text-color\" style=\"margin-top:0;margin-left:var(--wp--preset--spacing--30)\">Seja nosso convidado<\/h1>\n\n\n\n<p class=\"has-text-align-justify has-custom-contrast-color has-text-color\" style=\"margin-right:var(--wp--preset--spacing--30);margin-bottom:var(--wp--preset--spacing--30);margin-left:var(--wp--preset--spacing--30)\">No Hotel Horset Opera em Paris, a nossa equipa de rece\u00e7\u00e3o est\u00e1 empenhada em melhorar a sua estadia na Cidade Luz. A nossa equipa multilingue est\u00e1 sempre pronta a oferecer conselhos especializados sobre as atrac\u00e7\u00f5es locais, restaurantes e experi\u00eancias culturais, garantindo que aproveita ao m\u00e1ximo a sua visita a Paris. <\/p>\n\n\n\n<p class=\"has-text-align-justify has-custom-contrast-color has-text-color\" style=\"margin-right:var(--wp--preset--spacing--30);margin-bottom:var(--wp--preset--spacing--30);margin-left:var(--wp--preset--spacing--30)\">Fornecemos uma gama de servi\u00e7os, incluindo assist\u00eancia de concierge, transporte para o aeroporto e armazenamento de bagagem, todos destinados a tornar a tua estadia perfeita e agrad\u00e1vel. Com uma abordagem calorosa e acolhedora, a nossa equipa de rece\u00e7\u00e3o est\u00e1 empenhada em exceder as suas expectativas durante a sua estadia no cora\u00e7\u00e3o de Paris. <\/p>\n<\/div><\/div>\n\n\n\n<div style=\"height:15px\" aria-hidden=\"true\" class=\"wp-block-spacer\"><\/div>\n<\/div>\n\n\n\n<div class=\"wp-block-column agl agl-fadeCSSLeft is-layout-flow wp-container-core-column-is-layout-081827d2 wp-block-column-is-layout-flow\" style=\"--col-width:58%;padding-top:0;padding-right:0;padding-bottom:0;padding-left:0;flex-basis:58%\">\n<div class=\"wp-block-cover is-style-tw-border-inner hauteur-minimale\" style=\"min-height:100%;aspect-ratio:unset;\"><img loading=\"lazy\" decoding=\"async\" width=\"711\" height=\"650\" sizes=\"auto, (max-width: 799px) 200vw, (max-width: 711px) 100vw, 711px\" class=\"wp-block-cover__image-background wp-image-17006\" alt=\"\" src=\"https:\/\/www.hotelhorsetopera.com\/wp-content\/uploads\/2023\/11\/horset-opera-paris-Reception-office-jpg.webp\" data-object-fit=\"cover\" title=\"\" srcset=\"https:\/\/www.hotelhorsetopera.com\/wp-content\/uploads\/2023\/11\/horset-opera-paris-Reception-office-jpg.webp 711w, https:\/\/www.hotelhorsetopera.com\/wp-content\/uploads\/2023\/11\/horset-opera-paris-Reception-office-300x274.webp 300w\" \/><span aria-hidden=\"true\" class=\"wp-block-cover__background has-background-dim-0 has-background-dim\"><\/span><div class=\"wp-block-cover__inner-container is-layout-flow wp-block-cover-is-layout-flow\">\n<p class=\"has-text-align-center has-large-font-size\"><\/p>\n\n\n\n<div style=\"height:250px\" aria-hidden=\"true\" class=\"wp-block-spacer\"><\/div>\n<\/div><\/div>\n<\/div>\n<\/div>\n\n<hr class=\"wp-block-separator has-text-color has-custom-primary-color has-alpha-channel-opacity has-custom-primary-background-color has-background is-style-wide\" style=\"width: 200px; max-width: 100%;margin-top:var(--wp--preset--spacing--40);margin-bottom:0\"\/>\n\n\n\n<hr class=\"wp-block-separator aligncenter has-text-color has-custom-primary-color has-alpha-channel-opacity has-custom-primary-background-color has-background\" style=\"width: 300px; max-width: 100%;margin-top:5px\"\/>\n\n\n\n<hr class=\"wp-block-separator aligncenter has-text-color has-custom-primary-color has-alpha-channel-opacity has-custom-primary-background-color has-background\" style=\"width: 200px; max-width: 100%;margin-top:5px;margin-bottom:var(--wp--preset--spacing--30)\"\/>\n\n<div class=\"wp-block-columns leconteneur has-custom-contrast-color has-custom-links-beige-background-color has-text-color has-background is-layout-flex wp-container-core-columns-is-layout-1aa88071 wp-block-columns-is-layout-flex\" style=\"border-style:none;border-width:0px;margin-top:0;padding-top:0;padding-right:0;padding-bottom:0;padding-left:0\">\n<div class=\"wp-block-column agl agl-fadeCSSUp is-layout-flow wp-container-core-column-is-layout-081827d2 wp-block-column-is-layout-flow\" style=\"--col-width:45%;padding-top:0;padding-right:0;padding-bottom:0;padding-left:0;flex-basis:45%\">\n<div class=\"wp-block-cover is-style-tw-border-inner\" style=\"min-height:100%;aspect-ratio:unset;\"><img loading=\"lazy\" decoding=\"async\" width=\"552\" height=\"725\" sizes=\"auto, (max-width: 799px) 200vw, (max-width: 552px) 100vw, 552px\" class=\"wp-block-cover__image-background wp-image-16974\" alt=\"\" src=\"https:\/\/www.hotelhorsetopera.com\/wp-content\/uploads\/2023\/11\/horset-opera-paris-Breakfast-jpg.webp\" data-object-fit=\"cover\" title=\"\" srcset=\"https:\/\/www.hotelhorsetopera.com\/wp-content\/uploads\/2023\/11\/horset-opera-paris-Breakfast-jpg.webp 552w, https:\/\/www.hotelhorsetopera.com\/wp-content\/uploads\/2023\/11\/horset-opera-paris-Breakfast-228x300.webp 228w\" \/><span aria-hidden=\"true\" class=\"wp-block-cover__background has-background-dim-0 has-background-dim\"><\/span><div class=\"wp-block-cover__inner-container is-layout-flow wp-block-cover-is-layout-flow\">\n<p class=\"has-text-align-center has-large-font-size\"><\/p>\n\n\n\n<div style=\"height:250px\" aria-hidden=\"true\" class=\"wp-block-spacer\"><\/div>\n<\/div><\/div>\n<\/div>\n\n\n\n<div class=\"wp-block-column agl agl-fadeCSSLeft is-layout-flow wp-container-core-column-is-layout-69fcd244 wp-block-column-is-layout-flow\" style=\"--col-width:55%;padding-top:0;padding-right:0;padding-bottom:0;padding-left:0;flex-basis:55%\">\n<div class=\"wp-block-cover is-light is-style-default\" style=\"padding-top:0;padding-right:0;padding-bottom:0;padding-left:0\"><img loading=\"lazy\" decoding=\"async\" width=\"674\" height=\"725\" sizes=\"auto, (max-width: 799px) 200vw, (max-width: 674px) 100vw, 674px\" class=\"wp-block-cover__image-background wp-image-16966\" alt=\"\" src=\"https:\/\/www.hotelhorsetopera.com\/wp-content\/uploads\/2023\/11\/horset-opera-paris-Breakfast-detail-jpg.webp\" data-object-fit=\"cover\" title=\"\" srcset=\"https:\/\/www.hotelhorsetopera.com\/wp-content\/uploads\/2023\/11\/horset-opera-paris-Breakfast-detail-jpg.webp 674w, https:\/\/www.hotelhorsetopera.com\/wp-content\/uploads\/2023\/11\/horset-opera-paris-Breakfast-detail-279x300.webp 279w\" \/><span aria-hidden=\"true\" class=\"wp-block-cover__background has-custom-background-background-color has-background-dim-80 has-background-dim\"><\/span><div class=\"wp-block-cover__inner-container is-layout-flow wp-block-cover-is-layout-flow\">\n<h1 class=\"wp-block-heading has-text-align-right espace-petit-bas has-custom-rouge-footer-color has-text-color\" style=\"margin-top:var(--wp--preset--spacing--30);margin-right:var(--wp--preset--spacing--30);margin-bottom:0;margin-left:var(--wp--preset--spacing--30);padding-top:0px;padding-right:0px;padding-bottom:0px;padding-left:0px;font-style:normal;font-weight:600\">Caf\u00e9 a manh\u00e3<\/h1>\n\n\n\n<p class=\"has-text-align-justify has-custom-contrast-color has-text-color\" style=\"margin-right:var(--wp--preset--spacing--30);margin-left:var(--wp--preset--spacing--30)\">No Hotel Horset Opera em Paris, acreditamos que deves come\u00e7ar o dia como um rei. O nosso pequeno-almo\u00e7o, servido das 7:00 \u00e0s 10:30, \u00e9 um verdadeiro banquete matinal. Delicia-te com o nosso variado buffet de pequeno-almo\u00e7o, com uma deliciosa sele\u00e7\u00e3o de croissants, pain au chocolat, bolos, salada de fruta fresca, cereais, iogurtes, queijos e uma s\u00e9rie de outras especialidades cuidadosamente selecionadas.  <\/p>\n\n\n\n<p class=\"has-text-align-justify has-custom-contrast-color has-text-color\" style=\"margin-right:var(--wp--preset--spacing--30);margin-left:var(--wp--preset--spacing--30)\">Para aqueles que preferem o conforto do seu quarto, oferecemos uma conveniente op\u00e7\u00e3o de pequeno-almo\u00e7o continental em tabuleiro, das 6h30 \u00e0s 11h. Com um pre\u00e7o de 20 euros por pessoa, o nosso pequeno-almo\u00e7o \u00e9 uma forma deliciosa de come\u00e7ar o teu dia.  <\/p>\n\n\n\n<p class=\"has-text-align-justify has-custom-contrast-color has-text-color\" style=\"margin-right:var(--wp--preset--spacing--30);margin-left:var(--wp--preset--spacing--30)\"><strong>Oferta especial de pequeno-almo\u00e7o de 8 euros!<\/strong><\/p>\n\n\n\n<p class=\"has-text-align-justify has-custom-contrast-color has-text-color\" style=\"margin-right:var(--wp--preset--spacing--30);margin-left:var(--wp--preset--spacing--30)\">Oferecemos o pequeno-almo\u00e7o por 8 euros, em vez de 20 euros, aos nossos h\u00f3spedes que reservaram diretamente atrav\u00e9s do nosso s\u00edtio Web.<\/p>\n\n\n\n<p class=\"has-text-align-justify has-custom-contrast-color has-text-color\" style=\"margin-right:var(--wp--preset--spacing--30);margin-bottom:var(--wp--preset--spacing--30);margin-left:var(--wp--preset--spacing--30)\">Para beneficiar da promo\u00e7\u00e3o, reserva o teu quarto e seleciona esta op\u00e7\u00e3o de pequeno-almo\u00e7o de 8 euros.<\/p>\n<\/div><\/div>\n<\/div>\n<\/div>\n\n<hr class=\"wp-block-separator has-text-color has-custom-primary-color has-alpha-channel-opacity has-custom-primary-background-color has-background is-style-wide\" style=\"width: 200px; max-width: 100%;margin-top:var(--wp--preset--spacing--40);margin-bottom:0\"\/>\n\n\n\n<hr class=\"wp-block-separator aligncenter has-text-color has-custom-primary-color has-alpha-channel-opacity has-custom-primary-background-color has-background\" style=\"width: 300px; max-width: 100%;margin-top:5px\"\/>\n\n\n\n<hr class=\"wp-block-separator aligncenter has-text-color has-custom-primary-color has-alpha-channel-opacity has-custom-primary-background-color has-background\" style=\"width: 200px; max-width: 100%;margin-top:5px;margin-bottom:var(--wp--preset--spacing--30)\"\/>\n\n<div class=\"wp-block-columns leconteneur agl agl-fadeCSSundefined has-custom-contrast-color has-custom-links-beige-background-color has-text-color has-background is-layout-flex wp-container-core-columns-is-layout-a807a079 wp-block-columns-is-layout-flex\" style=\"border-style:none;border-width:0px;border-radius:0px;margin-top:0;margin-bottom:0;padding-top:0;padding-right:0;padding-bottom:0;padding-left:0\">\n<div class=\"wp-block-column agl agl-fadeCSSRight is-layout-flow wp-container-core-column-is-layout-69fcd244 wp-block-column-is-layout-flow\" style=\"--col-width:35%;padding-top:0;padding-right:0;padding-bottom:0;padding-left:0;flex-basis:35%\">\n<div class=\"wp-block-cover is-light is-style-default\" style=\"padding-top:0;padding-right:0;padding-bottom:0;padding-left:0;min-height:100%;aspect-ratio:unset;\"><img loading=\"lazy\" decoding=\"async\" width=\"429\" height=\"597\" sizes=\"auto, (max-width: 799px) 200vw, (max-width: 429px) 100vw, 429px\" class=\"wp-block-cover__image-background wp-image-16950\" alt=\"\" src=\"https:\/\/www.hotelhorsetopera.com\/wp-content\/uploads\/2023\/11\/horset-opera-paris-Bar-detail.jpg\" data-object-fit=\"cover\" title=\"\" srcset=\"https:\/\/www.hotelhorsetopera.com\/wp-content\/uploads\/2023\/11\/horset-opera-paris-Bar-detail.jpg 429w, https:\/\/www.hotelhorsetopera.com\/wp-content\/uploads\/2023\/11\/horset-opera-paris-Bar-detail-216x300.webp 216w\" \/><span aria-hidden=\"true\" class=\"wp-block-cover__background has-custom-background-background-color has-background-dim-80 has-background-dim\"><\/span><div class=\"wp-block-cover__inner-container is-layout-flow wp-block-cover-is-layout-flow\">\n<h1 class=\"wp-block-heading espace-petit-bas has-custom-rouge-footer-color has-text-color\" style=\"margin-top:var(--wp--preset--spacing--30);margin-right:0;margin-bottom:0;margin-left:var(--wp--preset--spacing--30);padding-top:0px;padding-right:0px;padding-bottom:0px;padding-left:0px;font-style:normal;font-weight:600\">Bar<\/h1>\n\n\n\n<p class=\"has-text-align-justify has-custom-contrast-color has-text-color has-medium-font-size\" style=\"margin-right:var(--wp--preset--spacing--30);margin-left:var(--wp--preset--spacing--30)\">No Hotel Horset Op\u00e9ra em Paris, nosso bar e servi\u00e7o de quarto oferecem uma experi\u00eancia culin\u00e1ria deliciosa. <\/p>\n\n\n\n<p class=\"has-text-align-justify has-custom-contrast-color has-text-color has-medium-font-size\" style=\"margin-right:var(--wp--preset--spacing--30);margin-left:var(--wp--preset--spacing--30)\">O bar \u00e9 um ref\u00fagio acolhedor, perfeito para saborear um cocktail bem elaborado ou apreciar um copo de vinho fino. Se preferires jantar no conforto do teu quarto, o nosso servi\u00e7o de quartos est\u00e1 ao teu dispor, oferecendo uma variedade de pratos deliciosos entregues diretamente \u00e0 tua porta. <\/p>\n\n\n\n<p class=\"has-text-align-justify has-custom-contrast-color has-text-color has-medium-font-size\" style=\"margin-right:var(--wp--preset--spacing--30);margin-left:var(--wp--preset--spacing--30)\">\u00c9 tudo uma quest\u00e3o de indulg\u00eancia e conveni\u00eancia, garantindo uma estadia memor\u00e1vel no cora\u00e7\u00e3o de Paris.<\/p>\n<\/div><\/div>\n\n\n\n<div style=\"height:15px\" aria-hidden=\"true\" class=\"wp-block-spacer\"><\/div>\n<\/div>\n\n\n\n<div class=\"wp-block-column agl agl-fadeCSSLeft is-layout-flow wp-container-core-column-is-layout-081827d2 wp-block-column-is-layout-flow\" style=\"--col-width:65%;padding-top:0;padding-right:0;padding-bottom:0;padding-left:0;flex-basis:65%\">\n<div class=\"wp-block-cover is-light is-style-tw-border-inner\" style=\"min-height:100%;aspect-ratio:unset;\"><img loading=\"lazy\" decoding=\"async\" width=\"796\" height=\"597\" sizes=\"auto, (max-width: 799px) 200vw, (max-width: 796px) 100vw, 796px\" class=\"wp-block-cover__image-background wp-image-16958\" alt=\"\" src=\"https:\/\/www.hotelhorsetopera.com\/wp-content\/uploads\/2023\/11\/horset-opera-paris-Bar-jpg.webp\" data-object-fit=\"cover\" title=\"\" srcset=\"https:\/\/www.hotelhorsetopera.com\/wp-content\/uploads\/2023\/11\/horset-opera-paris-Bar-jpg.webp 796w, https:\/\/www.hotelhorsetopera.com\/wp-content\/uploads\/2023\/11\/horset-opera-paris-Bar-300x225.webp 300w, https:\/\/www.hotelhorsetopera.com\/wp-content\/uploads\/2023\/11\/horset-opera-paris-Bar-768x576.webp 768w\" \/><span aria-hidden=\"true\" class=\"wp-block-cover__background has-background-dim-0 has-background-dim\"><\/span><div class=\"wp-block-cover__inner-container is-layout-flow wp-block-cover-is-layout-flow\">\n<p class=\"has-text-align-center has-large-font-size\"><\/p>\n\n\n\n<div style=\"height:250px\" aria-hidden=\"true\" class=\"wp-block-spacer\"><\/div>\n<\/div><\/div>\n<\/div>\n<\/div>\n\n<hr class=\"wp-block-separator has-text-color has-custom-primary-color has-alpha-channel-opacity has-custom-primary-background-color has-background is-style-wide\" style=\"width: 200px; max-width: 100%;margin-top:var(--wp--preset--spacing--40);margin-bottom:0\"\/>\n\n\n\n<hr class=\"wp-block-separator aligncenter has-text-color has-custom-primary-color has-alpha-channel-opacity has-custom-primary-background-color has-background\" style=\"width: 300px; max-width: 100%;margin-top:5px\"\/>\n\n\n\n<hr class=\"wp-block-separator aligncenter has-text-color has-custom-primary-color has-alpha-channel-opacity has-custom-primary-background-color has-background\" style=\"width: 200px; max-width: 100%;margin-top:5px;margin-bottom:var(--wp--preset--spacing--30)\"\/>\n\n<div class=\"wp-block-columns leconteneur has-custom-contrast-color has-custom-links-beige-background-color has-text-color has-background is-layout-flex wp-container-core-columns-is-layout-1aa88071 wp-block-columns-is-layout-flex\" style=\"border-style:none;border-width:0px;margin-top:0;padding-top:0;padding-right:0;padding-bottom:0;padding-left:0\">\n<div class=\"wp-block-column agl agl-fadeCSSUp is-layout-flow wp-container-core-column-is-layout-081827d2 wp-block-column-is-layout-flow\" style=\"--col-width:45%;padding-top:0;padding-right:0;padding-bottom:0;padding-left:0;flex-basis:45%\">\n<div class=\"wp-block-cover is-light is-style-tw-border-inner\" style=\"min-height:100%;aspect-ratio:unset;\"><img loading=\"lazy\" decoding=\"async\" width=\"552\" height=\"473\" sizes=\"auto, (max-width: 799px) 200vw, (max-width: 552px) 100vw, 552px\" class=\"wp-block-cover__image-background wp-image-16990\" alt=\"\" src=\"https:\/\/www.hotelhorsetopera.com\/wp-content\/uploads\/2023\/11\/horset-opera-paris-Lounge-jpg.webp\" data-object-fit=\"cover\" title=\"\" srcset=\"https:\/\/www.hotelhorsetopera.com\/wp-content\/uploads\/2023\/11\/horset-opera-paris-Lounge-jpg.webp 552w, https:\/\/www.hotelhorsetopera.com\/wp-content\/uploads\/2023\/11\/horset-opera-paris-Lounge-300x257.webp 300w\" \/><span aria-hidden=\"true\" class=\"wp-block-cover__background has-background-dim-0 has-background-dim\"><\/span><div class=\"wp-block-cover__inner-container is-layout-flow wp-block-cover-is-layout-flow\">\n<div style=\"height:250px\" aria-hidden=\"true\" class=\"wp-block-spacer\"><\/div>\n\n\n\n<p class=\"has-text-align-center has-large-font-size\"><\/p>\n<\/div><\/div>\n<\/div>\n\n\n\n<div class=\"wp-block-column agl agl-fadeCSSLeft is-layout-flow wp-container-core-column-is-layout-69fcd244 wp-block-column-is-layout-flow\" style=\"--col-width:55%;padding-top:0;padding-right:0;padding-bottom:0;padding-left:0;flex-basis:55%\">\n<div class=\"wp-block-cover is-light is-style-default\" style=\"padding-top:0;padding-right:0;padding-bottom:0;padding-left:0\"><img loading=\"lazy\" decoding=\"async\" width=\"674\" height=\"473\" sizes=\"auto, (max-width: 799px) 200vw, (max-width: 674px) 100vw, 674px\" class=\"wp-block-cover__image-background wp-image-16982\" alt=\"\" src=\"https:\/\/www.hotelhorsetopera.com\/wp-content\/uploads\/2023\/11\/horset-opera-paris-Lounge-detail.jpg\" data-object-fit=\"cover\" title=\"\" srcset=\"https:\/\/www.hotelhorsetopera.com\/wp-content\/uploads\/2023\/11\/horset-opera-paris-Lounge-detail.jpg 674w, https:\/\/www.hotelhorsetopera.com\/wp-content\/uploads\/2023\/11\/horset-opera-paris-Lounge-detail-300x211.webp 300w\" \/><span aria-hidden=\"true\" class=\"wp-block-cover__background has-custom-background-background-color has-background-dim-80 has-background-dim\"><\/span><div class=\"wp-block-cover__inner-container is-layout-flow wp-block-cover-is-layout-flow\">\n<h1 class=\"wp-block-heading has-text-align-right espace-petit-bas has-custom-rouge-footer-color has-text-color\" style=\"margin-top:var(--wp--preset--spacing--30);margin-right:var(--wp--preset--spacing--30);margin-bottom:0;margin-left:var(--wp--preset--spacing--30);padding-top:0px;padding-right:0px;padding-bottom:0px;padding-left:0px;font-style:normal;font-weight:600\">Sal\u00e3o<\/h1>\n\n\n\n<p class=\"has-text-align-justify agl agl-fadeCSSundefined has-custom-contrast-color has-text-color has-medium-font-size\" style=\"margin-right:var(--wp--preset--spacing--30);margin-bottom:var(--wp--preset--spacing--30);margin-left:var(--wp--preset--spacing--30)\">A \u00e1rea de lounge do Hotel Horset Op\u00e9ra em Paris exala um ambiente convidativo, proporcionando uma mistura perfeita de relaxamento e estilo. Decorado com mobili\u00e1rio elegante e uma atmosfera acolhedora, \u00e9 o local ideal para descontrair, socializar ou mesmo p\u00f4r o trabalho em dia.  <\/p>\n\n\n\n<p class=\"has-text-align-justify agl agl-fadeCSSundefined has-custom-contrast-color has-text-color has-medium-font-size\" style=\"margin-right:var(--wp--preset--spacing--30);margin-bottom:var(--wp--preset--spacing--30);margin-left:var(--wp--preset--spacing--30)\">Seja para tomar um caf\u00e9 ou um coquetel, esse espa\u00e7o confort\u00e1vel atende a v\u00e1rias necessidades. A \u00e1rea de lounge do Horset Op\u00e9ra \u00e9 seu ref\u00fagio tranquilo no cora\u00e7\u00e3o de Paris, garantindo uma estadia agrad\u00e1vel. <\/p>\n\n\n\n<p class=\"has-text-align-justify agl agl-fadeCSSundefined has-custom-contrast-color has-text-color has-link-color has-medium-font-size wp-elements-ebf4d9a12df93a4062fba4c2601e5ee6\" style=\"margin-right:var(--wp--preset--spacing--30);margin-bottom:var(--wp--preset--spacing--30);margin-left:var(--wp--preset--spacing--30)\"><strong>Espa\u00e7o de coworking :<br\/><\/strong>Para reservar seu espa\u00e7o, visite este site <a href=\"https:\/\/mywo.fr\/etablissements\/mywo-paris-opera-quatre-septembre\" target=\"_blank\" rel=\"noopener\">https:\/\/mywo.fr\/etablissements\/mywo-paris-opera-quatre-septembre<\/a><\/p>\n\n\n\n<p class=\"has-text-align-justify agl agl-fadeCSSundefined has-custom-contrast-color has-text-color has-medium-font-size\" style=\"margin-right:var(--wp--preset--spacing--30);margin-bottom:var(--wp--preset--spacing--30);margin-left:var(--wp--preset--spacing--30)\"><\/p>\n\n\n\n<p class=\"has-text-align-justify agl agl-fadeCSSundefined has-custom-contrast-color has-text-color has-medium-font-size\" style=\"margin-right:var(--wp--preset--spacing--30);margin-bottom:var(--wp--preset--spacing--30);margin-left:var(--wp--preset--spacing--30)\"><\/p>\n<\/div><\/div>\n<\/div>\n<\/div>\n\n<div style=\"height:20px\" aria-hidden=\"true\" class=\"wp-block-spacer\"><\/div>\n","protected":false},"excerpt":{"rendered":"","protected":false},"author":1,"featured_media":16924,"parent":0,"menu_order":0,"comment_status":"closed","ping_status":"closed","template":"wp-custom-template-le-template-des-pages-2023","meta":{"footnotes":""},"class_list":["post-8341","page","type-page","status-publish","has-post-thumbnail","hentry"],"_links":{"self":[{"href":"https:\/\/www.hotelhorsetopera.com\/pt-pt\/wp-json\/wp\/v2\/pages\/8341","targetHints":{"allow":["GET"]}}],"collection":[{"href":"https:\/\/www.hotelhorsetopera.com\/pt-pt\/wp-json\/wp\/v2\/pages"}],"about":[{"href":"https:\/\/www.hotelhorsetopera.com\/pt-pt\/wp-json\/wp\/v2\/types\/page"}],"author":[{"embeddable":true,"href":"https:\/\/www.hotelhorsetopera.com\/pt-pt\/wp-json\/wp\/v2\/users\/1"}],"replies":[{"embeddable":true,"href":"https:\/\/www.hotelhorsetopera.com\/pt-pt\/wp-json\/wp\/v2\/comments?post=8341"}],"version-history":[{"count":5,"href":"https:\/\/www.hotelhorsetopera.com\/pt-pt\/wp-json\/wp\/v2\/pages\/8341\/revisions"}],"predecessor-version":[{"id":21151,"href":"https:\/\/www.hotelhorsetopera.com\/pt-pt\/wp-json\/wp\/v2\/pages\/8341\/revisions\/21151"}],"wp:featuredmedia":[{"embeddable":true,"href":"https:\/\/www.hotelhorsetopera.com\/pt-pt\/wp-json\/wp\/v2\/media\/16924"}],"wp:attachment":[{"href":"https:\/\/www.hotelhorsetopera.com\/pt-pt\/wp-json\/wp\/v2\/media?parent=8341"}],"curies":[{"name":"wp","href":"https:\/\/api.w.org\/{rel}","templated":true}]}}