{"id":8345,"date":"2023-05-29T22:40:22","date_gmt":"2023-05-29T20:40:22","guid":{"rendered":"http:\/\/www.laperle.tess5418.odns.fr\/mapa-e-acesso\/"},"modified":"2025-03-11T15:34:58","modified_gmt":"2025-03-11T14:34:58","slug":"mapa-e-acesso","status":"publish","type":"page","link":"https:\/\/www.hotelhorsetopera.com\/pt-pt\/mapa-e-acesso\/","title":{"rendered":"Mapa e acesso"},"content":{"rendered":"\n<h2 class=\"wp-block-heading\">Localizar o hotel<\/h2>\n\n<p class=\"has-custom-contrast-color has-text-color has-link-color wp-elements-b8653b8b2555535c704628c1e9be58ec\">Descubra o ambiente vibrante do Hotel Horset Op\u00e9ra, no cora\u00e7\u00e3o de Paris. N\u00e3o perca a oportunidade de consultar nossa equipe de recep\u00e7\u00e3o para obter dicas e recomenda\u00e7\u00f5es valiosas para aprimorar sua explora\u00e7\u00e3o parisiense.  <a href=\"\/en\/?page_id=980\">Explore pontos de refer\u00eancia ic\u00f4nicos, boutiques da moda e pontos culturais a poucos minutos da nossa porta<\/a><\/p>\n\n<p class=\"has-text-align-justify has-link-color wp-elements-165ad12ad79783c67fab76c98e41b2c2\"><\/p>\n<style type=\"text\/css\" id=\"gmpMapStyles_1_56473\">\r\n\t#google_map_easy_1_56473 {\r\n        width: 100%;\r\n        height: 550px;\r\n\t\t\t\t\t\t    }\r\n\t#gmapControlsNum_1_56473 {\r\n\t\twidth:100%\t}\r\n\t.gmpMapDetailsContainer#gmpMapDetailsContainer_1_56473 {\r\n\t\theight:550px;\r\n\t}\r\n\t.gmp_MapPreview#google_map_easy_1_56473 {\r\n\t\t\/*position:absolute;*\/\r\n\t\twidth: 100%;\r\n\t}\r\n\t#mapConElem_1_56473{\r\n\t\twidth: 100%\t}\r\n    .gm-style .gm-style-iw-c{\r\n        padding: 12px!important;\r\n    }\r\n\t    <\/style>\r\n <div class=\"gmp_map_opts\" id=\"mapConElem_1_56473\" data-id=\"1\" data-view-id=\"1_56473\" > <div class=\"gmpMapDetailsContainer\" id=\"gmpMapDetailsContainer_1_56473\"> <i class=\"gmpKMLLayersPreloader fa fa-spinner fa-spin\" aria-hidden=\"true\" style=\"display: none;\"><\/i> <div class=\"gmp_MapPreview \" id=\"google_map_easy_1_56473\"><\/div> <\/div> <div class=\"gmpMapMarkerFilters\" id=\"gmpMapMarkerFilters_1_56473\"> <\/div> <div class=\"gmpMapProControlsCon\" id=\"gmpMapProControlsCon_1_56473\"> <a title=\"WP Google Maps\" style=\"display:none;\" href=\"https:\/\/supsystic.com\/plugins\/google-maps-plugin\/?utm_medium=love_link_hide\" target=\"_blank\" rel=\"noopener\">WP Google Maps<\/a><div style=\"clear: both;\"><\/div> <\/div> <div class=\"gmpMapProDirectionsCon\" id=\"gmpMapProDirectionsCon_1_56473\" > <\/div> <div class=\"gmpMapProKmlFilterCon\" id=\"gmpMapProKmlFilterCon_1_56473\" > <\/div> <div class=\"gmpSocialSharingShell gmpSocialSharingShell_1_56473\"> <\/div> <div style=\"clear: both;\"><\/div> <\/div> \n\n<hr class=\"wp-block-separator has-text-color has-custom-primary-color has-alpha-channel-opacity has-custom-primary-background-color has-background is-style-wide\" style=\"width: 200px; max-width: 100%;margin-top:var(--wp--preset--spacing--40);margin-bottom:0\"\/>\n\n\n\n<hr class=\"wp-block-separator aligncenter has-text-color has-custom-primary-color has-alpha-channel-opacity has-custom-primary-background-color has-background\" style=\"width: 300px; max-width: 100%;margin-top:5px\"\/>\n\n\n\n<hr class=\"wp-block-separator aligncenter has-text-color has-custom-primary-color has-alpha-channel-opacity has-custom-primary-background-color has-background\" style=\"width: 200px; max-width: 100%;margin-top:5px;margin-bottom:var(--wp--preset--spacing--30)\"\/>\n\n<h2 class=\"wp-block-heading\">Como chegar ao hotel<\/h2>\n\n<p class=\"has-large-font-size\"><strong>Dos aeroportos de Paris<\/strong><\/p>\n\n<ul class=\"wp-block-list\">\n<li><strong>Aeroporto Charles de Gaulle (CDG)<\/strong><\/li>\n<\/ul>\n\n<p class=\"has-text-align-justify\" style=\"margin-top:0;margin-right:0;margin-bottom:0;margin-left:0;padding-top:0;padding-right:0;padding-bottom:0;padding-left:0\"><strong>De t\u00e1xi:<\/strong> Cerca de 1 hora &#8211; O pre\u00e7o de um t\u00e1xi comum pego em um ponto de t\u00e1xi \u00e9 fixo e custa 56 euros com bagagem inclu\u00edda. Tome cuidado com o falso motorista de t\u00e1xi e confirme com ele a tarifa antes de entrar no carro. <\/p>\n\n<p class=\"has-text-align-justify\" style=\"margin-top:0;margin-right:0;margin-bottom:0;margin-left:0\">Tamb\u00e9m podemos providenciar um traslado para voc\u00ea no aeroporto, pois trabalhamos com v\u00e1rias empresas. Esse servi\u00e7o \u00e9 mais caro, pois o motorista precisa estacionar e esperar por voc\u00ea. Ele o ajudar\u00e1 com a bagagem e o aguardar\u00e1 ap\u00f3s a alf\u00e2ndega com uma placa em seu nome.   A tarifa para 2 pessoas \u00e9 de aproximadamente 70 euros.<\/p>\n\n<p class=\"has-text-align-justify\" style=\"margin-top:0;margin-right:0;margin-bottom:0;margin-left:0;padding-top:0;padding-right:0;padding-bottom:0;padding-left:0\">O traslado do hotel para o aeroporto \u00e9 mais barato, pois o motorista n\u00e3o precisa estacionar e esperar por voc\u00ea. <\/p>\n\n<p class=\"has-text-align-justify\" style=\"margin-top:0;margin-right:0;margin-bottom:0;margin-left:0;padding-top:0;padding-right:0;padding-bottom:0;padding-left:0\"><strong>De trem:<\/strong> Cerca de 1 hora \u2013 Voc\u00ea tamb\u00e9m pode pegar o trem RER B no aeroporto at\u00e9 a esta\u00e7\u00e3o Chatelet Les Halles, e depois a linha 7 do metr\u00f4 e parar na Op\u00e9ra (a 220 metros do hotel).<\/p>\n\n<ul class=\"wp-block-list\">\n<li><strong>Aeroporto ORLY (ORY)<\/strong><\/li>\n<\/ul>\n\n<p class=\"has-text-align-justify\" style=\"margin-top:0;margin-right:0;margin-bottom:0;margin-left:0\"><strong><strong>De t\u00e1xi:<\/strong><\/strong> Cerca de 50 minutos &#8211; O pre\u00e7o de um t\u00e1xi comum pego em um ponto de t\u00e1xi \u00e9 fixo e custa 45 euros com bagagem inclu\u00edda. Tome cuidado com o falso motorista de t\u00e1xi e confirme com ele a tarifa antes de entrar no carro. <\/p>\n\n<p class=\"has-text-align-justify\" style=\"margin-top:0;margin-right:0;margin-bottom:0;margin-left:0;padding-top:0;padding-right:0;padding-bottom:0;padding-left:0\">Tamb\u00e9m podemos providenciar um traslado para voc\u00ea no aeroporto, pois trabalhamos com v\u00e1rias empresas. Esse servi\u00e7o \u00e9 mais caro, pois o motorista precisa estacionar e esperar por voc\u00ea. Ele o ajudar\u00e1 com a bagagem e o aguardar\u00e1 ap\u00f3s a alf\u00e2ndega com uma placa em seu nome.   Taxa sob demanda<\/p>\n\n<p class=\"has-text-align-justify\" style=\"margin-top:0;margin-right:0;margin-bottom:0;margin-left:0;padding-top:0;padding-right:0;padding-bottom:0;padding-left:0\">O traslado do hotel para o aeroporto \u00e9 mais barato, pois o motorista n\u00e3o precisa estacionar e esperar por voc\u00ea. <\/p>\n\n<p style=\"margin-top:0;margin-bottom:0;padding-top:0;padding-bottom:0\"><strong>De \u00f4nibus:<\/strong> cerca de 1 hora &#8211; Pegue o Roissybus no cruzamento da Rue Scribe com a Rue Auber, a cerca de 7 minutos a p\u00e9 do hotel. O Roissybus \u00e9 direto para o Aeroporto Charles de Gaulle. <\/p>\n\n<p class=\"has-text-align-justify\" style=\"margin-top:0;margin-right:0;margin-bottom:0;margin-left:0;padding-top:0;padding-right:0;padding-bottom:0;padding-left:0\"><strong>De trem<\/strong>: Cerca de 1 hora \u2013 Voc\u00ea teria que trocar duas vezes: Pegue o Orlyval no aeroporto e pare em Anthony. Depois mude para o RER B e des\u00e7a na esta\u00e7\u00e3o \u201cChatelet Les Halles\u201d. A\u00ed troque para o RER A e des\u00e7a na esta\u00e7\u00e3o \u201cAuber\u201d (550 metros do hotel).  <\/p>\n\n<p class=\"has-text-align-justify has-large-font-size\"><strong>Das esta\u00e7\u00f5es de trem parisienses<\/strong><\/p>\n\n<ul class=\"wp-block-list\">\n<li><strong>Gare du Nord <\/strong><\/li>\n<\/ul>\n\n<p class=\"has-text-align-justify\" style=\"margin-top:0;margin-right:0;margin-bottom:0;margin-left:0\"><strong>Por t\u00e1xi :<\/strong> Dependendo do tr\u00e2nsito, o tempo de viagem de t\u00e1xi \u00e9 de cerca de 20 minutos<\/p>\n\n<p class=\"has-text-align-justify\" style=\"margin-top:0;margin-right:0;margin-bottom:0;margin-left:0\"><strong>De metro:<\/strong> Cerca de 20 minutos \u2013 Da esta\u00e7\u00e3o Gare du Nord, apanhe a linha 4 do metro e des\u00e7a na esta\u00e7\u00e3o \u201cR\u00e9aumur S\u00e9bastopol\u201d e depois mude para a linha 3 do metro e des\u00e7a na esta\u00e7\u00e3o \u201cQuatre Septembre\u201d (300 metros do hotel) .<\/p>\n\n<ul class=\"wp-block-list\">\n<li><strong>Gare Montparnasse<\/strong><\/li>\n<\/ul>\n\n<p class=\"has-text-align-justify\" style=\"margin-top:0;margin-right:0;margin-bottom:0;margin-left:0\"><strong>Por t\u00e1xi :<\/strong> Dependendo do tr\u00e2nsito, o tempo de viagem de t\u00e1xi \u00e9 de cerca de 20 minutos<\/p>\n\n<p class=\"has-text-align-justify\" style=\"margin-top:0;margin-right:0;margin-bottom:0;margin-left:0\"><strong>De metro:<\/strong> Cerca de 20 minutos \u2013 Da esta\u00e7\u00e3o \u201cMontparnasse Bienvenue\u201d, apanhe a linha 13 do metro e des\u00e7a na esta\u00e7\u00e3o \u201cInvalides\u201d, depois apanhe a linha 8 do metro e des\u00e7a na esta\u00e7\u00e3o \u201cOp\u00e9ra\u201d (300 metros do hotel).<\/p>\n\n<ul class=\"wp-block-list\">\n<li><strong>Gare de Lyon<\/strong><\/li>\n<\/ul>\n\n<p class=\"has-text-align-justify\" style=\"margin-top:0;margin-right:0;margin-bottom:0;margin-left:0\"><strong>Por t\u00e1xi :<\/strong> Dependendo do tr\u00e2nsito, o tempo de viagem de t\u00e1xi \u00e9 de cerca de 20 minutos<\/p>\n\n<p class=\"has-text-align-justify\" style=\"margin-top:0;margin-right:0;margin-bottom:0;margin-left:0\"><strong>De metro:<\/strong> Cerca de 15 minutos \u2013 Da esta\u00e7\u00e3o \u201cGare de Lyon\u201d, apanhe a linha 14 do metro e pare na esta\u00e7\u00e3o \u201cPyramides\u201d (a 450 metros do hotel)<\/p>\n\n<p class=\"has-text-align-justify has-large-font-size\"><strong>Das esta\u00e7\u00f5es de metr\u00f4 de Paris<\/strong><\/p>\n\n<ul class=\"wp-block-list\">\n<li>&#8220;<strong>Op\u00e9ra&#8221; station<\/strong><\/li>\n<\/ul>\n\n<p class=\"has-text-align-justify\" style=\"margin-top:0;margin-right:0;margin-bottom:0;margin-left:0\"><strong>A p\u00e9:<\/strong> 280 metros &#8211; 4 minutos &#8211; Da esta\u00e7\u00e3o de metr\u00f4 \u201cOp\u00e9ra\u201d, caminhe para o sul na Place de l&#8217;Op\u00e9ra por aproximadamente 70 metros. Vire \u00e0 esquerda na Rue du 4 septembre por 110 metros, vire \u00e0 direita na Rue du Port-Mahon, caminhe por 70 metros e vire \u00e0 direita na Rue d&#8217;Antin e caminhe por 40 metros, voc\u00ea encontrar\u00e1 o Hotel Horset Op\u00e9ra \u00e0 sua esquerda.<\/p>\n\n<ul class=\"wp-block-list\">\n<li>&#8220;<strong>Quatre Septembre&#8221; station<\/strong><\/li>\n<\/ul>\n\n<p class=\"has-text-align-justify\" style=\"margin-top:0;margin-right:0;margin-bottom:0;margin-left:0\"><strong>A p\u00e9:<\/strong> 250 metros &#8211; 3 minutos &#8211; Da esta\u00e7\u00e3o de metr\u00f4 \u201cQuatre-septembre\u201d, caminhe para oeste na Rue du 4 septembre por aproximadamente 150 metros. Vire \u00e0 esquerda na Rue de Port-Mahon, caminhe por 70 metros e vire \u00e0 direita na Rue d&#8217;Antin e caminhe por 40 metros, voc\u00ea encontrar\u00e1 o Hotel Horset Op\u00e9ra \u00e0 sua esquerda.<\/p>\n\n<ul class=\"wp-block-list\">\n<li>&#8220;<strong>Auber&#8221; station<\/strong><\/li>\n<\/ul>\n\n<p class=\"has-text-align-justify\" style=\"margin-top:0;margin-right:0;margin-bottom:0;margin-left:0\"><strong>A p\u00e9: <\/strong>550 metros &#8211; 8 minutos &#8211; Da esta\u00e7\u00e3o RER \u201cAuber\u201d, caminhe para o sudeste na Rue Auber por aproximadamente 230 metros. Em seguida, caminhe para o sul na Place de l&#8217;Op\u00e9ra por aproximadamente 70 metros. Vire \u00e0 esquerda na Rue du 4 septembre por 110 metros, vire \u00e0 direita na Rue du Port-Mahon, caminhe 70 metros e vire \u00e0 direita na Rue d&#8217;Antin e caminhe por 40 metros, voc\u00ea encontrar\u00e1 o Hotel Horset Op\u00e9ra \u00e0 sua esquerda.<\/p>\n","protected":false},"excerpt":{"rendered":"<p>Localizar o hotel Descubra o ambiente vibrante do Hotel Horset Op\u00e9ra, no cora\u00e7\u00e3o de Paris. N\u00e3o perca a oportunidade de consultar nossa equipe de recep\u00e7\u00e3o para obter dicas e recomenda\u00e7\u00f5es valiosas para aprimorar sua explora\u00e7\u00e3o parisiense. Explore pontos de refer\u00eancia ic\u00f4nicos, boutiques da moda e pontos culturais a poucos minutos da nossa porta Como chegar [&hellip;]<\/p>\n","protected":false},"author":2,"featured_media":17415,"parent":0,"menu_order":0,"comment_status":"closed","ping_status":"closed","template":"wp-custom-template-le-template-des-pages-2023","meta":{"footnotes":""},"class_list":["post-8345","page","type-page","status-publish","has-post-thumbnail","hentry"],"_links":{"self":[{"href":"https:\/\/www.hotelhorsetopera.com\/pt-pt\/wp-json\/wp\/v2\/pages\/8345","targetHints":{"allow":["GET"]}}],"collection":[{"href":"https:\/\/www.hotelhorsetopera.com\/pt-pt\/wp-json\/wp\/v2\/pages"}],"about":[{"href":"https:\/\/www.hotelhorsetopera.com\/pt-pt\/wp-json\/wp\/v2\/types\/page"}],"author":[{"embeddable":true,"href":"https:\/\/www.hotelhorsetopera.com\/pt-pt\/wp-json\/wp\/v2\/users\/2"}],"replies":[{"embeddable":true,"href":"https:\/\/www.hotelhorsetopera.com\/pt-pt\/wp-json\/wp\/v2\/comments?post=8345"}],"version-history":[{"count":2,"href":"https:\/\/www.hotelhorsetopera.com\/pt-pt\/wp-json\/wp\/v2\/pages\/8345\/revisions"}],"predecessor-version":[{"id":20842,"href":"https:\/\/www.hotelhorsetopera.com\/pt-pt\/wp-json\/wp\/v2\/pages\/8345\/revisions\/20842"}],"wp:featuredmedia":[{"embeddable":true,"href":"https:\/\/www.hotelhorsetopera.com\/pt-pt\/wp-json\/wp\/v2\/media\/17415"}],"wp:attachment":[{"href":"https:\/\/www.hotelhorsetopera.com\/pt-pt\/wp-json\/wp\/v2\/media?parent=8345"}],"curies":[{"name":"wp","href":"https:\/\/api.w.org\/{rel}","templated":true}]}}